{"id":285,"date":"2025-12-01T08:32:30","date_gmt":"2025-12-01T11:32:30","guid":{"rendered":"https:\/\/oresteberta.com\/?page_id=285"},"modified":"2026-03-08T15:24:27","modified_gmt":"2026-03-08T18:24:27","slug":"tienda","status":"publish","type":"page","link":"https:\/\/oresteberta.com\/en\/tienda\/","title":{"rendered":"Tienda"},"content":{"rendered":"<p>[et_pb_section fb_built=&#8221;1&#8243; inner_shadow=&#8221;on&#8221; custom_padding_last_edited=&#8221;on|phone&#8221; _builder_version=&#8221;4.27.4&#8243; _module_preset=&#8221;default&#8221; use_background_color_gradient=&#8221;on&#8221; background_color_gradient_stops=&#8221;rgba(22,22,22,0.68) 19%|rgba(10,10,10,0) 100%&#8221; background_image=&#8221;https:\/\/oresteberta.com\/wp-content\/uploads\/2025\/12\/herders-stores-Berta.jpg&#8221; background_position=&#8221;bottom_center&#8221; background_blend=&#8221;color-burn&#8221; custom_padding=&#8221;153px||258px||false|false&#8221; custom_padding_tablet=&#8221;251px||259px||false|false&#8221; custom_padding_phone=&#8221;180px||180px||false|false&#8221; scroll_scaling=&#8221;0|50|50|100|100%|102%|107%&#8221; global_colors_info=&#8221;{}&#8221;][et_pb_row _builder_version=&#8221;4.27.4&#8243; _module_preset=&#8221;default&#8221; global_colors_info=&#8221;{}&#8221;][et_pb_column type=&#8221;4_4&#8243; _builder_version=&#8221;4.27.4&#8243; _module_preset=&#8221;default&#8221; global_colors_info=&#8221;{}&#8221;][et_pb_text _builder_version=&#8221;4.27.4&#8243; _module_preset=&#8221;default&#8221; header_font=&#8221;|600|||||||&#8221; header_4_font=&#8221;|600||on|||||&#8221; header_4_text_align=&#8221;center&#8221; header_4_text_color=&#8221;#FFFFFF&#8221; global_colors_info=&#8221;{}&#8221;]<\/p>\n<h4>\u00bfQu\u00e9 producto busc\u00e1s?<\/h4>\n<p>[\/et_pb_text][et_pb_code _builder_version=&#8221;4.27.5&#8243; _module_preset=&#8221;default&#8221; text_orientation=&#8221;center&#8221; global_colors_info=&#8221;{}&#8221;]<\/p>\n<div class=\"berta-woo-search-container\"><!-- [et_pb_line_break_holder] -->    <\/p>\n<form role=\"search\" method=\"get\" class=\"berta-product-search\" action=\"\/en\/\" data-trp-original-action=\"\/\"><!-- [et_pb_line_break_holder] -->        <!-- [et_pb_line_break_holder] -->        <input type=\"search\" class=\"berta-search-field\" placeholder=\"\u00bfQu\u00e9 producto busc\u00e1s?\" value=\"\" name=\"s\" \/><!-- [et_pb_line_break_holder] -->        <!-- [et_pb_line_break_holder] -->        <input type=\"hidden\" name=\"post_type\" value=\"product\" \/><!-- [et_pb_line_break_holder] -->        <!-- [et_pb_line_break_holder] -->        <button type=\"submit\" class=\"berta-search-submit\">Buscar<\/button><!-- [et_pb_line_break_holder] -->    <input type=\"hidden\" name=\"trp-form-language\" value=\"en\"\/><\/form>\n<p><!-- [et_pb_line_break_holder] --><\/div>\n<p>[\/et_pb_code][\/et_pb_column][\/et_pb_row][\/et_pb_section][et_pb_section fb_built=&#8221;1&#8243; _builder_version=&#8221;4.27.4&#8243; _module_preset=&#8221;default&#8221; global_colors_info=&#8221;{}&#8221;][et_pb_row column_structure=&#8221;1_3,1_3,1_3&#8243; _builder_version=&#8221;4.27.4&#8243; _module_preset=&#8221;default&#8221; global_colors_info=&#8221;{}&#8221;][et_pb_column type=&#8221;1_3&#8243; _builder_version=&#8221;4.27.4&#8243; _module_preset=&#8221;default&#8221; global_colors_info=&#8221;{}&#8221;][et_pb_blurb title=&#8221;6 cuotas sin inter\u00e9s&#8221; use_icon=&#8221;on&#8221; font_icon=&#8221;&#xf09d;||fa||900&#8243; image_icon_width=&#8221;55px&#8221; _builder_version=&#8221;4.27.4&#8243; _module_preset=&#8221;default&#8221; header_text_align=&#8221;center&#8221; body_text_align=&#8221;center&#8221; global_colors_info=&#8221;{}&#8221;]<\/p>\n<p>Consult\u00e1 por financiaci\u00f3n y facilidades<\/p>\n<p>[\/et_pb_blurb][\/et_pb_column][et_pb_column type=&#8221;1_3&#8243; _builder_version=&#8221;4.27.4&#8243; _module_preset=&#8221;default&#8221; global_colors_info=&#8221;{}&#8221;][et_pb_blurb title=&#8221;Env\u00edos a todo el pa\u00eds&#8221; use_icon=&#8221;on&#8221; font_icon=&#8221;&#xf0d1;||fa||900&#8243; image_icon_width=&#8221;55px&#8221; _builder_version=&#8221;4.27.4&#8243; _module_preset=&#8221;default&#8221; header_text_align=&#8221;center&#8221; body_text_align=&#8221;center&#8221; global_colors_info=&#8221;{}&#8221;]<\/p>\n<p>Llegamos a donde necesites<\/p>\n<p>[\/et_pb_blurb][\/et_pb_column][et_pb_column type=&#8221;1_3&#8243; _builder_version=&#8221;4.27.4&#8243; _module_preset=&#8221;default&#8221; global_colors_info=&#8221;{}&#8221;][et_pb_blurb title=&#8221;Garant\u00eda Oreste Berta&#8221; use_icon=&#8221;on&#8221; font_icon=&#8221;&#xf5bf;||fa||900&#8243; image_icon_width=&#8221;55px&#8221; _builder_version=&#8221;4.27.4&#8243; _module_preset=&#8221;default&#8221; header_text_align=&#8221;center&#8221; body_text_align=&#8221;center&#8221; global_colors_info=&#8221;{}&#8221;]<\/p>\n<p>Productos con el sello Power by Berta<\/p>\n<p>[\/et_pb_blurb][\/et_pb_column][\/et_pb_row][et_pb_row use_custom_gutter=&#8221;on&#8221; gutter_width=&#8221;1&#8243; _builder_version=&#8221;4.27.4&#8243; _module_preset=&#8221;default&#8221; custom_margin=&#8221;|auto||auto|false|false&#8221; custom_padding=&#8221;||0px||false|false&#8221; global_colors_info=&#8221;{}&#8221;][et_pb_column type=&#8221;4_4&#8243; _builder_version=&#8221;4.27.4&#8243; _module_preset=&#8221;default&#8221; global_colors_info=&#8221;{}&#8221;][et_pb_divider _builder_version=&#8221;4.27.4&#8243; _module_preset=&#8221;default&#8221; animation_style=&#8221;slide&#8221; animation_direction=&#8221;left&#8221; animation_duration=&#8221;1650ms&#8221; animation_intensity_slide=&#8221;20%&#8221; global_colors_info=&#8221;{}&#8221;][\/et_pb_divider][\/et_pb_column][\/et_pb_row][\/et_pb_section][et_pb_section fb_built=&#8221;1&#8243; _builder_version=&#8221;4.27.4&#8243; _module_preset=&#8221;default&#8221; custom_padding=&#8221;3px|||||&#8221; global_colors_info=&#8221;{}&#8221;][et_pb_row _builder_version=&#8221;4.27.4&#8243; _module_preset=&#8221;default&#8221; width_tablet=&#8221;70%&#8221; width_phone=&#8221;80%&#8221; width_last_edited=&#8221;on|phone&#8221; custom_padding=&#8221;29px|||||&#8221; global_colors_info=&#8221;{}&#8221;][et_pb_column type=&#8221;4_4&#8243; _builder_version=&#8221;4.27.4&#8243; _module_preset=&#8221;default&#8221; global_colors_info=&#8221;{}&#8221;][et_pb_text _builder_version=&#8221;4.27.4&#8243; _module_preset=&#8221;default&#8221; header_2_font=&#8221;&#8211;et_global_heading_font|700|||||||&#8221; header_2_text_color=&#8221;#575756&#8243; header_2_font_size=&#8221;62px&#8221; header_2_line_height=&#8221;0.5em&#8221; header_3_font=&#8221;&#8211;et_global_heading_font|700|||||||&#8221; header_3_text_align=&#8221;center&#8221; header_3_text_color=&#8221;#4F8BB9&#8243; header_3_font_size=&#8221;62px&#8221; header_2_font_size_tablet=&#8221;62px&#8221; header_2_font_size_phone=&#8221;40px&#8221; header_2_font_size_last_edited=&#8221;on|phone&#8221; header_3_font_size_tablet=&#8221;62px&#8221; header_3_font_size_phone=&#8221;40px&#8221; header_3_font_size_last_edited=&#8221;on|phone&#8221; locked=&#8221;off&#8221; global_colors_info=&#8221;{}&#8221;]<\/p>\n<h3>PERFORMANCE STORE<\/h3>\n<p>[\/et_pb_text][\/et_pb_column][\/et_pb_row][et_pb_row column_structure=&#8221;1_2,1_2&#8243; use_custom_gutter=&#8221;on&#8221; gutter_width=&#8221;2&#8243; _builder_version=&#8221;4.27.4&#8243; _module_preset=&#8221;default&#8221; global_colors_info=&#8221;{}&#8221;][et_pb_column type=&#8221;1_2&#8243; _builder_version=&#8221;4.27.4&#8243; _module_preset=&#8221;default&#8221; global_colors_info=&#8221;{}&#8221;][et_pb_text _builder_version=&#8221;4.27.5&#8243; _module_preset=&#8221;default&#8221; header_3_text_align=&#8221;right&#8221; header_3_text_color=&#8221;#FFFFFF&#8221; header_3_font_size=&#8221;35px&#8221; background_image=&#8221;https:\/\/oresteberta.com\/wp-content\/uploads\/2026\/02\/Sin-titulo-1_0008_Gemini_Generated_Image_hcmq5vhcmq5vhcmq.jpg&#8221; custom_margin=&#8221;0px||||false|false&#8221; custom_padding=&#8221;35px|20px|35px|20px|true|true&#8221; link_option_url=&#8221;https:\/\/oresteberta.com\/es\/categoria-producto\/accesorios\/&#8221; global_colors_info=&#8221;{}&#8221; background__hover_enabled=&#8221;on|hover&#8221; background_color__hover=&#8221;rgba(10,10,10,0.53)&#8221; background_enable_color__hover=&#8221;on&#8221; background_blend__hover=&#8221;soft-light&#8221; transform_styles__hover_enabled=&#8221;on|hover&#8221; transform_scale__hover_enabled=&#8221;on|hover&#8221; transform_translate__hover_enabled=&#8221;on|hover&#8221; transform_rotate__hover_enabled=&#8221;on|desktop&#8221; transform_skew__hover_enabled=&#8221;on|desktop&#8221; transform_origin__hover_enabled=&#8221;on|desktop&#8221; transform_scale__hover=&#8221;103%|103%&#8221;]<\/p>\n<h3>ACCESORIOS<\/h3>\n<p>[\/et_pb_text][\/et_pb_column][et_pb_column type=&#8221;1_2&#8243; _builder_version=&#8221;4.27.4&#8243; _module_preset=&#8221;default&#8221; hover_enabled=&#8221;0&#8243; global_colors_info=&#8221;{}&#8221; sticky_enabled=&#8221;0&#8243;][et_pb_text _builder_version=&#8221;4.27.5&#8243; _module_preset=&#8221;default&#8221; header_3_text_align=&#8221;right&#8221; header_3_text_color=&#8221;#FFFFFF&#8221; header_3_font_size=&#8221;35px&#8221; background_image=&#8221;https:\/\/oresteberta.com\/wp-content\/uploads\/2026\/02\/Sin-titulo-1_0005_Gemini_Generated_Image_3c3xte3c3xte3c3x.jpg&#8221; custom_margin=&#8221;0px||||false|false&#8221; custom_padding=&#8221;35px|20px|35px|20px|true|true&#8221; animation_style=&#8221;fade&#8221; animation_duration=&#8221;1050ms&#8221; hover_enabled=&#8221;0&#8243; global_colors_info=&#8221;{}&#8221; background__hover_enabled=&#8221;on|hover&#8221; background_color__hover=&#8221;rgba(10,10,10,0.53)&#8221; background_enable_color__hover=&#8221;on&#8221; background_blend__hover=&#8221;soft-light&#8221; transform_styles__hover_enabled=&#8221;on|hover&#8221; transform_scale__hover=&#8221;103%|103%&#8221; transform_scale__hover_enabled=&#8221;on|hover&#8221; transform_translate__hover_enabled=&#8221;on|hover&#8221; transform_rotate__hover_enabled=&#8221;on|desktop&#8221; transform_skew__hover_enabled=&#8221;on|desktop&#8221; transform_origin__hover_enabled=&#8221;on|desktop&#8221; link_option_url=&#8221;https:\/\/oresteberta.com\/es\/categoria-producto\/admision\/&#8221; sticky_enabled=&#8221;0&#8243;]<\/p>\n<h3>ADMISI\u00d3N<\/h3>\n<p>[\/et_pb_text][\/et_pb_column][\/et_pb_row][et_pb_row column_structure=&#8221;1_2,1_2&#8243; use_custom_gutter=&#8221;on&#8221; gutter_width=&#8221;2&#8243; _builder_version=&#8221;4.27.4&#8243; _module_preset=&#8221;default&#8221; global_colors_info=&#8221;{}&#8221;][et_pb_column type=&#8221;1_2&#8243; _builder_version=&#8221;4.27.4&#8243; _module_preset=&#8221;default&#8221; global_colors_info=&#8221;{}&#8221;][et_pb_text _builder_version=&#8221;4.27.5&#8243; _module_preset=&#8221;default&#8221; header_3_text_align=&#8221;right&#8221; header_3_text_color=&#8221;#FFFFFF&#8221; header_3_font_size=&#8221;35px&#8221; background_image=&#8221;https:\/\/oresteberta.com\/wp-content\/uploads\/2026\/02\/Sin-titulo-1_0009_Gemini_Generated_Image_es6ed4es6ed4es6e.jpg&#8221; custom_margin=&#8221;0px||||false|false&#8221; custom_padding=&#8221;35px|20px|35px|20px|true|true&#8221; animation_style=&#8221;fade&#8221; animation_duration=&#8221;1050ms&#8221; hover_enabled=&#8221;0&#8243; global_colors_info=&#8221;{}&#8221; background__hover_enabled=&#8221;on|hover&#8221; background_color__hover=&#8221;rgba(10,10,10,0.36)&#8221; background_enable_color__hover=&#8221;on&#8221; background_blend__hover=&#8221;soft-light&#8221; transform_styles__hover_enabled=&#8221;on|hover&#8221; transform_scale__hover=&#8221;103%|103%&#8221; transform_scale__hover_enabled=&#8221;on|hover&#8221; transform_translate__hover_enabled=&#8221;on|hover&#8221; transform_rotate__hover_enabled=&#8221;on|desktop&#8221; transform_skew__hover_enabled=&#8221;on|desktop&#8221; transform_origin__hover_enabled=&#8221;on|desktop&#8221; link_option_url=&#8221;https:\/\/oresteberta.com\/es\/categoria-producto\/arboles-y-distribucion\/&#8221; sticky_enabled=&#8221;0&#8243;]<\/p>\n<h3>\u00c1RBOLES Y DISTRIBUCI\u00d3N<\/h3>\n<p>[\/et_pb_text][\/et_pb_column][et_pb_column type=&#8221;1_2&#8243; _builder_version=&#8221;4.27.4&#8243; _module_preset=&#8221;default&#8221; global_colors_info=&#8221;{}&#8221;][et_pb_text _builder_version=&#8221;4.27.5&#8243; _module_preset=&#8221;default&#8221; header_3_text_align=&#8221;right&#8221; header_3_text_color=&#8221;#FFFFFF&#8221; header_3_font_size=&#8221;35px&#8221; background_image=&#8221;https:\/\/oresteberta.com\/wp-content\/uploads\/2026\/02\/Sin-titulo-1_0000_Gemini_Generated_Image_sn6n3xsn6n3xsn6n.jpg&#8221; custom_margin=&#8221;0px||||false|false&#8221; custom_padding=&#8221;35px|20px|35px|20px|true|true&#8221; animation_style=&#8221;fade&#8221; animation_duration=&#8221;1050ms&#8221; hover_enabled=&#8221;0&#8243; global_colors_info=&#8221;{}&#8221; background__hover_enabled=&#8221;on|hover&#8221; background_color__hover=&#8221;rgba(10,10,10,0.53)&#8221; background_enable_color__hover=&#8221;on&#8221; background_blend__hover=&#8221;soft-light&#8221; transform_styles__hover_enabled=&#8221;on|hover&#8221; transform_scale__hover=&#8221;103%|103%&#8221; transform_scale__hover_enabled=&#8221;on|hover&#8221; transform_translate__hover_enabled=&#8221;on|hover&#8221; transform_rotate__hover_enabled=&#8221;on|desktop&#8221; transform_skew__hover_enabled=&#8221;on|desktop&#8221; transform_origin__hover_enabled=&#8221;on|desktop&#8221; link_option_url=&#8221;https:\/\/oresteberta.com\/es\/categoria-producto\/chasis\/&#8221; sticky_enabled=&#8221;0&#8243;]<\/p>\n<h3>CHASIS<\/h3>\n<p>[\/et_pb_text][\/et_pb_column][\/et_pb_row][et_pb_row column_structure=&#8221;1_2,1_2&#8243; use_custom_gutter=&#8221;on&#8221; gutter_width=&#8221;2&#8243; _builder_version=&#8221;4.27.4&#8243; _module_preset=&#8221;default&#8221; global_colors_info=&#8221;{}&#8221;][et_pb_column type=&#8221;1_2&#8243; _builder_version=&#8221;4.27.4&#8243; _module_preset=&#8221;default&#8221; global_colors_info=&#8221;{}&#8221;][et_pb_text _builder_version=&#8221;4.27.5&#8243; _module_preset=&#8221;default&#8221; header_3_text_align=&#8221;right&#8221; header_3_text_color=&#8221;#FFFFFF&#8221; header_3_font_size=&#8221;35px&#8221; background_image=&#8221;https:\/\/oresteberta.com\/wp-content\/uploads\/2026\/02\/Sin-titulo-1_0003_Gemini_Generated_Image_i5j7l1i5j7l1i5j7.jpg&#8221; custom_margin=&#8221;0px||||false|false&#8221; custom_padding=&#8221;35px|20px|35px|20px|true|true&#8221; link_option_url=&#8221;https:\/\/oresteberta.com\/es\/categoria-producto\/electronica\/&#8221; hover_enabled=&#8221;0&#8243; global_colors_info=&#8221;{}&#8221; background__hover_enabled=&#8221;on|hover&#8221; background_color__hover=&#8221;rgba(10,10,10,0.36)&#8221; background_enable_color__hover=&#8221;on&#8221; background_blend__hover=&#8221;soft-light&#8221; transform_styles__hover_enabled=&#8221;on|hover&#8221; transform_scale__hover=&#8221;103%|103%&#8221; transform_scale__hover_enabled=&#8221;on|hover&#8221; transform_translate__hover_enabled=&#8221;on|hover&#8221; transform_rotate__hover_enabled=&#8221;on|desktop&#8221; transform_skew__hover_enabled=&#8221;on|desktop&#8221; transform_origin__hover_enabled=&#8221;on|desktop&#8221; sticky_enabled=&#8221;0&#8243;]<\/p>\n<h3>ELECTR\u00d3NICA<\/h3>\n<p>[\/et_pb_text][\/et_pb_column][et_pb_column type=&#8221;1_2&#8243; _builder_version=&#8221;4.27.4&#8243; _module_preset=&#8221;default&#8221; global_colors_info=&#8221;{}&#8221;][et_pb_text _builder_version=&#8221;4.27.5&#8243; _module_preset=&#8221;default&#8221; header_3_text_align=&#8221;right&#8221; header_3_text_color=&#8221;#FFFFFF&#8221; header_3_font_size=&#8221;35px&#8221; background_image=&#8221;https:\/\/oresteberta.com\/wp-content\/uploads\/2026\/02\/Sin-titulo-1_0002_Gemini_Generated_Image_jzpqsljzpqsljzpq.jpg&#8221; custom_margin=&#8221;0px||||false|false&#8221; custom_padding=&#8221;35px|20px|35px|20px|true|true&#8221; animation_style=&#8221;fade&#8221; animation_duration=&#8221;1050ms&#8221; hover_enabled=&#8221;0&#8243; global_colors_info=&#8221;{}&#8221; background__hover_enabled=&#8221;on|hover&#8221; background_color__hover=&#8221;rgba(10,10,10,0.53)&#8221; background_enable_color__hover=&#8221;on&#8221; background_blend__hover=&#8221;soft-light&#8221; transform_styles__hover_enabled=&#8221;on|hover&#8221; transform_scale__hover=&#8221;103%|103%&#8221; transform_scale__hover_enabled=&#8221;on|hover&#8221; transform_translate__hover_enabled=&#8221;on|hover&#8221; transform_rotate__hover_enabled=&#8221;on|desktop&#8221; transform_skew__hover_enabled=&#8221;on|desktop&#8221; transform_origin__hover_enabled=&#8221;on|desktop&#8221; link_option_url=&#8221;https:\/\/oresteberta.com\/es\/categoria-producto\/escapes\/&#8221; sticky_enabled=&#8221;0&#8243;]<\/p>\n<h3>ESCAPES<\/h3>\n<p>[\/et_pb_text][\/et_pb_column][\/et_pb_row][et_pb_row column_structure=&#8221;1_2,1_2&#8243; use_custom_gutter=&#8221;on&#8221; gutter_width=&#8221;2&#8243; _builder_version=&#8221;4.27.4&#8243; _module_preset=&#8221;default&#8221; global_colors_info=&#8221;{}&#8221;][et_pb_column type=&#8221;1_2&#8243; _builder_version=&#8221;4.27.4&#8243; _module_preset=&#8221;default&#8221; global_colors_info=&#8221;{}&#8221;][et_pb_text _builder_version=&#8221;4.27.5&#8243; _module_preset=&#8221;default&#8221; header_3_text_align=&#8221;right&#8221; header_3_text_color=&#8221;#FFFFFF&#8221; header_3_font_size=&#8221;35px&#8221; background_image=&#8221;https:\/\/oresteberta.com\/wp-content\/uploads\/2026\/02\/Sin-titulo-1_0001_Gemini_Generated_Image_ol1plgol1plgol1p.jpg&#8221; background_position=&#8221;center_right&#8221; custom_margin=&#8221;0px||||false|false&#8221; custom_padding=&#8221;35px|20px|35px|20px|true|true&#8221; hover_enabled=&#8221;0&#8243; global_colors_info=&#8221;{}&#8221; background__hover_enabled=&#8221;on|hover&#8221; background_color__hover=&#8221;rgba(10,10,10,0.36)&#8221; background_enable_color__hover=&#8221;on&#8221; background_blend__hover=&#8221;soft-light&#8221; transform_styles__hover_enabled=&#8221;on|hover&#8221; transform_scale__hover=&#8221;103%|103%&#8221; transform_scale__hover_enabled=&#8221;on|hover&#8221; transform_translate__hover_enabled=&#8221;on|hover&#8221; transform_rotate__hover_enabled=&#8221;on|desktop&#8221; transform_skew__hover_enabled=&#8221;on|desktop&#8221; transform_origin__hover_enabled=&#8221;on|desktop&#8221; link_option_url=&#8221;https:\/\/oresteberta.com\/es\/categoria-producto\/herramientas\/&#8221; sticky_enabled=&#8221;0&#8243;]<\/p>\n<h3>HERRAMIENTAS<\/h3>\n<p>[\/et_pb_text][\/et_pb_column][et_pb_column type=&#8221;1_2&#8243; _builder_version=&#8221;4.27.4&#8243; _module_preset=&#8221;default&#8221; global_colors_info=&#8221;{}&#8221;][et_pb_text _builder_version=&#8221;4.27.5&#8243; _module_preset=&#8221;default&#8221; header_3_text_align=&#8221;right&#8221; header_3_text_color=&#8221;#FFFFFF&#8221; header_3_font_size=&#8221;35px&#8221; background_image=&#8221;https:\/\/oresteberta.com\/wp-content\/uploads\/2026\/02\/Sin-titulo-1_0007_Gemini_Generated_Image_2c48v62c48v62c48.jpg&#8221; custom_margin=&#8221;0px||||false|false&#8221; custom_padding=&#8221;35px|20px|35px|20px|true|true&#8221; animation_style=&#8221;fade&#8221; animation_duration=&#8221;1050ms&#8221; hover_enabled=&#8221;0&#8243; global_colors_info=&#8221;{}&#8221; background__hover_enabled=&#8221;on|hover&#8221; background_color__hover=&#8221;rgba(10,10,10,0.53)&#8221; background_enable_color__hover=&#8221;on&#8221; background_blend__hover=&#8221;soft-light&#8221; transform_styles__hover_enabled=&#8221;on|hover&#8221; transform_scale__hover=&#8221;103%|103%&#8221; transform_scale__hover_enabled=&#8221;on|hover&#8221; transform_translate__hover_enabled=&#8221;on|hover&#8221; transform_rotate__hover_enabled=&#8221;on|desktop&#8221; transform_skew__hover_enabled=&#8221;on|desktop&#8221; transform_origin__hover_enabled=&#8221;on|desktop&#8221; link_option_url=&#8221;https:\/\/oresteberta.com\/es\/categoria-producto\/lubricacion\/&#8221; sticky_enabled=&#8221;0&#8243;]<\/p>\n<h3>LUBRICACI\u00d3N<\/h3>\n<p>[\/et_pb_text][\/et_pb_column][\/et_pb_row][et_pb_row column_structure=&#8221;1_2,1_2&#8243; use_custom_gutter=&#8221;on&#8221; gutter_width=&#8221;2&#8243; _builder_version=&#8221;4.27.4&#8243; _module_preset=&#8221;default&#8221; global_colors_info=&#8221;{}&#8221;][et_pb_column type=&#8221;1_2&#8243; _builder_version=&#8221;4.27.4&#8243; _module_preset=&#8221;default&#8221; global_colors_info=&#8221;{}&#8221;][et_pb_text _builder_version=&#8221;4.27.5&#8243; _module_preset=&#8221;default&#8221; header_3_text_align=&#8221;right&#8221; header_3_text_color=&#8221;#FFFFFF&#8221; header_3_font_size=&#8221;35px&#8221; background_image=&#8221;https:\/\/oresteberta.com\/wp-content\/uploads\/2026\/02\/Sin-titulo-1_0004_Gemini_Generated_Image_4vc0ek4vc0ek4vc0.jpg&#8221; custom_margin=&#8221;0px||||false|false&#8221; custom_padding=&#8221;35px|20px|35px|20px|true|true&#8221; hover_enabled=&#8221;0&#8243; global_colors_info=&#8221;{}&#8221; background__hover_enabled=&#8221;on|hover&#8221; background_color__hover=&#8221;rgba(10,10,10,0.36)&#8221; background_enable_color__hover=&#8221;on&#8221; background_blend__hover=&#8221;soft-light&#8221; transform_styles__hover_enabled=&#8221;on|hover&#8221; transform_scale__hover=&#8221;103%|103%&#8221; transform_scale__hover_enabled=&#8221;on|hover&#8221; transform_translate__hover_enabled=&#8221;on|hover&#8221; transform_rotate__hover_enabled=&#8221;on|desktop&#8221; transform_skew__hover_enabled=&#8221;on|desktop&#8221; transform_origin__hover_enabled=&#8221;on|desktop&#8221; link_option_url=&#8221;https:\/\/oresteberta.com\/es\/categoria-producto\/motor\/&#8221; sticky_enabled=&#8221;0&#8243;]<\/p>\n<h3>MOTOR<\/h3>\n<p>[\/et_pb_text][\/et_pb_column][et_pb_column type=&#8221;1_2&#8243; _builder_version=&#8221;4.27.4&#8243; _module_preset=&#8221;default&#8221; global_colors_info=&#8221;{}&#8221;][et_pb_text _builder_version=&#8221;4.27.5&#8243; _module_preset=&#8221;default&#8221; header_3_text_align=&#8221;right&#8221; header_3_text_color=&#8221;#FFFFFF&#8221; header_3_font_size=&#8221;35px&#8221; background_image=&#8221;https:\/\/oresteberta.com\/wp-content\/uploads\/2026\/02\/Sin-titulo-1_0006_Gemini_Generated_Image_2zijv02zijv02zij.jpg&#8221; custom_margin=&#8221;0px||||false|false&#8221; custom_padding=&#8221;35px|20px|35px|20px|true|true&#8221; animation_style=&#8221;fade&#8221; animation_duration=&#8221;1050ms&#8221; hover_enabled=&#8221;0&#8243; global_colors_info=&#8221;{}&#8221; background__hover_enabled=&#8221;on|hover&#8221; background_color__hover=&#8221;rgba(10,10,10,0.53)&#8221; background_enable_color__hover=&#8221;on&#8221; background_blend__hover=&#8221;soft-light&#8221; transform_styles__hover_enabled=&#8221;on|hover&#8221; transform_scale__hover=&#8221;103%|103%&#8221; transform_scale__hover_enabled=&#8221;on|hover&#8221; transform_translate__hover_enabled=&#8221;on|hover&#8221; transform_rotate__hover_enabled=&#8221;on|desktop&#8221; transform_skew__hover_enabled=&#8221;on|desktop&#8221; transform_origin__hover_enabled=&#8221;on|desktop&#8221; link_option_url=&#8221;https:\/\/oresteberta.com\/es\/categoria-producto\/tapas-de-cilindros\/&#8221; sticky_enabled=&#8221;0&#8243;]<\/p>\n<h3>TAPAS DE CILINDRO<\/h3>\n<p>[\/et_pb_text][\/et_pb_column][\/et_pb_row][\/et_pb_section]<\/p>","protected":false},"excerpt":{"rendered":"<p>\u00bfQu\u00e9 producto busc\u00e1s?Consult\u00e1 por financiaci\u00f3n y facilidadesLlegamos a donde necesitesProductos con el sello Power by BertaPERFORMANCE STOREACCESORIOSADMISI\u00d3N\u00c1RBOLES Y DISTRIBUCI\u00d3NCHASISELECTR\u00d3NICAESCAPESHERRAMIENTASLUBRICACI\u00d3NMOTORTAPAS DE CILINDRO<\/p>","protected":false},"author":1,"featured_media":0,"parent":0,"menu_order":0,"comment_status":"closed","ping_status":"closed","template":"","meta":{"_acf_changed":false,"_et_pb_use_builder":"on","_et_pb_old_content":"<!-- wp:divi\/placeholder \/-->","_et_gb_content_width":"","footnotes":""},"difl_page_category":[],"class_list":["post-285","page","type-page","status-publish","hentry"],"acf":[],"_links":{"self":[{"href":"https:\/\/oresteberta.com\/en\/wp-json\/wp\/v2\/pages\/285","targetHints":{"allow":["GET"]}}],"collection":[{"href":"https:\/\/oresteberta.com\/en\/wp-json\/wp\/v2\/pages"}],"about":[{"href":"https:\/\/oresteberta.com\/en\/wp-json\/wp\/v2\/types\/page"}],"author":[{"embeddable":true,"href":"https:\/\/oresteberta.com\/en\/wp-json\/wp\/v2\/users\/1"}],"replies":[{"embeddable":true,"href":"https:\/\/oresteberta.com\/en\/wp-json\/wp\/v2\/comments?post=285"}],"version-history":[{"count":43,"href":"https:\/\/oresteberta.com\/en\/wp-json\/wp\/v2\/pages\/285\/revisions"}],"predecessor-version":[{"id":1907,"href":"https:\/\/oresteberta.com\/en\/wp-json\/wp\/v2\/pages\/285\/revisions\/1907"}],"wp:attachment":[{"href":"https:\/\/oresteberta.com\/en\/wp-json\/wp\/v2\/media?parent=285"}],"wp:term":[{"taxonomy":"difl_page_category","embeddable":true,"href":"https:\/\/oresteberta.com\/en\/wp-json\/wp\/v2\/difl_page_category?post=285"}],"curies":[{"name":"wp","href":"https:\/\/api.w.org\/{rel}","templated":true}]}}