{"id":312,"date":"2025-12-01T14:07:34","date_gmt":"2025-12-01T17:07:34","guid":{"rendered":"https:\/\/oresteberta.com\/?page_id=312"},"modified":"2026-03-04T08:34:32","modified_gmt":"2026-03-04T11:34:32","slug":"la-fortaleza-2","status":"publish","type":"page","link":"https:\/\/oresteberta.com\/en\/la-fortaleza-2\/","title":{"rendered":"La Fortaleza"},"content":{"rendered":"<p>[et_pb_section fb_built=&#8221;1&#8243; _builder_version=&#8221;4.27.5&#8243; _module_preset=&#8221;default&#8221; use_background_color_gradient=&#8221;on&#8221; background_color_gradient_stops=&#8221;rgba(22,22,22,0.68) 19%|rgba(10,10,10,0) 100%&#8221; background_image=&#8221;https:\/\/oresteberta.com\/wp-content\/uploads\/2026\/02\/Header-La-fortaleza-BDay.jpg&#8221; background_position=&#8221;bottom_center&#8221; background_blend=&#8221;color-burn&#8221; custom_padding=&#8221;251px||259px||false|false&#8221; scroll_scaling=&#8221;0|50|50|100|100%|102%|107%&#8221; global_colors_info=&#8221;{}&#8221;][\/et_pb_section][et_pb_section fb_built=&#8221;1&#8243; _builder_version=&#8221;4.27.4&#8243; _module_preset=&#8221;default&#8221; custom_padding=&#8221;170px||170px||true|false&#8221; global_colors_info=&#8221;{}&#8221;][et_pb_row column_structure=&#8221;1_3,2_3&#8243; _builder_version=&#8221;4.27.4&#8243; _module_preset=&#8221;default&#8221; width_tablet=&#8221;70%&#8221; width_phone=&#8221;80%&#8221; width_last_edited=&#8221;on|phone&#8221; custom_padding=&#8221;29px|||||&#8221; global_colors_info=&#8221;{}&#8221;][et_pb_column type=&#8221;1_3&#8243; _builder_version=&#8221;4.27.4&#8243; _module_preset=&#8221;default&#8221; global_colors_info=&#8221;{}&#8221;][et_pb_text _builder_version=&#8221;4.27.4&#8243; _module_preset=&#8221;default&#8221; header_2_font=&#8221;&#8211;et_global_heading_font|700|||||||&#8221; header_2_text_color=&#8221;#575756&#8243; header_2_font_size=&#8221;62px&#8221; header_2_line_height=&#8221;0.5em&#8221; header_3_font=&#8221;&#8211;et_global_heading_font|700|||||||&#8221; header_3_text_color=&#8221;#4F8BB9&#8243; header_3_font_size=&#8221;62px&#8221; header_2_font_size_tablet=&#8221;62px&#8221; header_2_font_size_phone=&#8221;40px&#8221; header_2_font_size_last_edited=&#8221;on|phone&#8221; header_3_font_size_tablet=&#8221;62px&#8221; header_3_font_size_phone=&#8221;40px&#8221; header_3_font_size_last_edited=&#8221;on|phone&#8221; locked=&#8221;off&#8221; global_colors_info=&#8221;{}&#8221;]<\/p>\n<h2>NUESTRO<\/h2>\n<h3>LEGADO<\/h3>\n<p>[\/et_pb_text][\/et_pb_column][et_pb_column type=&#8221;2_3&#8243; _builder_version=&#8221;4.27.4&#8243; _module_preset=&#8221;default&#8221; global_colors_info=&#8221;{}&#8221;][et_pb_text _builder_version=&#8221;4.27.4&#8243; _module_preset=&#8221;default&#8221; text_font_size=&#8221;17px&#8221; text_line_height=&#8221;1.5em&#8221; text_orientation=&#8221;justified&#8221; locked=&#8221;off&#8221; global_colors_info=&#8221;{}&#8221;]<\/p>\n<p><span data-contrast=\"auto\" xml:lang=\"ES-ES\" lang=\"ES-ES\" class=\"TextRun SCXW54392554 BCX0\"><span class=\"NormalTextRun SCXW54392554 BCX0\">En 1968, Oreste Berta fund\u00f3 su empresa con la visi\u00f3n de aplicar ingenier\u00eda sistem\u00e1tica al automovilismo argentino. Desde entonces, la Fortaleza ha sido sin\u00f3nimo de precisi\u00f3n, medici\u00f3n y confiabilidad.<\/span><\/span><span class=\"LineBreakBlob BlobObject DragDrop SCXW54392554 BCX0\"><span class=\"SCXW54392554 BCX0\">\u00a0<\/p>\n<p><\/span><\/span><span class=\"LineBreakBlob BlobObject DragDrop SCXW54392554 BCX0\"><\/span><span data-contrast=\"auto\" xml:lang=\"ES-ES\" lang=\"ES-ES\" class=\"TextRun SCXW54392554 BCX0\"><span class=\"NormalTextRun SCXW54392554 BCX0\">Hoy, bajo la direcci\u00f3n de Oreste Berta hijo, la empresa integra dise\u00f1o, ensayo y fabricaci\u00f3n en un centro tecnol\u00f3gico \u00fanico en Sudam\u00e9rica, combinando laboratorios electr\u00f3nicos, bancos de motores y c\u00e1maras clim\u00e1ticas en un sistema de trazabilidad total.<\/span><\/span><span class=\"LineBreakBlob BlobObject DragDrop SCXW54392554 BCX0\"><span class=\"SCXW54392554 BCX0\">\u00a0<br \/><\/span><br class=\"SCXW54392554 BCX0\" \/><\/span><span data-contrast=\"auto\" xml:lang=\"ES-ES\" lang=\"ES-ES\" class=\"TextRun SCXW54392554 BCX0\"><span class=\"NormalTextRun SCXW54392554 BCX0\">Nuestro compromiso sigue siendo el mismo: transformar desaf\u00edos en soluciones medibles, con innovaci\u00f3n y respeto por la historia.<\/span><\/span><span class=\"EOP SCXW54392554 BCX0\" data-ccp-props=\"{&quot;134233117&quot;:false,&quot;134233118&quot;:false,&quot;335559738&quot;:240,&quot;335559739&quot;:240}\">\u00a0<\/span><\/p>\n<p>[\/et_pb_text][\/et_pb_column][\/et_pb_row][\/et_pb_section][et_pb_section fb_built=&#8221;1&#8243; _builder_version=&#8221;4.27.5&#8243; _module_preset=&#8221;default&#8221; background_color=&#8221;#ededed&#8221; global_colors_info=&#8221;{}&#8221;][et_pb_row column_structure=&#8221;1_2,1_2&#8243; _builder_version=&#8221;4.27.5&#8243; _module_preset=&#8221;default&#8221; global_colors_info=&#8221;{}&#8221;][et_pb_column type=&#8221;1_2&#8243; _builder_version=&#8221;4.27.4&#8243; _module_preset=&#8221;default&#8221; global_colors_info=&#8221;{}&#8221;][et_pb_video src=&#8221;https:\/\/oresteberta.com\/wp-content\/uploads\/2026\/01\/export720-pagani.mp4&#8243; image_src=&#8221;https:\/\/oresteberta.com\/wp-content\/uploads\/2026\/01\/Cover-video.jpg&#8221; _builder_version=&#8221;4.27.5&#8243; _module_preset=&#8221;default&#8221; global_colors_info=&#8221;{}&#8221;][\/et_pb_video][\/et_pb_column][et_pb_column type=&#8221;1_2&#8243; _builder_version=&#8221;4.27.5&#8243; _module_preset=&#8221;default&#8221; global_colors_info=&#8221;{}&#8221;][et_pb_text _builder_version=&#8221;4.27.5&#8243; _module_preset=&#8221;default&#8221; text_font=&#8221;|300|on||||||&#8221; text_font_size=&#8221;20px&#8221; text_line_height=&#8221;1.5em&#8221; text_orientation=&#8221;justified&#8221; locked=&#8221;off&#8221; global_colors_info=&#8221;{}&#8221;]<\/p>\n<p>&#8220;Cuando me vine a vivir a Italia, salimos con mi mujer con dos valijas y tantos sue\u00f1os. Y una de las pocas cosas que traje, fueron las revistas Automundo que hablaban de Oreste.&#8221;<\/p>\n<p>&#8220;Oreste es y ser\u00e1 siempre el N\u00famero 1&#8221;<\/p>\n<p>[\/et_pb_text][et_pb_image src=&#8221;https:\/\/oresteberta.com\/wp-content\/uploads\/2026\/02\/Firma-pagani.png&#8221; title_text=&#8221;Firma-pagani&#8221; align=&#8221;right&#8221; align_tablet=&#8221;center&#8221; align_phone=&#8221;center&#8221; align_last_edited=&#8221;on|desktop&#8221; _builder_version=&#8221;4.27.5&#8243; _module_preset=&#8221;default&#8221; width=&#8221;35%&#8221; width_tablet=&#8221;40%&#8221; width_phone=&#8221;60%&#8221; width_last_edited=&#8221;on|phone&#8221; custom_margin=&#8221;||1px|||&#8221; global_colors_info=&#8221;{}&#8221;][\/et_pb_image][et_pb_text _builder_version=&#8221;4.27.5&#8243; _module_preset=&#8221;default&#8221; text_font_size=&#8221;17px&#8221; text_orientation=&#8221;right&#8221; custom_margin=&#8221;0px||||false|false&#8221; global_colors_info=&#8221;{}&#8221;]<\/p>\n<p><strong>Horacio Pagani<\/strong><\/p>\n<p>[\/et_pb_text][\/et_pb_column][\/et_pb_row][\/et_pb_section][et_pb_section fb_built=&#8221;1&#8243; _builder_version=&#8221;4.27.4&#8243; _module_preset=&#8221;default&#8221; global_colors_info=&#8221;{}&#8221;][et_pb_row _builder_version=&#8221;4.27.4&#8243; _module_preset=&#8221;default&#8221; global_colors_info=&#8221;{}&#8221;][et_pb_column type=&#8221;4_4&#8243; _builder_version=&#8221;4.27.4&#8243; _module_preset=&#8221;default&#8221; global_colors_info=&#8221;{}&#8221;][difl_packerygallery gallery=&#8221;328,348,342,335,333,334,329,339,330,338,337,327,345,346,347&#8243; pg_layout=&#8221;four&#8221; tablet_view=&#8221;2&#8243; space_between=&#8221;10px&#8221; use_lightbox=&#8221;on&#8221; overlay=&#8221;on&#8221; overlay_primary=&#8221;rgba(10,9,9,0.59)&#8221; overlay_secondary=&#8221;rgba(97,97,96,0.24)&#8221; border_anim=&#8221;on&#8221; anm_border_width=&#8221;1px&#8221; border_anm_style=&#8221;c4-border-horiz&#8221; _builder_version=&#8221;4.27.4&#8243; _module_preset=&#8221;default&#8221; global_colors_info=&#8221;{}&#8221;][\/difl_packerygallery][\/et_pb_column][\/et_pb_row][\/et_pb_section][et_pb_section fb_built=&#8221;1&#8243; theme_builder_area=&#8221;post_content&#8221; specialty=&#8221;on&#8221; _builder_version=&#8221;4.27.5&#8243; _module_preset=&#8221;default&#8221;][et_pb_column type=&#8221;1_2&#8243; theme_builder_area=&#8221;post_content&#8221;][et_pb_text _builder_version=&#8221;4.27.5&#8243; _module_preset=&#8221;default&#8221; header_2_font=&#8221;&#8211;et_global_heading_font|700|||||||&#8221; header_2_text_color=&#8221;#575756&#8243; header_2_font_size=&#8221;62px&#8221; header_2_line_height=&#8221;0.5em&#8221; header_3_font=&#8221;&#8211;et_global_heading_font|700|||||||&#8221; header_3_text_color=&#8221;#4F8BB9&#8243; header_3_font_size=&#8221;62px&#8221; hover_enabled=&#8221;0&#8243; header_2_font_size_tablet=&#8221;62px&#8221; header_2_font_size_phone=&#8221;40px&#8221; header_2_font_size_last_edited=&#8221;on|phone&#8221; header_3_font_size_tablet=&#8221;62px&#8221; header_3_font_size_phone=&#8221;40px&#8221; header_3_font_size_last_edited=&#8221;on|phone&#8221; locked=&#8221;off&#8221; global_colors_info=&#8221;{}&#8221; theme_builder_area=&#8221;post_content&#8221; sticky_enabled=&#8221;0&#8243;]<\/p>\n<h3>EL AUDITORIO<\/h3>\n<p>[\/et_pb_text][et_pb_text _builder_version=&#8221;4.27.4&#8243; _module_preset=&#8221;default&#8221; text_font_size=&#8221;17px&#8221; text_line_height=&#8221;1.5em&#8221; text_orientation=&#8221;justified&#8221; locked=&#8221;off&#8221; global_colors_info=&#8221;{}&#8221; theme_builder_area=&#8221;post_content&#8221;]<\/p>\n<p><span data-contrast=\"auto\" xml:lang=\"ES-ES\" lang=\"ES-ES\" class=\"TextRun SCXW54392554 BCX0\"><span class=\"NormalTextRun SCXW54392554 BCX0\">En 1968, Oreste Berta fund\u00f3 su empresa con la visi\u00f3n de aplicar ingenier\u00eda sistem\u00e1tica al automovilismo argentino. Desde entonces, la Fortaleza ha sido sin\u00f3nimo de precisi\u00f3n, medici\u00f3n y confiabilidad.<\/span><\/span><span class=\"LineBreakBlob BlobObject DragDrop SCXW54392554 BCX0\"><span class=\"SCXW54392554 BCX0\">\u00a0<\/p>\n<p><\/span><\/span><span class=\"LineBreakBlob BlobObject DragDrop SCXW54392554 BCX0\"><\/span><span data-contrast=\"auto\" xml:lang=\"ES-ES\" lang=\"ES-ES\" class=\"TextRun SCXW54392554 BCX0\"><span class=\"NormalTextRun SCXW54392554 BCX0\">Hoy, bajo la direcci\u00f3n de Oreste Berta hijo, la empresa integra dise\u00f1o, ensayo y fabricaci\u00f3n en un centro tecnol\u00f3gico \u00fanico en Sudam\u00e9rica, combinando laboratorios electr\u00f3nicos, bancos de motores y c\u00e1maras clim\u00e1ticas en un sistema de trazabilidad total.<\/span><\/span><span class=\"LineBreakBlob BlobObject DragDrop SCXW54392554 BCX0\"><span class=\"SCXW54392554 BCX0\">\u00a0<br \/><\/span><br class=\"SCXW54392554 BCX0\" \/><\/span><span data-contrast=\"auto\" xml:lang=\"ES-ES\" lang=\"ES-ES\" class=\"TextRun SCXW54392554 BCX0\"><span class=\"NormalTextRun SCXW54392554 BCX0\">Nuestro compromiso sigue siendo el mismo: transformar desaf\u00edos en soluciones medibles, con innovaci\u00f3n y respeto por la historia.<\/span><\/span><span class=\"EOP SCXW54392554 BCX0\" data-ccp-props=\"{&quot;134233117&quot;:false,&quot;134233118&quot;:false,&quot;335559738&quot;:240,&quot;335559739&quot;:240}\">\u00a0<\/span><\/p>\n<p>[\/et_pb_text][\/et_pb_column][et_pb_column type=&#8221;1_2&#8243; specialty_columns=&#8221;2&#8243; theme_builder_area=&#8221;post_content&#8221;][et_pb_row_inner _builder_version=&#8221;4.27.5&#8243; _module_preset=&#8221;default&#8221; theme_builder_area=&#8221;post_content&#8221; column_structure=&#8221;1_2,1_2&#8243; use_custom_gutter=&#8221;on&#8221; gutter_width=&#8221;2&#8243; hover_enabled=&#8221;0&#8243; sticky_enabled=&#8221;0&#8243;][et_pb_column_inner saved_specialty_column_type=&#8221;1_2&#8243; _builder_version=&#8221;4.27.5&#8243; _module_preset=&#8221;default&#8221; type=&#8221;1_2&#8243; theme_builder_area=&#8221;post_content&#8221;][et_pb_image src=&#8221;https:\/\/oresteberta.com\/wp-content\/uploads\/2026\/03\/Oreste-Berta-Auditorio_0001_AUDITORIO-6-scaled-1.jpg&#8221; _builder_version=&#8221;4.27.5&#8243; _module_preset=&#8221;default&#8221; theme_builder_area=&#8221;post_content&#8221; title_text=&#8221;Oreste Berta Auditorio_0001_AUDITORIO-6-scaled&#8221; hover_enabled=&#8221;0&#8243; sticky_enabled=&#8221;0&#8243;][\/et_pb_image][\/et_pb_column_inner][et_pb_column_inner saved_specialty_column_type=&#8221;1_2&#8243; _builder_version=&#8221;4.27.5&#8243; _module_preset=&#8221;default&#8221; type=&#8221;1_2&#8243; theme_builder_area=&#8221;post_content&#8221;][et_pb_image src=&#8221;https:\/\/oresteberta.com\/wp-content\/uploads\/2026\/03\/Oreste-Berta-Auditorio_0002_AUDITORIO-2.jpg&#8221; _builder_version=&#8221;4.27.5&#8243; _module_preset=&#8221;default&#8221; theme_builder_area=&#8221;post_content&#8221; title_text=&#8221;Oreste Berta Auditorio_0002_AUDITORIO-2&#8243; hover_enabled=&#8221;0&#8243; sticky_enabled=&#8221;0&#8243;][\/et_pb_image][\/et_pb_column_inner][\/et_pb_row_inner][et_pb_row_inner _builder_version=&#8221;4.27.5&#8243; _module_preset=&#8221;default&#8221; theme_builder_area=&#8221;post_content&#8221; column_structure=&#8221;1_2,1_2&#8243; use_custom_gutter=&#8221;on&#8221; gutter_width=&#8221;2&#8243; hover_enabled=&#8221;0&#8243; sticky_enabled=&#8221;0&#8243; custom_padding=&#8221;12px|||||&#8221; custom_margin=&#8221;-5px|||||&#8221;][et_pb_column_inner saved_specialty_column_type=&#8221;1_2&#8243; _builder_version=&#8221;4.27.5&#8243; _module_preset=&#8221;default&#8221; type=&#8221;1_2&#8243; theme_builder_area=&#8221;post_content&#8221;][et_pb_image src=&#8221;https:\/\/oresteberta.com\/wp-content\/uploads\/2026\/03\/Oreste-Berta-Auditorio_0000_Ediciones-de-herramienta-Quitar.jpg&#8221; _builder_version=&#8221;4.27.5&#8243; _module_preset=&#8221;default&#8221; theme_builder_area=&#8221;post_content&#8221; title_text=&#8221;Oreste Berta Auditorio_0000_Ediciones de herramienta Quitar&#8221; hover_enabled=&#8221;0&#8243; sticky_enabled=&#8221;0&#8243;][\/et_pb_image][\/et_pb_column_inner][et_pb_column_inner saved_specialty_column_type=&#8221;1_2&#8243; _builder_version=&#8221;4.27.5&#8243; _module_preset=&#8221;default&#8221; type=&#8221;1_2&#8243; theme_builder_area=&#8221;post_content&#8221;][et_pb_image src=&#8221;https:\/\/oresteberta.com\/wp-content\/uploads\/2026\/03\/Oreste-Berta-Auditorio_0003_AUDITORIO-1-2-scaled-1.jpg&#8221; _builder_version=&#8221;4.27.5&#8243; _module_preset=&#8221;default&#8221; theme_builder_area=&#8221;post_content&#8221; title_text=&#8221;Oreste Berta Auditorio_0003_AUDITORIO-1-2-scaled&#8221; hover_enabled=&#8221;0&#8243; sticky_enabled=&#8221;0&#8243;][\/et_pb_image][\/et_pb_column_inner][\/et_pb_row_inner][\/et_pb_column][\/et_pb_section]<\/p>","protected":false},"excerpt":{"rendered":"<p>NUESTRO LEGADOEn 1968, Oreste Berta fund\u00f3 su empresa con la visi\u00f3n de aplicar ingenier\u00eda sistem\u00e1tica al automovilismo argentino. Desde entonces, la Fortaleza ha sido sin\u00f3nimo de precisi\u00f3n, medici\u00f3n y confiabilidad.\u00a0 Hoy, bajo la direcci\u00f3n de Oreste Berta hijo, la empresa integra dise\u00f1o, ensayo y fabricaci\u00f3n en un centro tecnol\u00f3gico \u00fanico en Sudam\u00e9rica, combinando laboratorios electr\u00f3nicos, [&hellip;]<\/p>","protected":false},"author":1,"featured_media":0,"parent":0,"menu_order":0,"comment_status":"closed","ping_status":"closed","template":"","meta":{"_acf_changed":false,"_et_pb_use_builder":"on","_et_pb_old_content":"<!-- wp:divi\/placeholder \/-->","_et_gb_content_width":"","footnotes":""},"difl_page_category":[],"class_list":["post-312","page","type-page","status-publish","hentry"],"acf":[],"_links":{"self":[{"href":"https:\/\/oresteberta.com\/en\/wp-json\/wp\/v2\/pages\/312","targetHints":{"allow":["GET"]}}],"collection":[{"href":"https:\/\/oresteberta.com\/en\/wp-json\/wp\/v2\/pages"}],"about":[{"href":"https:\/\/oresteberta.com\/en\/wp-json\/wp\/v2\/types\/page"}],"author":[{"embeddable":true,"href":"https:\/\/oresteberta.com\/en\/wp-json\/wp\/v2\/users\/1"}],"replies":[{"embeddable":true,"href":"https:\/\/oresteberta.com\/en\/wp-json\/wp\/v2\/comments?post=312"}],"version-history":[{"count":17,"href":"https:\/\/oresteberta.com\/en\/wp-json\/wp\/v2\/pages\/312\/revisions"}],"predecessor-version":[{"id":1857,"href":"https:\/\/oresteberta.com\/en\/wp-json\/wp\/v2\/pages\/312\/revisions\/1857"}],"wp:attachment":[{"href":"https:\/\/oresteberta.com\/en\/wp-json\/wp\/v2\/media?parent=312"}],"wp:term":[{"taxonomy":"difl_page_category","embeddable":true,"href":"https:\/\/oresteberta.com\/en\/wp-json\/wp\/v2\/difl_page_category?post=312"}],"curies":[{"name":"wp","href":"https:\/\/api.w.org\/{rel}","templated":true}]}}