{"id":504,"date":"2026-01-02T08:23:10","date_gmt":"2026-01-02T11:23:10","guid":{"rendered":"https:\/\/oresteberta.com\/?post_type=product&#038;p=504"},"modified":"2026-01-02T08:23:14","modified_gmt":"2026-01-02T11:23:14","slug":"botador-con-dlc-37-mm","status":"publish","type":"product","link":"https:\/\/oresteberta.com\/en\/product\/botador-con-dlc-37-mm\/","title":{"rendered":"Botador con DLC 37 mm"},"content":{"rendered":"<p>Botador plano de 37 mm de di\u00e1metro con recubrimiento DLC, dise\u00f1ado para motores de alta cilindrada y aplicaciones de competici\u00f3n como el Turismo Carretera. Superficie plana para un apoyo constante sobre el l\u00f3bulo de leva y recubrimiento DLC que mejora el rendimiento t\u00e9rmico y mec\u00e1nico.<\/p>\n<p>&nbsp;<\/p>\n<p>&nbsp;<\/p>","protected":false},"excerpt":{"rendered":"<p>Botador plano de 37 mm de di\u00e1metro con recubrimiento DLC, dise\u00f1ado para motores de alta cilindrada y aplicaciones de competici\u00f3n como el Turismo Carretera. Superficie plana para un apoyo constante sobre el l\u00f3bulo de leva y recubrimiento DLC que mejora el rendimiento t\u00e9rmico y mec\u00e1nico. &nbsp; &nbsp;<\/p>","protected":false},"featured_media":534,"template":"","meta":{"_acf_changed":false,"_et_pb_use_builder":"","_et_pb_old_content":"","_et_gb_content_width":""},"product_brand":[],"product_cat":[23,24],"product_tag":[25,26,27,28],"class_list":{"0":"post-504","1":"product","2":"type-product","3":"status-publish","4":"has-post-thumbnail","6":"product_cat-arboles-y-distribucion","7":"product_cat-botadores","8":"product_tag-botadores","9":"product_tag-pista","10":"product_tag-tc","11":"product_tag-turismo-carretera","13":"first","14":"instock","15":"shipping-taxable","16":"product-type-simple"},"acf":[],"_links":{"self":[{"href":"https:\/\/oresteberta.com\/en\/wp-json\/wp\/v2\/product\/504","targetHints":{"allow":["GET"]}}],"collection":[{"href":"https:\/\/oresteberta.com\/en\/wp-json\/wp\/v2\/product"}],"about":[{"href":"https:\/\/oresteberta.com\/en\/wp-json\/wp\/v2\/types\/product"}],"wp:featuredmedia":[{"embeddable":true,"href":"https:\/\/oresteberta.com\/en\/wp-json\/wp\/v2\/media\/534"}],"wp:attachment":[{"href":"https:\/\/oresteberta.com\/en\/wp-json\/wp\/v2\/media?parent=504"}],"wp:term":[{"taxonomy":"product_brand","embeddable":true,"href":"https:\/\/oresteberta.com\/en\/wp-json\/wp\/v2\/product_brand?post=504"},{"taxonomy":"product_cat","embeddable":true,"href":"https:\/\/oresteberta.com\/en\/wp-json\/wp\/v2\/product_cat?post=504"},{"taxonomy":"product_tag","embeddable":true,"href":"https:\/\/oresteberta.com\/en\/wp-json\/wp\/v2\/product_tag?post=504"}],"curies":[{"name":"wp","href":"https:\/\/api.w.org\/{rel}","templated":true}]}}