{"id":505,"date":"2026-01-02T08:23:10","date_gmt":"2026-01-02T11:23:10","guid":{"rendered":"https:\/\/oresteberta.com\/?post_type=product&#038;p=505"},"modified":"2026-01-02T08:23:15","modified_gmt":"2026-01-02T11:23:15","slug":"amortiguadores-sachs-zf-by-berta","status":"publish","type":"product","link":"https:\/\/oresteberta.com\/en\/product\/amortiguadores-sachs-zf-by-berta\/","title":{"rendered":"Amortiguadores Sachs ZF by Berta"},"content":{"rendered":"<p>Kit de cuatro amortiguadores Sachs ZF con calibraci\u00f3n especial by Berta para Ford Ranger 2.2 \/ 3.2 \/ 4&#215;2 \/ 4&#215;4, modelos del 2020 &#8211; 2023.<\/p>\n<p>Calibrado para las condiciones del terreno argentino.<\/p>\n<p>Su instalaci\u00f3n no requiere modificaci\u00f3n.<\/p>\n<p>&nbsp;<\/p>\n<p><a href=\"https:\/\/oresteberta.com\/wp-content\/uploads\/2024\/01\/AMORTIGUADORES-RANGER-SACHS-BY-BERTA-2.pdf\">DESCARGAR FICHA T\u00c9CNICA<\/a><\/p>\n<p>&nbsp;<\/p>\n<p>&nbsp;<\/p>\n<p>&nbsp;<\/p>","protected":false},"excerpt":{"rendered":"<p>Kit de cuatro amortiguadores Sachs ZF con calibraci\u00f3n especial by Berta para Ford Ranger 2.2 \/ 3.2 \/ 4&#215;2 \/ 4&#215;4, modelos del 2020 &#8211; 2023. Calibrado para las condiciones del terreno argentino. Su instalaci\u00f3n no requiere modificaci\u00f3n. &nbsp; DESCARGAR FICHA T\u00c9CNICA &nbsp; &nbsp; &nbsp;<\/p>","protected":false},"featured_media":535,"template":"","meta":{"_acf_changed":false,"_et_pb_use_builder":"","_et_pb_old_content":"","_et_gb_content_width":""},"product_brand":[],"product_cat":[30,29],"product_tag":[31,32,33],"class_list":{"0":"post-505","1":"product","2":"type-product","3":"status-publish","4":"has-post-thumbnail","6":"product_cat-amortiguadores","7":"product_cat-chasis","8":"product_tag-berta","9":"product_tag-ford","10":"product_tag-sachs-zf","12":"first","13":"instock","14":"shipping-taxable","15":"product-type-simple"},"acf":[],"_links":{"self":[{"href":"https:\/\/oresteberta.com\/en\/wp-json\/wp\/v2\/product\/505","targetHints":{"allow":["GET"]}}],"collection":[{"href":"https:\/\/oresteberta.com\/en\/wp-json\/wp\/v2\/product"}],"about":[{"href":"https:\/\/oresteberta.com\/en\/wp-json\/wp\/v2\/types\/product"}],"wp:featuredmedia":[{"embeddable":true,"href":"https:\/\/oresteberta.com\/en\/wp-json\/wp\/v2\/media\/535"}],"wp:attachment":[{"href":"https:\/\/oresteberta.com\/en\/wp-json\/wp\/v2\/media?parent=505"}],"wp:term":[{"taxonomy":"product_brand","embeddable":true,"href":"https:\/\/oresteberta.com\/en\/wp-json\/wp\/v2\/product_brand?post=505"},{"taxonomy":"product_cat","embeddable":true,"href":"https:\/\/oresteberta.com\/en\/wp-json\/wp\/v2\/product_cat?post=505"},{"taxonomy":"product_tag","embeddable":true,"href":"https:\/\/oresteberta.com\/en\/wp-json\/wp\/v2\/product_tag?post=505"}],"curies":[{"name":"wp","href":"https:\/\/api.w.org\/{rel}","templated":true}]}}