{"id":508,"date":"2026-01-02T08:23:11","date_gmt":"2026-01-02T11:23:11","guid":{"rendered":"https:\/\/oresteberta.com\/?post_type=product&#038;p=508"},"modified":"2026-01-02T08:23:21","modified_gmt":"2026-01-02T11:23:21","slug":"bobina-de-encendido-bosch","status":"publish","type":"product","link":"https:\/\/oresteberta.com\/en\/product\/bobina-de-encendido-bosch\/","title":{"rendered":"Bobina de encendido Bosch"},"content":{"rendered":"<p>Bobina de encendido <strong data-start=\"243\" data-end=\"252\">Bosch<\/strong>, dise\u00f1ada para ofrecer una chispa potente, estable y confiable incluso en condiciones exigentes. Ideal para aplicaciones de <strong data-start=\"377\" data-end=\"400\">competici\u00f3n y calle<\/strong>, su construcci\u00f3n robusta asegura excelente transferencia de energ\u00eda y compatibilidad con m\u00f3dulos ECU programables. Mejora la eficiencia de combusti\u00f3n, reduce fallos de encendido y asegura una respuesta m\u00e1s r\u00e1pida del motor. Compacta, resistente al calor y compatible con una amplia gama de configuraciones.<\/p>\n<p>&nbsp;<\/p>\n<p><a href=\"https:\/\/oresteberta.com\/wp-content\/uploads\/2024\/01\/BOBINA-DE-ENCENDIDO-BOSCH-221604800-1.pdf\">DESCARGAR FICHA T\u00c9CNICA<\/a><\/p>","protected":false},"excerpt":{"rendered":"<p>Bobina de encendido Bosch, dise\u00f1ada para ofrecer una chispa potente, estable y confiable incluso en condiciones exigentes. Ideal para aplicaciones de competici\u00f3n y calle, su construcci\u00f3n robusta asegura excelente transferencia de energ\u00eda y compatibilidad con m\u00f3dulos ECU programables. Mejora la eficiencia de combusti\u00f3n, reduce fallos de encendido y asegura una respuesta m\u00e1s r\u00e1pida del motor. [&hellip;]<\/p>","protected":false},"featured_media":538,"template":"","meta":{"_acf_changed":false,"_et_pb_use_builder":"","_et_pb_old_content":"","_et_gb_content_width":""},"product_brand":[],"product_cat":[34,37],"product_tag":[36,38],"class_list":{"0":"post-508","1":"product","2":"type-product","3":"status-publish","4":"has-post-thumbnail","6":"product_cat-electronica","7":"product_cat-encendido","8":"product_tag-bosch","9":"product_tag-encendido","11":"first","12":"instock","13":"shipping-taxable","14":"product-type-simple"},"acf":[],"_links":{"self":[{"href":"https:\/\/oresteberta.com\/en\/wp-json\/wp\/v2\/product\/508","targetHints":{"allow":["GET"]}}],"collection":[{"href":"https:\/\/oresteberta.com\/en\/wp-json\/wp\/v2\/product"}],"about":[{"href":"https:\/\/oresteberta.com\/en\/wp-json\/wp\/v2\/types\/product"}],"wp:featuredmedia":[{"embeddable":true,"href":"https:\/\/oresteberta.com\/en\/wp-json\/wp\/v2\/media\/538"}],"wp:attachment":[{"href":"https:\/\/oresteberta.com\/en\/wp-json\/wp\/v2\/media?parent=508"}],"wp:term":[{"taxonomy":"product_brand","embeddable":true,"href":"https:\/\/oresteberta.com\/en\/wp-json\/wp\/v2\/product_brand?post=508"},{"taxonomy":"product_cat","embeddable":true,"href":"https:\/\/oresteberta.com\/en\/wp-json\/wp\/v2\/product_cat?post=508"},{"taxonomy":"product_tag","embeddable":true,"href":"https:\/\/oresteberta.com\/en\/wp-json\/wp\/v2\/product_tag?post=508"}],"curies":[{"name":"wp","href":"https:\/\/api.w.org\/{rel}","templated":true}]}}