{"id":509,"date":"2026-01-02T08:23:11","date_gmt":"2026-01-02T11:23:11","guid":{"rendered":"https:\/\/oresteberta.com\/?post_type=product&#038;p=509"},"modified":"2026-01-02T08:23:23","modified_gmt":"2026-01-02T11:23:23","slug":"botador-con-dlc-33-mm","status":"publish","type":"product","link":"https:\/\/oresteberta.com\/en\/product\/botador-con-dlc-33-mm\/","title":{"rendered":"Botador con DLC 33 mm"},"content":{"rendered":"<p>Botador plano de 33 mm con recubrimiento DLC, desarrollado para configuraciones de motor de alto rendimiento. La superficie plana optimiza el contacto con el perfil del \u00e1rbol de levas, mientras el DLC reduce la fricci\u00f3n y el desgaste. Apto para motores de competici\u00f3n o calle de alta exigencia.<\/p>\n<p>&nbsp;<\/p>\n<p>&nbsp;<\/p>","protected":false},"excerpt":{"rendered":"<p>Botador plano de 33 mm con recubrimiento DLC, desarrollado para configuraciones de motor de alto rendimiento. La superficie plana optimiza el contacto con el perfil del \u00e1rbol de levas, mientras el DLC reduce la fricci\u00f3n y el desgaste. Apto para motores de competici\u00f3n o calle de alta exigencia. &nbsp; &nbsp;<\/p>","protected":false},"featured_media":539,"template":"","meta":{"_acf_changed":false,"_et_pb_use_builder":"","_et_pb_old_content":"","_et_gb_content_width":""},"product_brand":[],"product_cat":[23,24],"product_tag":[25,26,39,40],"class_list":{"0":"post-509","1":"product","2":"type-product","3":"status-publish","4":"has-post-thumbnail","6":"product_cat-arboles-y-distribucion","7":"product_cat-botadores","8":"product_tag-botadores","9":"product_tag-pista","10":"product_tag-tn","11":"product_tag-turismo-nacional","13":"first","14":"instock","15":"shipping-taxable","16":"product-type-simple"},"acf":[],"_links":{"self":[{"href":"https:\/\/oresteberta.com\/en\/wp-json\/wp\/v2\/product\/509","targetHints":{"allow":["GET"]}}],"collection":[{"href":"https:\/\/oresteberta.com\/en\/wp-json\/wp\/v2\/product"}],"about":[{"href":"https:\/\/oresteberta.com\/en\/wp-json\/wp\/v2\/types\/product"}],"wp:featuredmedia":[{"embeddable":true,"href":"https:\/\/oresteberta.com\/en\/wp-json\/wp\/v2\/media\/539"}],"wp:attachment":[{"href":"https:\/\/oresteberta.com\/en\/wp-json\/wp\/v2\/media?parent=509"}],"wp:term":[{"taxonomy":"product_brand","embeddable":true,"href":"https:\/\/oresteberta.com\/en\/wp-json\/wp\/v2\/product_brand?post=509"},{"taxonomy":"product_cat","embeddable":true,"href":"https:\/\/oresteberta.com\/en\/wp-json\/wp\/v2\/product_cat?post=509"},{"taxonomy":"product_tag","embeddable":true,"href":"https:\/\/oresteberta.com\/en\/wp-json\/wp\/v2\/product_tag?post=509"}],"curies":[{"name":"wp","href":"https:\/\/api.w.org\/{rel}","templated":true}]}}