{"id":510,"date":"2026-01-02T08:23:11","date_gmt":"2026-01-02T11:23:11","guid":{"rendered":"https:\/\/oresteberta.com\/?post_type=product&#038;p=510"},"modified":"2026-01-02T08:23:27","modified_gmt":"2026-01-02T11:23:27","slug":"conjunto-multiple-de-admision-can-am","status":"publish","type":"product","link":"https:\/\/oresteberta.com\/en\/product\/conjunto-multiple-de-admision-can-am\/","title":{"rendered":"Conjunto m\u00faltiple de admisi\u00f3n Can Am"},"content":{"rendered":"<p>El conjunto m\u00faltiple de admisi\u00f3n incluye: m\u00faltiple de admisi\u00f3n, boca adaptadora y flauta de inyecci\u00f3n.<\/p>\n<p>&nbsp;<\/p>\n<p><a href=\"https:\/\/oresteberta.com\/wp-content\/uploads\/2024\/01\/CONJUNTO-MULTIPLE-DE-ADMISION-CAN-AM-3.pdf\">DESCARGAR FICHA T\u00c9CNICA<\/a><\/p>","protected":false},"excerpt":{"rendered":"<p>El conjunto m\u00faltiple de admisi\u00f3n incluye: m\u00faltiple de admisi\u00f3n, boca adaptadora y flauta de inyecci\u00f3n. &nbsp; DESCARGAR FICHA T\u00c9CNICA<\/p>","protected":false},"featured_media":540,"template":"","meta":{"_acf_changed":false,"_et_pb_use_builder":"","_et_pb_old_content":"","_et_gb_content_width":""},"product_brand":[],"product_cat":[41,42],"product_tag":[31,43],"class_list":{"0":"post-510","1":"product","2":"type-product","3":"status-publish","4":"has-post-thumbnail","6":"product_cat-admision","7":"product_cat-plenum-de-admision","8":"product_tag-berta","9":"product_tag-can-am","11":"first","12":"instock","13":"shipping-taxable","14":"product-type-simple"},"acf":[],"_links":{"self":[{"href":"https:\/\/oresteberta.com\/en\/wp-json\/wp\/v2\/product\/510","targetHints":{"allow":["GET"]}}],"collection":[{"href":"https:\/\/oresteberta.com\/en\/wp-json\/wp\/v2\/product"}],"about":[{"href":"https:\/\/oresteberta.com\/en\/wp-json\/wp\/v2\/types\/product"}],"wp:featuredmedia":[{"embeddable":true,"href":"https:\/\/oresteberta.com\/en\/wp-json\/wp\/v2\/media\/540"}],"wp:attachment":[{"href":"https:\/\/oresteberta.com\/en\/wp-json\/wp\/v2\/media?parent=510"}],"wp:term":[{"taxonomy":"product_brand","embeddable":true,"href":"https:\/\/oresteberta.com\/en\/wp-json\/wp\/v2\/product_brand?post=510"},{"taxonomy":"product_cat","embeddable":true,"href":"https:\/\/oresteberta.com\/en\/wp-json\/wp\/v2\/product_cat?post=510"},{"taxonomy":"product_tag","embeddable":true,"href":"https:\/\/oresteberta.com\/en\/wp-json\/wp\/v2\/product_tag?post=510"}],"curies":[{"name":"wp","href":"https:\/\/api.w.org\/{rel}","templated":true}]}}