{"id":513,"date":"2026-01-02T08:23:11","date_gmt":"2026-01-02T11:23:11","guid":{"rendered":"https:\/\/oresteberta.com\/?post_type=product&#038;p=513"},"modified":"2026-01-02T08:23:41","modified_gmt":"2026-01-02T11:23:41","slug":"plenum-de-admision-tn-c2","status":"publish","type":"product","link":"https:\/\/oresteberta.com\/en\/product\/plenum-de-admision-tn-c2\/","title":{"rendered":"Plenum de admisi\u00f3n TN C2"},"content":{"rendered":"<p>Plenum dise\u00f1ado con conductos y c\u00e1mara de mayor volumen y forma optimizada para permitir un flujo de aire m\u00e1s r\u00e1pido y eficiente.<\/p>\n<p>&nbsp;<\/p>\n<p><a href=\"https:\/\/oresteberta.com\/wp-content\/uploads\/2024\/01\/PLENUM-DE-ADMISION-TN-C2-2.pdf\">DESCARGAR FICHA TECNICA<\/a><\/p>","protected":false},"excerpt":{"rendered":"<p>Plenum dise\u00f1ado con conductos y c\u00e1mara de mayor volumen y forma optimizada para permitir un flujo de aire m\u00e1s r\u00e1pido y eficiente. &nbsp; DESCARGAR FICHA TECNICA<\/p>","protected":false},"featured_media":557,"template":"","meta":{"_acf_changed":false,"_et_pb_use_builder":"","_et_pb_old_content":"","_et_gb_content_width":""},"product_brand":[],"product_cat":[41,42],"product_tag":[39,40],"class_list":{"0":"post-513","1":"product","2":"type-product","3":"status-publish","4":"has-post-thumbnail","6":"product_cat-admision","7":"product_cat-plenum-de-admision","8":"product_tag-tn","9":"product_tag-turismo-nacional","11":"first","12":"instock","13":"shipping-taxable","14":"product-type-simple"},"acf":[],"_links":{"self":[{"href":"https:\/\/oresteberta.com\/en\/wp-json\/wp\/v2\/product\/513","targetHints":{"allow":["GET"]}}],"collection":[{"href":"https:\/\/oresteberta.com\/en\/wp-json\/wp\/v2\/product"}],"about":[{"href":"https:\/\/oresteberta.com\/en\/wp-json\/wp\/v2\/types\/product"}],"wp:featuredmedia":[{"embeddable":true,"href":"https:\/\/oresteberta.com\/en\/wp-json\/wp\/v2\/media\/557"}],"wp:attachment":[{"href":"https:\/\/oresteberta.com\/en\/wp-json\/wp\/v2\/media?parent=513"}],"wp:term":[{"taxonomy":"product_brand","embeddable":true,"href":"https:\/\/oresteberta.com\/en\/wp-json\/wp\/v2\/product_brand?post=513"},{"taxonomy":"product_cat","embeddable":true,"href":"https:\/\/oresteberta.com\/en\/wp-json\/wp\/v2\/product_cat?post=513"},{"taxonomy":"product_tag","embeddable":true,"href":"https:\/\/oresteberta.com\/en\/wp-json\/wp\/v2\/product_tag?post=513"}],"curies":[{"name":"wp","href":"https:\/\/api.w.org\/{rel}","templated":true}]}}