{"id":520,"date":"2026-01-02T08:23:11","date_gmt":"2026-01-02T11:23:11","guid":{"rendered":"https:\/\/oresteberta.com\/?post_type=product&#038;p=520"},"modified":"2026-01-02T08:24:01","modified_gmt":"2026-01-02T11:24:01","slug":"botador-con-dlc-37-07-mm","status":"publish","type":"product","link":"https:\/\/oresteberta.com\/en\/product\/botador-con-dlc-37-07-mm\/","title":{"rendered":"Botador con DLC 37.07 mm"},"content":{"rendered":"<p>Botador plano de <strong data-start=\"2094\" data-end=\"2118\">supermedida 37.07 mm<\/strong>, recubierto con DLC para aplicaciones extremas. El dise\u00f1o plano asegura apoyo constante y menor desgaste, incluso en \u00e1rboles de levas agresivos. Recomendado para configuraciones finas de motor, donde cada d\u00e9cima importa.<\/p>\n<p>&nbsp;<\/p>\n<p>&nbsp;<\/p>","protected":false},"excerpt":{"rendered":"<p>Botador plano de supermedida 37.07 mm, recubierto con DLC para aplicaciones extremas. El dise\u00f1o plano asegura apoyo constante y menor desgaste, incluso en \u00e1rboles de levas agresivos. Recomendado para configuraciones finas de motor, donde cada d\u00e9cima importa. &nbsp; &nbsp;<\/p>","protected":false},"featured_media":534,"template":"","meta":{"_acf_changed":false,"_et_pb_use_builder":"","_et_pb_old_content":"","_et_gb_content_width":""},"product_brand":[],"product_cat":[23,24],"product_tag":[25,27,28],"class_list":{"0":"post-520","1":"product","2":"type-product","3":"status-publish","4":"has-post-thumbnail","6":"product_cat-arboles-y-distribucion","7":"product_cat-botadores","8":"product_tag-botadores","9":"product_tag-tc","10":"product_tag-turismo-carretera","12":"first","13":"instock","14":"shipping-taxable","15":"product-type-simple"},"acf":[],"_links":{"self":[{"href":"https:\/\/oresteberta.com\/en\/wp-json\/wp\/v2\/product\/520","targetHints":{"allow":["GET"]}}],"collection":[{"href":"https:\/\/oresteberta.com\/en\/wp-json\/wp\/v2\/product"}],"about":[{"href":"https:\/\/oresteberta.com\/en\/wp-json\/wp\/v2\/types\/product"}],"wp:featuredmedia":[{"embeddable":true,"href":"https:\/\/oresteberta.com\/en\/wp-json\/wp\/v2\/media\/534"}],"wp:attachment":[{"href":"https:\/\/oresteberta.com\/en\/wp-json\/wp\/v2\/media?parent=520"}],"wp:term":[{"taxonomy":"product_brand","embeddable":true,"href":"https:\/\/oresteberta.com\/en\/wp-json\/wp\/v2\/product_brand?post=520"},{"taxonomy":"product_cat","embeddable":true,"href":"https:\/\/oresteberta.com\/en\/wp-json\/wp\/v2\/product_cat?post=520"},{"taxonomy":"product_tag","embeddable":true,"href":"https:\/\/oresteberta.com\/en\/wp-json\/wp\/v2\/product_tag?post=520"}],"curies":[{"name":"wp","href":"https:\/\/api.w.org\/{rel}","templated":true}]}}