{"id":525,"date":"2026-01-02T08:23:11","date_gmt":"2026-01-02T11:23:11","guid":{"rendered":"https:\/\/oresteberta.com\/?post_type=product&#038;p=525"},"modified":"2026-01-02T08:24:05","modified_gmt":"2026-01-02T11:24:05","slug":"motec-m142","status":"publish","type":"product","link":"https:\/\/oresteberta.com\/en\/product\/motec-m142\/","title":{"rendered":"Motec M142"},"content":{"rendered":"<p>La ECU M142 de MOTEC inicia una nueva era en el control del motor. La tecnolog\u00eda \u00fanica del M1 redefine el significado de personalizaci\u00f3n, brindando control total sin compromiso, y las estrategias de seguridad altamente avanzadas hacen que esta ECU sea ideal tanto para aplicaciones administradas por categor\u00eda como sin restricciones.<\/p>\n<p>&nbsp;<\/p>\n<p><a href=\"https:\/\/oresteberta.com\/wp-content\/uploads\/2024\/01\/ECU-MOTEC-M142-1.pdf\">DESCARGAR FICHA T\u00c9CNICA<\/a><\/p>","protected":false},"excerpt":{"rendered":"<p>La ECU M142 de MOTEC inicia una nueva era en el control del motor. La tecnolog\u00eda \u00fanica del M1 redefine el significado de personalizaci\u00f3n, brindando control total sin compromiso, y las estrategias de seguridad altamente avanzadas hacen que esta ECU sea ideal tanto para aplicaciones administradas por categor\u00eda como sin restricciones. &nbsp; DESCARGAR FICHA T\u00c9CNICA<\/p>","protected":false},"featured_media":582,"template":"","meta":{"_acf_changed":false,"_et_pb_use_builder":"","_et_pb_old_content":"","_et_gb_content_width":""},"product_brand":[],"product_cat":[63,34],"product_tag":[64,62],"class_list":{"0":"post-525","1":"product","2":"type-product","3":"status-publish","4":"has-post-thumbnail","6":"product_cat-ecu-programables","7":"product_cat-electronica","8":"product_tag-ecu","9":"product_tag-motec","11":"first","12":"instock","13":"shipping-taxable","14":"product-type-simple"},"acf":[],"_links":{"self":[{"href":"https:\/\/oresteberta.com\/en\/wp-json\/wp\/v2\/product\/525","targetHints":{"allow":["GET"]}}],"collection":[{"href":"https:\/\/oresteberta.com\/en\/wp-json\/wp\/v2\/product"}],"about":[{"href":"https:\/\/oresteberta.com\/en\/wp-json\/wp\/v2\/types\/product"}],"wp:featuredmedia":[{"embeddable":true,"href":"https:\/\/oresteberta.com\/en\/wp-json\/wp\/v2\/media\/582"}],"wp:attachment":[{"href":"https:\/\/oresteberta.com\/en\/wp-json\/wp\/v2\/media?parent=525"}],"wp:term":[{"taxonomy":"product_brand","embeddable":true,"href":"https:\/\/oresteberta.com\/en\/wp-json\/wp\/v2\/product_brand?post=525"},{"taxonomy":"product_cat","embeddable":true,"href":"https:\/\/oresteberta.com\/en\/wp-json\/wp\/v2\/product_cat?post=525"},{"taxonomy":"product_tag","embeddable":true,"href":"https:\/\/oresteberta.com\/en\/wp-json\/wp\/v2\/product_tag?post=525"}],"curies":[{"name":"wp","href":"https:\/\/api.w.org\/{rel}","templated":true}]}}