{"id":528,"date":"2026-01-02T08:23:12","date_gmt":"2026-01-02T11:23:12","guid":{"rendered":"https:\/\/oresteberta.com\/?post_type=product&#038;p=528"},"modified":"2026-01-02T08:24:08","modified_gmt":"2026-01-02T11:24:08","slug":"motec-dash-c125","status":"publish","type":"product","link":"https:\/\/oresteberta.com\/en\/product\/motec-dash-c125\/","title":{"rendered":"Motec dash C125"},"content":{"rendered":"<p>Ofrece un dise\u00f1o sorprendente y potente funcionalidad, incluyendo pantalla, registro de datos, control auxiliar y LEDs programables en un dispositivo compacto. Adem\u00e1s, incluye de serie una entrada de video compuesto (por ejemplo, para una c\u00e1mara de visi\u00f3n trasera)<\/p>\n<p>&nbsp;<\/p>\n<p><a href=\"https:\/\/oresteberta.com\/wp-content\/uploads\/2024\/01\/MOTEC-DASH-C125-1.pdf\">DESCARGAR FICHA T\u00c9CNCIA<\/a><\/p>","protected":false},"excerpt":{"rendered":"<p>Ofrece un dise\u00f1o sorprendente y potente funcionalidad, incluyendo pantalla, registro de datos, control auxiliar y LEDs programables en un dispositivo compacto. Adem\u00e1s, incluye de serie una entrada de video compuesto (por ejemplo, para una c\u00e1mara de visi\u00f3n trasera) &nbsp; DESCARGAR FICHA T\u00c9CNCIA<\/p>","protected":false},"featured_media":585,"template":"","meta":{"_acf_changed":false,"_et_pb_use_builder":"","_et_pb_old_content":"","_et_gb_content_width":""},"product_brand":[],"product_cat":[61,34],"product_tag":[65,62],"class_list":{"0":"post-528","1":"product","2":"type-product","3":"status-publish","4":"has-post-thumbnail","6":"product_cat-accesorios-motec","7":"product_cat-electronica","8":"product_tag-dash","9":"product_tag-motec","11":"first","12":"instock","13":"shipping-taxable","14":"product-type-simple"},"acf":[],"_links":{"self":[{"href":"https:\/\/oresteberta.com\/en\/wp-json\/wp\/v2\/product\/528","targetHints":{"allow":["GET"]}}],"collection":[{"href":"https:\/\/oresteberta.com\/en\/wp-json\/wp\/v2\/product"}],"about":[{"href":"https:\/\/oresteberta.com\/en\/wp-json\/wp\/v2\/types\/product"}],"wp:featuredmedia":[{"embeddable":true,"href":"https:\/\/oresteberta.com\/en\/wp-json\/wp\/v2\/media\/585"}],"wp:attachment":[{"href":"https:\/\/oresteberta.com\/en\/wp-json\/wp\/v2\/media?parent=528"}],"wp:term":[{"taxonomy":"product_brand","embeddable":true,"href":"https:\/\/oresteberta.com\/en\/wp-json\/wp\/v2\/product_brand?post=528"},{"taxonomy":"product_cat","embeddable":true,"href":"https:\/\/oresteberta.com\/en\/wp-json\/wp\/v2\/product_cat?post=528"},{"taxonomy":"product_tag","embeddable":true,"href":"https:\/\/oresteberta.com\/en\/wp-json\/wp\/v2\/product_tag?post=528"}],"curies":[{"name":"wp","href":"https:\/\/api.w.org\/{rel}","templated":true}]}}