{"id":530,"date":"2026-01-02T08:23:12","date_gmt":"2026-01-02T11:23:12","guid":{"rendered":"https:\/\/oresteberta.com\/?post_type=product&#038;p=530"},"modified":"2026-01-02T08:24:09","modified_gmt":"2026-01-02T11:24:09","slug":"motec-8-button-keypad","status":"publish","type":"product","link":"https:\/\/oresteberta.com\/en\/product\/motec-8-button-keypad\/","title":{"rendered":"Motec 8 button keypad"},"content":{"rendered":"<p>Los teclados MOTEC funcionan espec\u00edficamente con la gama actual de Dashes y PDM MOTEC. Los teclados son f\u00e1ciles de programar y cuentan con capacidades de bus CAN .<\/p>\n<p>&nbsp;<\/p>\n<p><a href=\"https:\/\/oresteberta.com\/wp-content\/uploads\/2024\/01\/8-BUTTON-CAN-KEYPAD-4-X-2-HORIZONTAL-1.pdf\">DESCARGAR FICHA T\u00c9CNICA<\/a><\/p>","protected":false},"excerpt":{"rendered":"<p>Los teclados MOTEC funcionan espec\u00edficamente con la gama actual de Dashes y PDM MOTEC. Los teclados son f\u00e1ciles de programar y cuentan con capacidades de bus CAN . &nbsp; DESCARGAR FICHA T\u00c9CNICA<\/p>","protected":false},"featured_media":587,"template":"","meta":{"_acf_changed":false,"_et_pb_use_builder":"","_et_pb_old_content":"","_et_gb_content_width":""},"product_brand":[],"product_cat":[61,34],"product_tag":[62],"class_list":{"0":"post-530","1":"product","2":"type-product","3":"status-publish","4":"has-post-thumbnail","6":"product_cat-accesorios-motec","7":"product_cat-electronica","8":"product_tag-motec","10":"first","11":"instock","12":"shipping-taxable","13":"product-type-simple"},"acf":[],"_links":{"self":[{"href":"https:\/\/oresteberta.com\/en\/wp-json\/wp\/v2\/product\/530","targetHints":{"allow":["GET"]}}],"collection":[{"href":"https:\/\/oresteberta.com\/en\/wp-json\/wp\/v2\/product"}],"about":[{"href":"https:\/\/oresteberta.com\/en\/wp-json\/wp\/v2\/types\/product"}],"wp:featuredmedia":[{"embeddable":true,"href":"https:\/\/oresteberta.com\/en\/wp-json\/wp\/v2\/media\/587"}],"wp:attachment":[{"href":"https:\/\/oresteberta.com\/en\/wp-json\/wp\/v2\/media?parent=530"}],"wp:term":[{"taxonomy":"product_brand","embeddable":true,"href":"https:\/\/oresteberta.com\/en\/wp-json\/wp\/v2\/product_brand?post=530"},{"taxonomy":"product_cat","embeddable":true,"href":"https:\/\/oresteberta.com\/en\/wp-json\/wp\/v2\/product_cat?post=530"},{"taxonomy":"product_tag","embeddable":true,"href":"https:\/\/oresteberta.com\/en\/wp-json\/wp\/v2\/product_tag?post=530"}],"curies":[{"name":"wp","href":"https:\/\/api.w.org\/{rel}","templated":true}]}}