{"id":555,"date":"2026-01-02T08:23:37","date_gmt":"2026-01-02T11:23:37","guid":{"rendered":"https:\/\/oresteberta.com\/?post_type=product&#038;p=555"},"modified":"2026-01-02T08:24:26","modified_gmt":"2026-01-02T11:24:26","slug":"conjunto-cuerpo-mariposa-60-mm","status":"publish","type":"product","link":"https:\/\/oresteberta.com\/en\/product\/conjunto-cuerpo-mariposa-60-mm\/","title":{"rendered":"Conjunto cuerpo mariposa 60 mm"},"content":{"rendered":"<p>Cuerpo mariposa de alto caudal desarrollado para motores de <strong data-start=\"1130\" data-end=\"1162\">Clase 3 del Turismo Nacional<\/strong>. Mejora la admisi\u00f3n de aire, la entrega de torque y la aceleraci\u00f3n. Fabricado con materiales reforzados y mecanizado de precisi\u00f3n, incluye <strong data-start=\"1302\" data-end=\"1331\">di\u00e1metro de boca de 60 mm<\/strong> y <strong data-start=\"1334\" data-end=\"1365\">alojamiento para sensor TPS<\/strong>. Este componente es ideal tanto para <strong data-start=\"1403\" data-end=\"1431\">veh\u00edculos de competici\u00f3n<\/strong> como para <strong data-start=\"1442\" data-end=\"1472\">autos de calle modificados<\/strong> que demandan mayor<\/p>\n<p>&nbsp;<\/p>\n<p><a href=\"https:\/\/oresteberta.com\/wp-content\/uploads\/2024\/02\/CONJUNTO-CUERPO-MARIPOSA-TN-C3-1.pdf\">DESCARGAR FICHA T\u00c9CNCIA<\/a><\/p>","protected":false},"excerpt":{"rendered":"<p>Cuerpo mariposa de alto caudal desarrollado para motores de Clase 3 del Turismo Nacional. Mejora la admisi\u00f3n de aire, la entrega de torque y la aceleraci\u00f3n. Fabricado con materiales reforzados y mecanizado de precisi\u00f3n, incluye di\u00e1metro de boca de 60 mm y alojamiento para sensor TPS. Este componente es ideal tanto para veh\u00edculos de competici\u00f3n [&hellip;]<\/p>","protected":false},"featured_media":594,"template":"","meta":{"_acf_changed":false,"_et_pb_use_builder":"","_et_pb_old_content":"","_et_gb_content_width":""},"product_brand":[],"product_cat":[41,74],"product_tag":[26,39,55,40],"class_list":{"0":"post-555","1":"product","2":"type-product","3":"status-publish","4":"has-post-thumbnail","6":"product_cat-admision","7":"product_cat-cuerpo-mariposa","8":"product_tag-pista","9":"product_tag-tn","10":"product_tag-track-day","11":"product_tag-turismo-nacional","13":"first","14":"instock","15":"shipping-taxable","16":"product-type-simple"},"acf":[],"_links":{"self":[{"href":"https:\/\/oresteberta.com\/en\/wp-json\/wp\/v2\/product\/555","targetHints":{"allow":["GET"]}}],"collection":[{"href":"https:\/\/oresteberta.com\/en\/wp-json\/wp\/v2\/product"}],"about":[{"href":"https:\/\/oresteberta.com\/en\/wp-json\/wp\/v2\/types\/product"}],"wp:featuredmedia":[{"embeddable":true,"href":"https:\/\/oresteberta.com\/en\/wp-json\/wp\/v2\/media\/594"}],"wp:attachment":[{"href":"https:\/\/oresteberta.com\/en\/wp-json\/wp\/v2\/media?parent=555"}],"wp:term":[{"taxonomy":"product_brand","embeddable":true,"href":"https:\/\/oresteberta.com\/en\/wp-json\/wp\/v2\/product_brand?post=555"},{"taxonomy":"product_cat","embeddable":true,"href":"https:\/\/oresteberta.com\/en\/wp-json\/wp\/v2\/product_cat?post=555"},{"taxonomy":"product_tag","embeddable":true,"href":"https:\/\/oresteberta.com\/en\/wp-json\/wp\/v2\/product_tag?post=555"}],"curies":[{"name":"wp","href":"https:\/\/api.w.org\/{rel}","templated":true}]}}