{"id":573,"date":"2026-01-02T08:24:00","date_gmt":"2026-01-02T11:24:00","guid":{"rendered":"https:\/\/oresteberta.com\/?post_type=product&#038;p=573"},"modified":"2026-01-02T08:24:35","modified_gmt":"2026-01-02T11:24:35","slug":"injepro-t10000","status":"publish","type":"product","link":"https:\/\/oresteberta.com\/en\/product\/injepro-t10000\/","title":{"rendered":"Injepro T10000"},"content":{"rendered":"<div class=\"answer-markdown-box overflow-x-auto select-text custom-scrollbar\">\n<div class=\"markdown-body\">\n<p>Es un m\u00f3dulo de inyecci\u00f3n altamente completo, dise\u00f1ado para ofrecer un rendimiento excepcional tanto en pistas como en calles. Incorpora una pantalla t\u00e1ctil integrada de 5 pulgadas y 800x480px que muestra par\u00e1metros y datos operativos del motor.<\/p>\n<\/div>\n<\/div>\n<p>&nbsp;<\/p>\n<p><a href=\"https:\/\/oresteberta.com\/wp-content\/uploads\/2024\/01\/INJEPRO-T10000-4.pdf\">DESCARGAR FICHA T\u00c9CNICA<\/a><\/p>\n<p>&nbsp;<\/p>\n<p>&nbsp;<\/p>","protected":false},"excerpt":{"rendered":"<p>Es un m\u00f3dulo de inyecci\u00f3n altamente completo, dise\u00f1ado para ofrecer un rendimiento excepcional tanto en pistas como en calles. Incorpora una pantalla t\u00e1ctil integrada de 5 pulgadas y 800x480px que muestra par\u00e1metros y datos operativos del motor. &nbsp; DESCARGAR FICHA T\u00c9CNICA &nbsp; &nbsp;<\/p>","protected":false},"featured_media":625,"template":"","meta":{"_acf_changed":false,"_et_pb_use_builder":"","_et_pb_old_content":"","_et_gb_content_width":""},"product_brand":[],"product_cat":[63,34],"product_tag":[65,64],"class_list":{"0":"post-573","1":"product","2":"type-product","3":"status-publish","4":"has-post-thumbnail","6":"product_cat-ecu-programables","7":"product_cat-electronica","8":"product_tag-dash","9":"product_tag-ecu","11":"first","12":"instock","13":"shipping-taxable","14":"product-type-simple"},"acf":[],"_links":{"self":[{"href":"https:\/\/oresteberta.com\/en\/wp-json\/wp\/v2\/product\/573","targetHints":{"allow":["GET"]}}],"collection":[{"href":"https:\/\/oresteberta.com\/en\/wp-json\/wp\/v2\/product"}],"about":[{"href":"https:\/\/oresteberta.com\/en\/wp-json\/wp\/v2\/types\/product"}],"wp:featuredmedia":[{"embeddable":true,"href":"https:\/\/oresteberta.com\/en\/wp-json\/wp\/v2\/media\/625"}],"wp:attachment":[{"href":"https:\/\/oresteberta.com\/en\/wp-json\/wp\/v2\/media?parent=573"}],"wp:term":[{"taxonomy":"product_brand","embeddable":true,"href":"https:\/\/oresteberta.com\/en\/wp-json\/wp\/v2\/product_brand?post=573"},{"taxonomy":"product_cat","embeddable":true,"href":"https:\/\/oresteberta.com\/en\/wp-json\/wp\/v2\/product_cat?post=573"},{"taxonomy":"product_tag","embeddable":true,"href":"https:\/\/oresteberta.com\/en\/wp-json\/wp\/v2\/product_tag?post=573"}],"curies":[{"name":"wp","href":"https:\/\/api.w.org\/{rel}","templated":true}]}}