{"id":575,"date":"2026-01-02T08:24:00","date_gmt":"2026-01-02T11:24:00","guid":{"rendered":"https:\/\/oresteberta.com\/?post_type=product&#038;p=575"},"modified":"2026-01-02T08:24:38","modified_gmt":"2026-01-02T11:24:38","slug":"bujia-denso-it24","status":"publish","type":"product","link":"https:\/\/oresteberta.com\/en\/product\/bujia-denso-it24\/","title":{"rendered":"Buj\u00eda Denso IT24"},"content":{"rendered":"<p>La buj\u00eda Denso IT24 Iridium Power est\u00e1 dise\u00f1ada para entregar m\u00e1ximo rendimiento en condiciones extremas. Con electrodo de iridio ultra fino, mejora la chispa y optimiza la combusti\u00f3n, ofreciendo una respuesta m\u00e1s r\u00e1pida del motor, mayor eficiencia de combustible y una vida \u00fatil extendida. Ideal para motores modificados, veh\u00edculos de competici\u00f3n o alta exigencia.<\/p>\n<p>&nbsp;<\/p>\n<p><a href=\"https:\/\/oresteberta.com\/wp-content\/uploads\/2024\/01\/BUJIA-DENSO-IT24-1.pdf\">DESCARGAR FICHA T\u00c9CNICA<\/a><\/p>","protected":false},"excerpt":{"rendered":"<p>La buj\u00eda Denso IT24 Iridium Power est\u00e1 dise\u00f1ada para entregar m\u00e1ximo rendimiento en condiciones extremas. Con electrodo de iridio ultra fino, mejora la chispa y optimiza la combusti\u00f3n, ofreciendo una respuesta m\u00e1s r\u00e1pida del motor, mayor eficiencia de combustible y una vida \u00fatil extendida. Ideal para motores modificados, veh\u00edculos de competici\u00f3n o alta exigencia. &nbsp; [&hellip;]<\/p>","protected":false},"featured_media":631,"template":"","meta":{"_acf_changed":false,"_et_pb_use_builder":"","_et_pb_old_content":"","_et_gb_content_width":""},"product_brand":[],"product_cat":[34,37],"product_tag":[81,82],"class_list":{"0":"post-575","1":"product","2":"type-product","3":"status-publish","4":"has-post-thumbnail","6":"product_cat-electronica","7":"product_cat-encendido","8":"product_tag-bujia","9":"product_tag-denso","11":"first","12":"instock","13":"shipping-taxable","14":"product-type-simple"},"acf":[],"_links":{"self":[{"href":"https:\/\/oresteberta.com\/en\/wp-json\/wp\/v2\/product\/575","targetHints":{"allow":["GET"]}}],"collection":[{"href":"https:\/\/oresteberta.com\/en\/wp-json\/wp\/v2\/product"}],"about":[{"href":"https:\/\/oresteberta.com\/en\/wp-json\/wp\/v2\/types\/product"}],"wp:featuredmedia":[{"embeddable":true,"href":"https:\/\/oresteberta.com\/en\/wp-json\/wp\/v2\/media\/631"}],"wp:attachment":[{"href":"https:\/\/oresteberta.com\/en\/wp-json\/wp\/v2\/media?parent=575"}],"wp:term":[{"taxonomy":"product_brand","embeddable":true,"href":"https:\/\/oresteberta.com\/en\/wp-json\/wp\/v2\/product_brand?post=575"},{"taxonomy":"product_cat","embeddable":true,"href":"https:\/\/oresteberta.com\/en\/wp-json\/wp\/v2\/product_cat?post=575"},{"taxonomy":"product_tag","embeddable":true,"href":"https:\/\/oresteberta.com\/en\/wp-json\/wp\/v2\/product_tag?post=575"}],"curies":[{"name":"wp","href":"https:\/\/api.w.org\/{rel}","templated":true}]}}