{"id":603,"date":"2026-01-02T08:24:22","date_gmt":"2026-01-02T11:24:22","guid":{"rendered":"https:\/\/oresteberta.com\/?post_type=product&#038;p=603"},"modified":"2026-01-02T08:25:01","modified_gmt":"2026-01-02T11:25:01","slug":"caballetes-reforzados-3tn-hamilton","status":"publish","type":"product","link":"https:\/\/oresteberta.com\/en\/product\/caballetes-reforzados-3tn-hamilton\/","title":{"rendered":"Caballetes reforzados 3tn Hamilton"},"content":{"rendered":"<p>Set de 2 caballetes tr\u00edpode reforzados<\/p>\n<p>Peso: 6.5 Kg (el par)<br \/>\nAltura m\u00e1xima: 445 mm.<br \/>\nAltura m\u00ednima: 305 mm.<br \/>\nMedidas: 205 x 190 mm.<br \/>\nCapacidad m\u00e1xima: 3 toneladas<\/p>","protected":false},"excerpt":{"rendered":"<p>Set de 2 caballetes tr\u00edpode reforzados Peso: 6.5 Kg (el par) Altura m\u00e1xima: 445 mm. Altura m\u00ednima: 305 mm. Medidas: 205 x 190 mm. Capacidad m\u00e1xima: 3 toneladas<\/p>","protected":false},"featured_media":660,"template":"","meta":{"_acf_changed":false,"_et_pb_use_builder":"","_et_pb_old_content":"","_et_gb_content_width":""},"product_brand":[],"product_cat":[86],"product_tag":[87,88,89],"class_list":{"0":"post-603","1":"product","2":"type-product","3":"status-publish","4":"has-post-thumbnail","6":"product_cat-herramientas","7":"product_tag-automotor","8":"product_tag-hamilton","9":"product_tag-herramientas","11":"first","12":"instock","13":"shipping-taxable","14":"product-type-simple"},"acf":[],"_links":{"self":[{"href":"https:\/\/oresteberta.com\/en\/wp-json\/wp\/v2\/product\/603","targetHints":{"allow":["GET"]}}],"collection":[{"href":"https:\/\/oresteberta.com\/en\/wp-json\/wp\/v2\/product"}],"about":[{"href":"https:\/\/oresteberta.com\/en\/wp-json\/wp\/v2\/types\/product"}],"wp:featuredmedia":[{"embeddable":true,"href":"https:\/\/oresteberta.com\/en\/wp-json\/wp\/v2\/media\/660"}],"wp:attachment":[{"href":"https:\/\/oresteberta.com\/en\/wp-json\/wp\/v2\/media?parent=603"}],"wp:term":[{"taxonomy":"product_brand","embeddable":true,"href":"https:\/\/oresteberta.com\/en\/wp-json\/wp\/v2\/product_brand?post=603"},{"taxonomy":"product_cat","embeddable":true,"href":"https:\/\/oresteberta.com\/en\/wp-json\/wp\/v2\/product_cat?post=603"},{"taxonomy":"product_tag","embeddable":true,"href":"https:\/\/oresteberta.com\/en\/wp-json\/wp\/v2\/product_tag?post=603"}],"curies":[{"name":"wp","href":"https:\/\/api.w.org\/{rel}","templated":true}]}}