{"id":606,"date":"2026-01-02T08:24:22","date_gmt":"2026-01-02T11:24:22","guid":{"rendered":"https:\/\/oresteberta.com\/?post_type=product&#038;p=606"},"modified":"2026-01-02T08:25:22","modified_gmt":"2026-01-02T11:25:22","slug":"llave-de-impacto-1-2-hamilton","status":"publish","type":"product","link":"https:\/\/oresteberta.com\/en\/product\/llave-de-impacto-1-2-hamilton\/","title":{"rendered":"Llave de impacto 1\/2&#8243; Hamilton"},"content":{"rendered":"<p>Tensi\u00f3n de bater\u00eda: 20 V<br \/>\nAmperaje: 2.0\/4.0 A<br \/>\nTensi\u00f3n cargador: 220 &#8211; 240V~ 50\/60 Hz<br \/>\nVelocidad sin carga: 0-2.000\/0-2.600 rpm<br \/>\nImpactos por minutos: 0-3.000\/0-3.300 bpm<br \/>\nTorque m\u00e1ximo: 515 N.m.<\/p>\n<p>Incluye:<\/p>\n<p>1 Bater\u00eda ion-litio 4 A<br \/>\n1 Cargador r\u00e1pido<\/p>","protected":false},"excerpt":{"rendered":"<p>Tensi\u00f3n de bater\u00eda: 20 V Amperaje: 2.0\/4.0 A Tensi\u00f3n cargador: 220 &#8211; 240V~ 50\/60 Hz Velocidad sin carga: 0-2.000\/0-2.600 rpm Impactos por minutos: 0-3.000\/0-3.300 bpm Torque m\u00e1ximo: 515 N.m. Incluye: 1 Bater\u00eda ion-litio 4 A 1 Cargador r\u00e1pido<\/p>","protected":false},"featured_media":675,"template":"","meta":{"_acf_changed":false,"_et_pb_use_builder":"","_et_pb_old_content":"","_et_gb_content_width":""},"product_brand":[],"product_cat":[86],"product_tag":[88,89],"class_list":{"0":"post-606","1":"product","2":"type-product","3":"status-publish","4":"has-post-thumbnail","6":"product_cat-herramientas","7":"product_tag-hamilton","8":"product_tag-herramientas","10":"first","11":"instock","12":"shipping-taxable","13":"product-type-simple"},"acf":[],"_links":{"self":[{"href":"https:\/\/oresteberta.com\/en\/wp-json\/wp\/v2\/product\/606","targetHints":{"allow":["GET"]}}],"collection":[{"href":"https:\/\/oresteberta.com\/en\/wp-json\/wp\/v2\/product"}],"about":[{"href":"https:\/\/oresteberta.com\/en\/wp-json\/wp\/v2\/types\/product"}],"wp:featuredmedia":[{"embeddable":true,"href":"https:\/\/oresteberta.com\/en\/wp-json\/wp\/v2\/media\/675"}],"wp:attachment":[{"href":"https:\/\/oresteberta.com\/en\/wp-json\/wp\/v2\/media?parent=606"}],"wp:term":[{"taxonomy":"product_brand","embeddable":true,"href":"https:\/\/oresteberta.com\/en\/wp-json\/wp\/v2\/product_brand?post=606"},{"taxonomy":"product_cat","embeddable":true,"href":"https:\/\/oresteberta.com\/en\/wp-json\/wp\/v2\/product_cat?post=606"},{"taxonomy":"product_tag","embeddable":true,"href":"https:\/\/oresteberta.com\/en\/wp-json\/wp\/v2\/product_tag?post=606"}],"curies":[{"name":"wp","href":"https:\/\/api.w.org\/{rel}","templated":true}]}}