{"id":610,"date":"2026-01-02T08:24:22","date_gmt":"2026-01-02T11:24:22","guid":{"rendered":"https:\/\/oresteberta.com\/?post_type=product&#038;p=610"},"modified":"2026-01-02T08:25:48","modified_gmt":"2026-01-02T11:25:48","slug":"supercharger-ford-mustang-gt","status":"publish","type":"product","link":"https:\/\/oresteberta.com\/en\/product\/supercharger-ford-mustang-gt\/","title":{"rendered":"Supercharger Ford Mustang GT"},"content":{"rendered":"<p data-start=\"169\" data-end=\"613\">El Kit Supercargador Whipple Gen\u202f6 Stage\u202f2 3.0L est\u00e1 dise\u00f1ado para llevar tu Mustang GT 2024\u20132025 (S650) al siguiente nivel. Este sistema completo ofrece hasta 875 HP y m\u00e1s de 660 lb-ft de torque con combustible de 93 octanos, gracias a su nuevo rotor Gen 6, entrada de 120 mm tipo Y, cuerpo de aceleraci\u00f3n de 112 mm billet, y un sistema de intercooler dual patentado con capacidad t\u00e9rmica superior.<\/p>\n<p data-start=\"615\" data-end=\"958\">Incluye una calibraci\u00f3n OEM lista para usar, compatible con veh\u00edculos de volante izquierdo y derecho, y homologaci\u00f3n CARB.\u00a0Su instalaci\u00f3n es directa, sin cortes ni modificaciones al capot, y cuenta con componentes de grado motorsport como bomba Bosch, arn\u00e9s plug-and-play, poleas billet y m\u00e1s.<\/p>\n<p data-start=\"960\" data-end=\"1063\">Ideal para uso en pista o calle, combina confiabilidad, potencia y tecnolog\u00eda de \u00faltima generaci\u00f3n.<\/p>\n<p>&nbsp;<\/p>","protected":false},"excerpt":{"rendered":"<p>El Kit Supercargador Whipple Gen\u202f6 Stage\u202f2 3.0L est\u00e1 dise\u00f1ado para llevar tu Mustang GT 2024\u20132025 (S650) al siguiente nivel. Este sistema completo ofrece hasta 875 HP y m\u00e1s de 660 lb-ft de torque con combustible de 93 octanos, gracias a su nuevo rotor Gen 6, entrada de 120 mm tipo Y, cuerpo de aceleraci\u00f3n de [&hellip;]<\/p>","protected":false},"featured_media":696,"template":"","meta":{"_acf_changed":false,"_et_pb_use_builder":"","_et_pb_old_content":"","_et_gb_content_width":""},"product_brand":[],"product_cat":[41,44],"product_tag":[32,93,46,94,47],"class_list":{"0":"post-610","1":"product","2":"type-product","3":"status-publish","4":"has-post-thumbnail","6":"product_cat-admision","7":"product_cat-supercargador","8":"product_tag-ford","9":"product_tag-ford-performance","10":"product_tag-mustang","11":"product_tag-potenciacion","12":"product_tag-supercargador","14":"first","15":"instock","16":"shipping-taxable","17":"product-type-simple"},"acf":[],"_links":{"self":[{"href":"https:\/\/oresteberta.com\/en\/wp-json\/wp\/v2\/product\/610","targetHints":{"allow":["GET"]}}],"collection":[{"href":"https:\/\/oresteberta.com\/en\/wp-json\/wp\/v2\/product"}],"about":[{"href":"https:\/\/oresteberta.com\/en\/wp-json\/wp\/v2\/types\/product"}],"wp:featuredmedia":[{"embeddable":true,"href":"https:\/\/oresteberta.com\/en\/wp-json\/wp\/v2\/media\/696"}],"wp:attachment":[{"href":"https:\/\/oresteberta.com\/en\/wp-json\/wp\/v2\/media?parent=610"}],"wp:term":[{"taxonomy":"product_brand","embeddable":true,"href":"https:\/\/oresteberta.com\/en\/wp-json\/wp\/v2\/product_brand?post=610"},{"taxonomy":"product_cat","embeddable":true,"href":"https:\/\/oresteberta.com\/en\/wp-json\/wp\/v2\/product_cat?post=610"},{"taxonomy":"product_tag","embeddable":true,"href":"https:\/\/oresteberta.com\/en\/wp-json\/wp\/v2\/product_tag?post=610"}],"curies":[{"name":"wp","href":"https:\/\/api.w.org\/{rel}","templated":true}]}}