{"id":611,"date":"2026-01-02T08:24:22","date_gmt":"2026-01-02T11:24:22","guid":{"rendered":"https:\/\/oresteberta.com\/?post_type=product&#038;p=611"},"modified":"2026-01-02T08:25:48","modified_gmt":"2026-01-02T11:25:48","slug":"superchager-ford-f150-tremor","status":"publish","type":"product","link":"https:\/\/oresteberta.com\/en\/product\/superchager-ford-f150-tremor\/","title":{"rendered":"Superchager Ford F150 TREMOR"},"content":{"rendered":"<p data-start=\"99\" data-end=\"480\">El Kit Supercargador Whipple Gen\u202f6 Stage\u202f2 3.0L con Power-Onboard est\u00e1 dise\u00f1ado para llevar tu Ford F\u2011150 TREMOR\u00a0 5.0L (modelos 2024\u20132025) a un nuevo nivel de potencia. Con una capacidad de hasta 805 HP y 685 lb-ft de torque con combustible de 93 octanos, este sistema de sobrealimentaci\u00f3n incorpora tecnolog\u00eda de \u00faltima generaci\u00f3n para un rendimiento superior y confiable.<\/p>\n<p data-start=\"482\" data-end=\"896\">Incluye un compresor Whipple Gen 6 twin\u2011screw de 3.0L, cuerpo de aceleraci\u00f3n billet Roval de 132 mm, y inyectores dual-beam Bosch GT500. Su sistema de intercooler dual-pass, dual-core patentado asegura una refrigeraci\u00f3n \u00f3ptima bajo cargas extremas. Compatible con la configuraci\u00f3n Power-Onboard (alternador dual) y la transmisi\u00f3n de 10 velocidades sin necesidad de modificaciones estructurales.<\/p>\n<p data-start=\"898\" data-end=\"1150\">El sistema trae la herramienta Tomahawk V2 para programaci\u00f3n ECU, calibraciones, lectura OBDII y ajustes de relaci\u00f3n rueda\/eje. Todo el conjunto est\u00e1 homologado con certificaci\u00f3n CARB (EO #D-231-130)<\/p>\n<p data-start=\"1152\" data-end=\"1351\">Dise\u00f1ado para una instalaci\u00f3n directa y sin complicaciones, es la soluci\u00f3n perfecta para quienes buscan potencia, eficiencia y durabilidad tanto en uso diario como en aplicaciones deportivas.<\/p>\n<p>&nbsp;<\/p>\n<p><a href=\"https:\/\/oresteberta.com\/wp-content\/uploads\/2024\/01\/WHIPPLE-SUPERCHARGER-4.pdf\">DESCARGAR FICHA T\u00c9CNICA<\/a><\/p>","protected":false},"excerpt":{"rendered":"<p>El Kit Supercargador Whipple Gen\u202f6 Stage\u202f2 3.0L con Power-Onboard est\u00e1 dise\u00f1ado para llevar tu Ford F\u2011150 TREMOR\u00a0 5.0L (modelos 2024\u20132025) a un nuevo nivel de potencia. Con una capacidad de hasta 805 HP y 685 lb-ft de torque con combustible de 93 octanos, este sistema de sobrealimentaci\u00f3n incorpora tecnolog\u00eda de \u00faltima generaci\u00f3n para un rendimiento [&hellip;]<\/p>","protected":false},"featured_media":543,"template":"","meta":{"_acf_changed":false,"_et_pb_use_builder":"","_et_pb_old_content":"","_et_gb_content_width":""},"product_brand":[],"product_cat":[41,44],"product_tag":[45,32,46,47],"class_list":{"0":"post-611","1":"product","2":"type-product","3":"status-publish","4":"has-post-thumbnail","6":"product_cat-admision","7":"product_cat-supercargador","8":"product_tag-f-150","9":"product_tag-ford","10":"product_tag-mustang","11":"product_tag-supercargador","13":"first","14":"instock","15":"shipping-taxable","16":"product-type-simple"},"acf":[],"_links":{"self":[{"href":"https:\/\/oresteberta.com\/en\/wp-json\/wp\/v2\/product\/611","targetHints":{"allow":["GET"]}}],"collection":[{"href":"https:\/\/oresteberta.com\/en\/wp-json\/wp\/v2\/product"}],"about":[{"href":"https:\/\/oresteberta.com\/en\/wp-json\/wp\/v2\/types\/product"}],"wp:featuredmedia":[{"embeddable":true,"href":"https:\/\/oresteberta.com\/en\/wp-json\/wp\/v2\/media\/543"}],"wp:attachment":[{"href":"https:\/\/oresteberta.com\/en\/wp-json\/wp\/v2\/media?parent=611"}],"wp:term":[{"taxonomy":"product_brand","embeddable":true,"href":"https:\/\/oresteberta.com\/en\/wp-json\/wp\/v2\/product_brand?post=611"},{"taxonomy":"product_cat","embeddable":true,"href":"https:\/\/oresteberta.com\/en\/wp-json\/wp\/v2\/product_cat?post=611"},{"taxonomy":"product_tag","embeddable":true,"href":"https:\/\/oresteberta.com\/en\/wp-json\/wp\/v2\/product_tag?post=611"}],"curies":[{"name":"wp","href":"https:\/\/api.w.org\/{rel}","templated":true}]}}