{"id":636,"date":"2026-01-02T08:24:45","date_gmt":"2026-01-02T11:24:45","guid":{"rendered":"https:\/\/oresteberta.com\/?post_type=product&#038;p=636"},"modified":"2026-01-02T08:25:56","modified_gmt":"2026-01-02T11:25:56","slug":"aro-npr-gnh-87-0-mm","status":"publish","type":"product","link":"https:\/\/oresteberta.com\/en\/product\/aro-npr-gnh-87-0-mm\/","title":{"rendered":"Aro NPR GNH 87.0 mm"},"content":{"rendered":"<p>Aro NPR GNH 87.0\u202fmm, dise\u00f1ado para motores preparados o rectificados que requieren alto sellado, baja fricci\u00f3n y durabilidad en condiciones extremas. Fabricados en acero de alta calidad con geometr\u00eda optimizada y espesor de 1.00 \/ 1.20 \/ 2.80 mm, aseguran una excelente compresi\u00f3n y control de aceite.<\/p>","protected":false},"excerpt":{"rendered":"<p>Aro NPR GNH 87.0\u202fmm, dise\u00f1ado para motores preparados o rectificados que requieren alto sellado, baja fricci\u00f3n y durabilidad en condiciones extremas. Fabricados en acero de alta calidad con geometr\u00eda optimizada y espesor de 1.00 \/ 1.20 \/ 2.80 mm, aseguran una excelente compresi\u00f3n y control de aceite.<\/p>","protected":false},"featured_media":707,"template":"","meta":{"_acf_changed":false,"_et_pb_use_builder":"","_et_pb_old_content":"","_et_gb_content_width":""},"product_brand":[],"product_cat":[104,97],"product_tag":[105,26,79],"class_list":{"0":"post-636","1":"product","2":"type-product","3":"status-publish","4":"has-post-thumbnail","6":"product_cat-aros","7":"product_cat-motor","8":"product_tag-npr","9":"product_tag-pista","10":"product_tag-rally","12":"first","13":"instock","14":"shipping-taxable","15":"product-type-simple"},"acf":[],"_links":{"self":[{"href":"https:\/\/oresteberta.com\/en\/wp-json\/wp\/v2\/product\/636","targetHints":{"allow":["GET"]}}],"collection":[{"href":"https:\/\/oresteberta.com\/en\/wp-json\/wp\/v2\/product"}],"about":[{"href":"https:\/\/oresteberta.com\/en\/wp-json\/wp\/v2\/types\/product"}],"wp:featuredmedia":[{"embeddable":true,"href":"https:\/\/oresteberta.com\/en\/wp-json\/wp\/v2\/media\/707"}],"wp:attachment":[{"href":"https:\/\/oresteberta.com\/en\/wp-json\/wp\/v2\/media?parent=636"}],"wp:term":[{"taxonomy":"product_brand","embeddable":true,"href":"https:\/\/oresteberta.com\/en\/wp-json\/wp\/v2\/product_brand?post=636"},{"taxonomy":"product_cat","embeddable":true,"href":"https:\/\/oresteberta.com\/en\/wp-json\/wp\/v2\/product_cat?post=636"},{"taxonomy":"product_tag","embeddable":true,"href":"https:\/\/oresteberta.com\/en\/wp-json\/wp\/v2\/product_tag?post=636"}],"curies":[{"name":"wp","href":"https:\/\/api.w.org\/{rel}","templated":true}]}}