{"id":637,"date":"2026-01-02T08:24:45","date_gmt":"2026-01-02T11:24:45","guid":{"rendered":"https:\/\/oresteberta.com\/?post_type=product&#038;p=637"},"modified":"2026-01-02T08:25:56","modified_gmt":"2026-01-02T11:25:56","slug":"aros-npr-gnh-87-25-mm","status":"publish","type":"product","link":"https:\/\/oresteberta.com\/en\/product\/aros-npr-gnh-87-25-mm\/","title":{"rendered":"Aros NPR GNH 87.25 mm"},"content":{"rendered":"<p>Los aros NPR GNH 87.25\u202fmm est\u00e1n dise\u00f1ados para motores con rectificaci\u00f3n ligera que demandan un sellado perfecto. Su espesor escalonado (1.00 \/ 1.20 \/ 2.80 mm) y tecnolog\u00eda GNH ofrecen un control eficiente de gases y aceite. Perfectos para aplicaciones deportivas con alto r\u00e9gimen de giro.<\/p>","protected":false},"excerpt":{"rendered":"<p>Los aros NPR GNH 87.25\u202fmm est\u00e1n dise\u00f1ados para motores con rectificaci\u00f3n ligera que demandan un sellado perfecto. Su espesor escalonado (1.00 \/ 1.20 \/ 2.80 mm) y tecnolog\u00eda GNH ofrecen un control eficiente de gases y aceite. Perfectos para aplicaciones deportivas con alto r\u00e9gimen de giro.<\/p>","protected":false},"featured_media":707,"template":"","meta":{"_acf_changed":false,"_et_pb_use_builder":"","_et_pb_old_content":"","_et_gb_content_width":""},"product_brand":[],"product_cat":[104,97],"product_tag":[105,26,79],"class_list":{"0":"post-637","1":"product","2":"type-product","3":"status-publish","4":"has-post-thumbnail","6":"product_cat-aros","7":"product_cat-motor","8":"product_tag-npr","9":"product_tag-pista","10":"product_tag-rally","12":"first","13":"instock","14":"shipping-taxable","15":"product-type-simple"},"acf":[],"_links":{"self":[{"href":"https:\/\/oresteberta.com\/en\/wp-json\/wp\/v2\/product\/637","targetHints":{"allow":["GET"]}}],"collection":[{"href":"https:\/\/oresteberta.com\/en\/wp-json\/wp\/v2\/product"}],"about":[{"href":"https:\/\/oresteberta.com\/en\/wp-json\/wp\/v2\/types\/product"}],"wp:featuredmedia":[{"embeddable":true,"href":"https:\/\/oresteberta.com\/en\/wp-json\/wp\/v2\/media\/707"}],"wp:attachment":[{"href":"https:\/\/oresteberta.com\/en\/wp-json\/wp\/v2\/media?parent=637"}],"wp:term":[{"taxonomy":"product_brand","embeddable":true,"href":"https:\/\/oresteberta.com\/en\/wp-json\/wp\/v2\/product_brand?post=637"},{"taxonomy":"product_cat","embeddable":true,"href":"https:\/\/oresteberta.com\/en\/wp-json\/wp\/v2\/product_cat?post=637"},{"taxonomy":"product_tag","embeddable":true,"href":"https:\/\/oresteberta.com\/en\/wp-json\/wp\/v2\/product_tag?post=637"}],"curies":[{"name":"wp","href":"https:\/\/api.w.org\/{rel}","templated":true}]}}