{"id":639,"date":"2026-01-02T08:24:45","date_gmt":"2026-01-02T11:24:45","guid":{"rendered":"https:\/\/oresteberta.com\/?post_type=product&#038;p=639"},"modified":"2026-01-02T08:25:56","modified_gmt":"2026-01-02T11:25:56","slug":"aros-npr-gnh-87-7-mm","status":"publish","type":"product","link":"https:\/\/oresteberta.com\/en\/product\/aros-npr-gnh-87-7-mm\/","title":{"rendered":"Aros NPR GNH 87.7 mm"},"content":{"rendered":"<p>Los <strong data-start=\"2158\" data-end=\"2182\">aros NPR GNH 87.7\u202fmm<\/strong> est\u00e1n pensados para motores con tolerancia ajustada y alta exigencia t\u00e9rmica. Su dise\u00f1o permite trabajar con altas compresiones sin comprometer la durabilidad ni el control de gases. \u00d3ptimos para motores que trabajan al l\u00edmite.<\/p>","protected":false},"excerpt":{"rendered":"<p>Los aros NPR GNH 87.7\u202fmm est\u00e1n pensados para motores con tolerancia ajustada y alta exigencia t\u00e9rmica. Su dise\u00f1o permite trabajar con altas compresiones sin comprometer la durabilidad ni el control de gases. \u00d3ptimos para motores que trabajan al l\u00edmite.<\/p>","protected":false},"featured_media":707,"template":"","meta":{"_acf_changed":false,"_et_pb_use_builder":"","_et_pb_old_content":"","_et_gb_content_width":""},"product_brand":[],"product_cat":[104,97],"product_tag":[105,26,79],"class_list":{"0":"post-639","1":"product","2":"type-product","3":"status-publish","4":"has-post-thumbnail","6":"product_cat-aros","7":"product_cat-motor","8":"product_tag-npr","9":"product_tag-pista","10":"product_tag-rally","12":"first","13":"instock","14":"shipping-taxable","15":"product-type-simple"},"acf":[],"_links":{"self":[{"href":"https:\/\/oresteberta.com\/en\/wp-json\/wp\/v2\/product\/639","targetHints":{"allow":["GET"]}}],"collection":[{"href":"https:\/\/oresteberta.com\/en\/wp-json\/wp\/v2\/product"}],"about":[{"href":"https:\/\/oresteberta.com\/en\/wp-json\/wp\/v2\/types\/product"}],"wp:featuredmedia":[{"embeddable":true,"href":"https:\/\/oresteberta.com\/en\/wp-json\/wp\/v2\/media\/707"}],"wp:attachment":[{"href":"https:\/\/oresteberta.com\/en\/wp-json\/wp\/v2\/media?parent=639"}],"wp:term":[{"taxonomy":"product_brand","embeddable":true,"href":"https:\/\/oresteberta.com\/en\/wp-json\/wp\/v2\/product_brand?post=639"},{"taxonomy":"product_cat","embeddable":true,"href":"https:\/\/oresteberta.com\/en\/wp-json\/wp\/v2\/product_cat?post=639"},{"taxonomy":"product_tag","embeddable":true,"href":"https:\/\/oresteberta.com\/en\/wp-json\/wp\/v2\/product_tag?post=639"}],"curies":[{"name":"wp","href":"https:\/\/api.w.org\/{rel}","templated":true}]}}