{"id":641,"date":"2026-01-02T08:24:45","date_gmt":"2026-01-02T11:24:45","guid":{"rendered":"https:\/\/oresteberta.com\/?post_type=product&#038;p=641"},"modified":"2026-01-02T08:25:59","modified_gmt":"2026-01-02T11:25:59","slug":"aceite-red-line-5w30-100-sintetico-diesel","status":"publish","type":"product","link":"https:\/\/oresteberta.com\/en\/product\/aceite-red-line-5w30-100-sintetico-diesel\/","title":{"rendered":"Aceite Red Line 5W30 100% Sint\u00e9tico Diesel"},"content":{"rendered":"<p>Formulado espec\u00edficamente para motores di\u00e9sel (Amarok, VW, Mercedes-Benz), este aceite sint\u00e9tico de grado 5W30 ofrece limpieza interna, protecci\u00f3n para turbo, bajo consumo de aceite y cumplimiento con normas Euro V y VI gracias a su bajo contenido de cenizas (Low SAPS).<\/p>","protected":false},"excerpt":{"rendered":"<p>Formulado espec\u00edficamente para motores di\u00e9sel (Amarok, VW, Mercedes-Benz), este aceite sint\u00e9tico de grado 5W30 ofrece limpieza interna, protecci\u00f3n para turbo, bajo consumo de aceite y cumplimiento con normas Euro V y VI gracias a su bajo contenido de cenizas (Low SAPS).<\/p>","protected":false},"featured_media":709,"template":"","meta":{"_acf_changed":false,"_et_pb_use_builder":"","_et_pb_old_content":"","_et_gb_content_width":""},"product_brand":[],"product_cat":[106,50],"product_tag":[107,110,108,109],"class_list":{"0":"post-641","1":"product","2":"type-product","3":"status-publish","4":"has-post-thumbnail","6":"product_cat-aceite","7":"product_cat-lubricacion","8":"product_tag-aceite","9":"product_tag-diesel","10":"product_tag-lubricacion","11":"product_tag-red-line","13":"first","14":"instock","15":"shipping-taxable","16":"product-type-simple"},"acf":[],"_links":{"self":[{"href":"https:\/\/oresteberta.com\/en\/wp-json\/wp\/v2\/product\/641","targetHints":{"allow":["GET"]}}],"collection":[{"href":"https:\/\/oresteberta.com\/en\/wp-json\/wp\/v2\/product"}],"about":[{"href":"https:\/\/oresteberta.com\/en\/wp-json\/wp\/v2\/types\/product"}],"wp:featuredmedia":[{"embeddable":true,"href":"https:\/\/oresteberta.com\/en\/wp-json\/wp\/v2\/media\/709"}],"wp:attachment":[{"href":"https:\/\/oresteberta.com\/en\/wp-json\/wp\/v2\/media?parent=641"}],"wp:term":[{"taxonomy":"product_brand","embeddable":true,"href":"https:\/\/oresteberta.com\/en\/wp-json\/wp\/v2\/product_brand?post=641"},{"taxonomy":"product_cat","embeddable":true,"href":"https:\/\/oresteberta.com\/en\/wp-json\/wp\/v2\/product_cat?post=641"},{"taxonomy":"product_tag","embeddable":true,"href":"https:\/\/oresteberta.com\/en\/wp-json\/wp\/v2\/product_tag?post=641"}],"curies":[{"name":"wp","href":"https:\/\/api.w.org\/{rel}","templated":true}]}}