{"id":646,"date":"2026-01-02T08:24:45","date_gmt":"2026-01-02T11:24:45","guid":{"rendered":"https:\/\/oresteberta.com\/?post_type=product&#038;p=646"},"modified":"2026-01-02T08:26:07","modified_gmt":"2026-01-02T11:26:07","slug":"injepro-s4000","status":"publish","type":"product","link":"https:\/\/oresteberta.com\/en\/product\/injepro-s4000\/","title":{"rendered":"InjePro S4000"},"content":{"rendered":"<p>La InjePro S4000 es una ECU programable de alto nivel, dise\u00f1ada para motores de 1 a 12 cilindros. Ofrece inyecci\u00f3n y encendido totalmente programables con mapas de alta resoluci\u00f3n, funciones avanzadas como corte por cambio, control de marcha lenta, correcciones por temperatura y presi\u00f3n, y datalogger interno. Su interfaz permite ajustes por cilindro y conexi\u00f3n r\u00e1pida v\u00eda software.<\/p>","protected":false},"excerpt":{"rendered":"<p>La InjePro S4000 es una ECU programable de alto nivel, dise\u00f1ada para motores de 1 a 12 cilindros. Ofrece inyecci\u00f3n y encendido totalmente programables con mapas de alta resoluci\u00f3n, funciones avanzadas como corte por cambio, control de marcha lenta, correcciones por temperatura y presi\u00f3n, y datalogger interno. Su interfaz permite ajustes por cilindro y conexi\u00f3n [&hellip;]<\/p>","protected":false},"featured_media":726,"template":"","meta":{"_acf_changed":false,"_et_pb_use_builder":"","_et_pb_old_content":"","_et_gb_content_width":""},"product_brand":[],"product_cat":[63,34],"product_tag":[64,112],"class_list":{"0":"post-646","1":"product","2":"type-product","3":"status-publish","4":"has-post-thumbnail","6":"product_cat-ecu-programables","7":"product_cat-electronica","8":"product_tag-ecu","9":"product_tag-injepro","11":"first","12":"instock","13":"shipping-taxable","14":"product-type-simple"},"acf":[],"_links":{"self":[{"href":"https:\/\/oresteberta.com\/en\/wp-json\/wp\/v2\/product\/646","targetHints":{"allow":["GET"]}}],"collection":[{"href":"https:\/\/oresteberta.com\/en\/wp-json\/wp\/v2\/product"}],"about":[{"href":"https:\/\/oresteberta.com\/en\/wp-json\/wp\/v2\/types\/product"}],"wp:featuredmedia":[{"embeddable":true,"href":"https:\/\/oresteberta.com\/en\/wp-json\/wp\/v2\/media\/726"}],"wp:attachment":[{"href":"https:\/\/oresteberta.com\/en\/wp-json\/wp\/v2\/media?parent=646"}],"wp:term":[{"taxonomy":"product_brand","embeddable":true,"href":"https:\/\/oresteberta.com\/en\/wp-json\/wp\/v2\/product_brand?post=646"},{"taxonomy":"product_cat","embeddable":true,"href":"https:\/\/oresteberta.com\/en\/wp-json\/wp\/v2\/product_cat?post=646"},{"taxonomy":"product_tag","embeddable":true,"href":"https:\/\/oresteberta.com\/en\/wp-json\/wp\/v2\/product_tag?post=646"}],"curies":[{"name":"wp","href":"https:\/\/api.w.org\/{rel}","templated":true}]}}