{"id":672,"date":"2026-01-02T08:25:16","date_gmt":"2026-01-02T11:25:16","guid":{"rendered":"https:\/\/oresteberta.com\/?post_type=product&#038;p=672"},"modified":"2026-01-02T08:26:15","modified_gmt":"2026-01-02T11:26:15","slug":"kit-pistones-iapel-fiat-1-6-turbo-86-4-87-4-mm","status":"publish","type":"product","link":"https:\/\/oresteberta.com\/en\/product\/kit-pistones-iapel-fiat-1-6-turbo-86-4-87-4-mm\/","title":{"rendered":"Kit Pistones Iapel Fiat 1.6 Turbo (86.4\u201387.4 mm)"},"content":{"rendered":"<p>Set de pistones Iapel para motor Fiat 1.6 Turbo. Dise\u00f1ados para soportar sobrealimentaci\u00f3n, incluyen aros reforzados y pernos. Disponibles en medidas 86.4, 87.0 y 87.4\u202fmm. Excelente opci\u00f3n para proyectos de potenciaci\u00f3n FIAT con fiabilidad en alta compresi\u00f3n.<\/p>","protected":false},"excerpt":{"rendered":"<p>Set de pistones Iapel para motor Fiat 1.6 Turbo. Dise\u00f1ados para soportar sobrealimentaci\u00f3n, incluyen aros reforzados y pernos. Disponibles en medidas 86.4, 87.0 y 87.4\u202fmm. Excelente opci\u00f3n para proyectos de potenciaci\u00f3n FIAT con fiabilidad en alta compresi\u00f3n.<\/p>","protected":false},"featured_media":731,"template":"","meta":{"_acf_changed":false,"_et_pb_use_builder":"","_et_pb_old_content":"","_et_gb_content_width":""},"product_brand":[],"product_cat":[97,113],"product_tag":[114,115],"class_list":{"0":"post-672","1":"product","2":"type-product","3":"status-publish","4":"has-post-thumbnail","6":"product_cat-motor","7":"product_cat-pistones","8":"product_tag-iapel","9":"product_tag-pistones","11":"first","12":"instock","13":"shipping-taxable","14":"product-type-simple"},"acf":[],"_links":{"self":[{"href":"https:\/\/oresteberta.com\/en\/wp-json\/wp\/v2\/product\/672","targetHints":{"allow":["GET"]}}],"collection":[{"href":"https:\/\/oresteberta.com\/en\/wp-json\/wp\/v2\/product"}],"about":[{"href":"https:\/\/oresteberta.com\/en\/wp-json\/wp\/v2\/types\/product"}],"wp:featuredmedia":[{"embeddable":true,"href":"https:\/\/oresteberta.com\/en\/wp-json\/wp\/v2\/media\/731"}],"wp:attachment":[{"href":"https:\/\/oresteberta.com\/en\/wp-json\/wp\/v2\/media?parent=672"}],"wp:term":[{"taxonomy":"product_brand","embeddable":true,"href":"https:\/\/oresteberta.com\/en\/wp-json\/wp\/v2\/product_brand?post=672"},{"taxonomy":"product_cat","embeddable":true,"href":"https:\/\/oresteberta.com\/en\/wp-json\/wp\/v2\/product_cat?post=672"},{"taxonomy":"product_tag","embeddable":true,"href":"https:\/\/oresteberta.com\/en\/wp-json\/wp\/v2\/product_tag?post=672"}],"curies":[{"name":"wp","href":"https:\/\/api.w.org\/{rel}","templated":true}]}}