{"id":692,"date":"2026-01-02T08:25:40","date_gmt":"2026-01-02T11:25:40","guid":{"rendered":"https:\/\/oresteberta.com\/?post_type=product&#038;p=692"},"modified":"2026-01-02T08:26:18","modified_gmt":"2026-01-02T11:26:18","slug":"bielas-forjadas-bear-ford-221","status":"publish","type":"product","link":"https:\/\/oresteberta.com\/en\/product\/bielas-forjadas-bear-ford-221\/","title":{"rendered":"Bielas Forjadas Bear Ford 221"},"content":{"rendered":"<p>Bielas forjadas de alto rendimiento fabricadas por <strong data-start=\"268\" data-end=\"276\">Bear<\/strong>, dise\u00f1adas para motores <strong data-start=\"301\" data-end=\"333\">Ford 221<\/strong>. Construcci\u00f3n robusta, sin bulones, optimizadas para aplicaciones de competencia extrema, soportando m\u00e1s de <strong data-start=\"442\" data-end=\"452\">700 HP<\/strong>. Dise\u00f1o balanceado que garantiza excelente relaci\u00f3n peso\/resistencia para motores preparados en categor\u00edas pista o drag.<\/p>","protected":false},"excerpt":{"rendered":"<p>Bielas forjadas de alto rendimiento fabricadas por Bear, dise\u00f1adas para motores Ford 221. Construcci\u00f3n robusta, sin bulones, optimizadas para aplicaciones de competencia extrema, soportando m\u00e1s de 700 HP. Dise\u00f1o balanceado que garantiza excelente relaci\u00f3n peso\/resistencia para motores preparados en categor\u00edas pista o drag.<\/p>","protected":false},"featured_media":734,"template":"","meta":{"_acf_changed":false,"_et_pb_use_builder":"","_et_pb_old_content":"","_et_gb_content_width":""},"product_brand":[],"product_cat":[117,97],"product_tag":[118],"class_list":{"0":"post-692","1":"product","2":"type-product","3":"status-publish","4":"has-post-thumbnail","6":"product_cat-bielas","7":"product_cat-motor","8":"product_tag-bielas","10":"first","11":"instock","12":"shipping-taxable","13":"product-type-simple"},"acf":[],"_links":{"self":[{"href":"https:\/\/oresteberta.com\/en\/wp-json\/wp\/v2\/product\/692","targetHints":{"allow":["GET"]}}],"collection":[{"href":"https:\/\/oresteberta.com\/en\/wp-json\/wp\/v2\/product"}],"about":[{"href":"https:\/\/oresteberta.com\/en\/wp-json\/wp\/v2\/types\/product"}],"wp:featuredmedia":[{"embeddable":true,"href":"https:\/\/oresteberta.com\/en\/wp-json\/wp\/v2\/media\/734"}],"wp:attachment":[{"href":"https:\/\/oresteberta.com\/en\/wp-json\/wp\/v2\/media?parent=692"}],"wp:term":[{"taxonomy":"product_brand","embeddable":true,"href":"https:\/\/oresteberta.com\/en\/wp-json\/wp\/v2\/product_brand?post=692"},{"taxonomy":"product_cat","embeddable":true,"href":"https:\/\/oresteberta.com\/en\/wp-json\/wp\/v2\/product_cat?post=692"},{"taxonomy":"product_tag","embeddable":true,"href":"https:\/\/oresteberta.com\/en\/wp-json\/wp\/v2\/product_tag?post=692"}],"curies":[{"name":"wp","href":"https:\/\/api.w.org\/{rel}","templated":true}]}}