{"id":695,"date":"2026-01-02T08:25:40","date_gmt":"2026-01-02T11:25:40","guid":{"rendered":"https:\/\/oresteberta.com\/?post_type=product&#038;p=695"},"modified":"2026-01-02T08:26:22","modified_gmt":"2026-01-02T11:26:22","slug":"bomba-magnafuel-prostar-efi-750","status":"publish","type":"product","link":"https:\/\/oresteberta.com\/en\/product\/bomba-magnafuel-prostar-efi-750\/","title":{"rendered":"Bomba MagnaFuel ProStar EFI 750"},"content":{"rendered":"<p>Bomba de combustible de engranajes rotativos <strong data-start=\"270\" data-end=\"299\">MagnaFuel ProStar EFI 750<\/strong>, ideal para sistemas de inyecci\u00f3n electr\u00f3nica de alta demanda. Con un caudal de <strong data-start=\"380\" data-end=\"391\">750 LPH<\/strong>, cuerpo de aluminio anodizado tipo aeron\u00e1utico, y dise\u00f1o con doble cojinete para m\u00e1xima durabilidad. Apta para motores de m\u00e1s de 2500 HP, sobrealimentados o turboalimentados.<\/p>","protected":false},"excerpt":{"rendered":"<p>Bomba de combustible de engranajes rotativos MagnaFuel ProStar EFI 750, ideal para sistemas de inyecci\u00f3n electr\u00f3nica de alta demanda. Con un caudal de 750 LPH, cuerpo de aluminio anodizado tipo aeron\u00e1utico, y dise\u00f1o con doble cojinete para m\u00e1xima durabilidad. Apta para motores de m\u00e1s de 2500 HP, sobrealimentados o turboalimentados.<\/p>","protected":false},"featured_media":737,"template":"","meta":{"_acf_changed":false,"_et_pb_use_builder":"","_et_pb_old_content":"","_et_gb_content_width":""},"product_brand":[],"product_cat":[35,34],"product_tag":[119],"class_list":{"0":"post-695","1":"product","2":"type-product","3":"status-publish","4":"has-post-thumbnail","6":"product_cat-bombas-de-combustible","7":"product_cat-electronica","8":"product_tag-bomba-de-combustible","10":"first","11":"instock","12":"shipping-taxable","13":"product-type-simple"},"acf":[],"_links":{"self":[{"href":"https:\/\/oresteberta.com\/en\/wp-json\/wp\/v2\/product\/695","targetHints":{"allow":["GET"]}}],"collection":[{"href":"https:\/\/oresteberta.com\/en\/wp-json\/wp\/v2\/product"}],"about":[{"href":"https:\/\/oresteberta.com\/en\/wp-json\/wp\/v2\/types\/product"}],"wp:featuredmedia":[{"embeddable":true,"href":"https:\/\/oresteberta.com\/en\/wp-json\/wp\/v2\/media\/737"}],"wp:attachment":[{"href":"https:\/\/oresteberta.com\/en\/wp-json\/wp\/v2\/media?parent=695"}],"wp:term":[{"taxonomy":"product_brand","embeddable":true,"href":"https:\/\/oresteberta.com\/en\/wp-json\/wp\/v2\/product_brand?post=695"},{"taxonomy":"product_cat","embeddable":true,"href":"https:\/\/oresteberta.com\/en\/wp-json\/wp\/v2\/product_cat?post=695"},{"taxonomy":"product_tag","embeddable":true,"href":"https:\/\/oresteberta.com\/en\/wp-json\/wp\/v2\/product_tag?post=695"}],"curies":[{"name":"wp","href":"https:\/\/api.w.org\/{rel}","templated":true}]}}