{"id":711,"date":"2026-01-02T08:26:02","date_gmt":"2026-01-02T11:26:02","guid":{"rendered":"https:\/\/oresteberta.com\/?post_type=product&#038;p=711"},"modified":"2026-01-04T14:40:55","modified_gmt":"2026-01-04T17:40:55","slug":"bomba-aeromotive-eliminator-brushless-5-0-gpm","status":"publish","type":"product","link":"https:\/\/oresteberta.com\/en\/product\/bomba-aeromotive-eliminator-brushless-5-0-gpm\/","title":{"rendered":"Bomba Aeromotive Eliminator Brushless 5.0 GPM"},"content":{"rendered":"<p>Bomba interna <strong data-start=\"940\" data-end=\"975\">Aeromotive Eliminator Brushless<\/strong> con caudal de <strong data-start=\"990\" data-end=\"1013\">5.0 GPM (\u22481136 LPH)<\/strong>, dise\u00f1ada para soportar hasta 1900 HP en aspirados o 1400 HP sobrealimentados. Sistema brushless de doble c\u00e1mara para m\u00e1xima eficiencia y menor consumo. Compatible con EFI y carburados, ideal para setups street\/strip de alto rendimiento.<\/p>","protected":false},"excerpt":{"rendered":"<p>Bomba interna Aeromotive Eliminator Brushless con caudal de 5.0 GPM (\u22481136 LPH), dise\u00f1ada para soportar hasta 1900 HP en aspirados o 1400 HP sobrealimentados. Sistema brushless de doble c\u00e1mara para m\u00e1xima eficiencia y menor consumo. Compatible con EFI y carburados, ideal para setups street\/strip de alto rendimiento.<\/p>","protected":false},"featured_media":738,"template":"","meta":{"_acf_changed":false,"_et_pb_use_builder":"","_et_pb_old_content":"","_et_gb_content_width":""},"product_brand":[],"product_cat":[35,34],"product_tag":[119],"class_list":{"0":"post-711","1":"product","2":"type-product","3":"status-publish","4":"has-post-thumbnail","6":"product_cat-bombas-de-combustible","7":"product_cat-electronica","8":"product_tag-bomba-de-combustible","10":"first","11":"instock","12":"shipping-taxable","13":"product-type-simple"},"acf":[],"_links":{"self":[{"href":"https:\/\/oresteberta.com\/en\/wp-json\/wp\/v2\/product\/711","targetHints":{"allow":["GET"]}}],"collection":[{"href":"https:\/\/oresteberta.com\/en\/wp-json\/wp\/v2\/product"}],"about":[{"href":"https:\/\/oresteberta.com\/en\/wp-json\/wp\/v2\/types\/product"}],"wp:featuredmedia":[{"embeddable":true,"href":"https:\/\/oresteberta.com\/en\/wp-json\/wp\/v2\/media\/738"}],"wp:attachment":[{"href":"https:\/\/oresteberta.com\/en\/wp-json\/wp\/v2\/media?parent=711"}],"wp:term":[{"taxonomy":"product_brand","embeddable":true,"href":"https:\/\/oresteberta.com\/en\/wp-json\/wp\/v2\/product_brand?post=711"},{"taxonomy":"product_cat","embeddable":true,"href":"https:\/\/oresteberta.com\/en\/wp-json\/wp\/v2\/product_cat?post=711"},{"taxonomy":"product_tag","embeddable":true,"href":"https:\/\/oresteberta.com\/en\/wp-json\/wp\/v2\/product_tag?post=711"}],"curies":[{"name":"wp","href":"https:\/\/api.w.org\/{rel}","templated":true}]}}