{"id":712,"date":"2026-01-02T08:26:02","date_gmt":"2026-01-02T11:26:02","guid":{"rendered":"https:\/\/oresteberta.com\/?post_type=product&#038;p=712"},"modified":"2026-01-02T08:26:28","modified_gmt":"2026-01-02T11:26:28","slug":"bomba-bosch-275-l-h","status":"publish","type":"product","link":"https:\/\/oresteberta.com\/en\/product\/bomba-bosch-275-l-h\/","title":{"rendered":"Bomba Bosch 275 L\/H"},"content":{"rendered":"<p>La m\u00edtica <strong data-start=\"2927\" data-end=\"2940\">Bosch<\/strong>, bomba interna de <strong data-start=\"2959\" data-end=\"2970\">275 L\/H<\/strong>, es una referencia en aplicaciones deportivas y de competici\u00f3n. Construcci\u00f3n robusta, ideal para mantener flujo constante bajo demanda. Apta para gasolina o etanol, con ventilaci\u00f3n por succi\u00f3n interna<\/p>","protected":false},"excerpt":{"rendered":"<p>La m\u00edtica Bosch, bomba interna de 275 L\/H, es una referencia en aplicaciones deportivas y de competici\u00f3n. Construcci\u00f3n robusta, ideal para mantener flujo constante bajo demanda. Apta para gasolina o etanol, con ventilaci\u00f3n por succi\u00f3n interna<\/p>","protected":false},"featured_media":739,"template":"","meta":{"_acf_changed":false,"_et_pb_use_builder":"","_et_pb_old_content":"","_et_gb_content_width":""},"product_brand":[],"product_cat":[35,34],"product_tag":[119,36],"class_list":{"0":"post-712","1":"product","2":"type-product","3":"status-publish","4":"has-post-thumbnail","6":"product_cat-bombas-de-combustible","7":"product_cat-electronica","8":"product_tag-bomba-de-combustible","9":"product_tag-bosch","11":"first","12":"instock","13":"shipping-taxable","14":"product-type-simple"},"acf":[],"_links":{"self":[{"href":"https:\/\/oresteberta.com\/en\/wp-json\/wp\/v2\/product\/712","targetHints":{"allow":["GET"]}}],"collection":[{"href":"https:\/\/oresteberta.com\/en\/wp-json\/wp\/v2\/product"}],"about":[{"href":"https:\/\/oresteberta.com\/en\/wp-json\/wp\/v2\/types\/product"}],"wp:featuredmedia":[{"embeddable":true,"href":"https:\/\/oresteberta.com\/en\/wp-json\/wp\/v2\/media\/739"}],"wp:attachment":[{"href":"https:\/\/oresteberta.com\/en\/wp-json\/wp\/v2\/media?parent=712"}],"wp:term":[{"taxonomy":"product_brand","embeddable":true,"href":"https:\/\/oresteberta.com\/en\/wp-json\/wp\/v2\/product_brand?post=712"},{"taxonomy":"product_cat","embeddable":true,"href":"https:\/\/oresteberta.com\/en\/wp-json\/wp\/v2\/product_cat?post=712"},{"taxonomy":"product_tag","embeddable":true,"href":"https:\/\/oresteberta.com\/en\/wp-json\/wp\/v2\/product_tag?post=712"}],"curies":[{"name":"wp","href":"https:\/\/api.w.org\/{rel}","templated":true}]}}