{"id":713,"date":"2026-01-02T08:26:02","date_gmt":"2026-01-02T11:26:02","guid":{"rendered":"https:\/\/oresteberta.com\/?post_type=product&#038;p=713"},"modified":"2026-01-02T08:26:28","modified_gmt":"2026-01-02T11:26:28","slug":"botador-con-dlc-32-mm","status":"publish","type":"product","link":"https:\/\/oresteberta.com\/en\/product\/botador-con-dlc-32-mm\/","title":{"rendered":"Botador con DLC 32 mm"},"content":{"rendered":"<p>Botador plano de <strong data-start=\"190\" data-end=\"211\">32 mm de di\u00e1metro<\/strong> con recubrimiento <strong data-start=\"230\" data-end=\"259\">DLC (Diamond-Like Carbon)<\/strong>. Su dise\u00f1o plano asegura un contacto uniforme con el \u00e1rbol de levas, mientras el recubrimiento DLC reduce la fricci\u00f3n, mejora la durabilidad y permite un trabajo estable a altas RPM. Ideal para motores de competici\u00f3n o calle de alta exigencia<\/p>","protected":false},"excerpt":{"rendered":"<p>Botador plano de 32 mm de di\u00e1metro con recubrimiento DLC (Diamond-Like Carbon). Su dise\u00f1o plano asegura un contacto uniforme con el \u00e1rbol de levas, mientras el recubrimiento DLC reduce la fricci\u00f3n, mejora la durabilidad y permite un trabajo estable a altas RPM. Ideal para motores de competici\u00f3n o calle de alta exigencia<\/p>","protected":false},"featured_media":539,"template":"","meta":{"_acf_changed":false,"_et_pb_use_builder":"","_et_pb_old_content":"","_et_gb_content_width":""},"product_brand":[],"product_cat":[23,24],"product_tag":[120,103,26],"class_list":{"0":"post-713","1":"product","2":"type-product","3":"status-publish","4":"has-post-thumbnail","6":"product_cat-arboles-y-distribucion","7":"product_cat-botadores","8":"product_tag-botador","9":"product_tag-motor","10":"product_tag-pista","12":"first","13":"instock","14":"shipping-taxable","15":"product-type-simple"},"acf":[],"_links":{"self":[{"href":"https:\/\/oresteberta.com\/en\/wp-json\/wp\/v2\/product\/713","targetHints":{"allow":["GET"]}}],"collection":[{"href":"https:\/\/oresteberta.com\/en\/wp-json\/wp\/v2\/product"}],"about":[{"href":"https:\/\/oresteberta.com\/en\/wp-json\/wp\/v2\/types\/product"}],"wp:featuredmedia":[{"embeddable":true,"href":"https:\/\/oresteberta.com\/en\/wp-json\/wp\/v2\/media\/539"}],"wp:attachment":[{"href":"https:\/\/oresteberta.com\/en\/wp-json\/wp\/v2\/media?parent=713"}],"wp:term":[{"taxonomy":"product_brand","embeddable":true,"href":"https:\/\/oresteberta.com\/en\/wp-json\/wp\/v2\/product_brand?post=713"},{"taxonomy":"product_cat","embeddable":true,"href":"https:\/\/oresteberta.com\/en\/wp-json\/wp\/v2\/product_cat?post=713"},{"taxonomy":"product_tag","embeddable":true,"href":"https:\/\/oresteberta.com\/en\/wp-json\/wp\/v2\/product_tag?post=713"}],"curies":[{"name":"wp","href":"https:\/\/api.w.org\/{rel}","templated":true}]}}