{"id":1712,"date":"2026-02-18T12:09:13","date_gmt":"2026-02-18T15:09:13","guid":{"rendered":"https:\/\/oresteberta.com\/?page_id=1712"},"modified":"2026-02-23T15:08:20","modified_gmt":"2026-02-23T18:08:20","slug":"novedades","status":"publish","type":"page","link":"https:\/\/oresteberta.com\/es\/novedades\/","title":{"rendered":"Novedades"},"content":{"rendered":"<p>[et_pb_section fb_built=&#8221;1&#8243; _builder_version=&#8221;4.27.5&#8243; _module_preset=&#8221;default&#8221; background_image=&#8221;https:\/\/oresteberta.com\/wp-content\/uploads\/2026\/02\/header-contacto.jpg&#8221; background_position=&#8221;top_center&#8221; custom_padding=&#8221;251px||259px||false|false&#8221; scroll_scaling=&#8221;0|50|50|100|100%|102%|107%&#8221; hover_enabled=&#8221;0&#8243; locked=&#8221;off&#8221; global_colors_info=&#8221;{}&#8221; title_text=&#8221;header-contacto&#8221; sticky_enabled=&#8221;0&#8243;][\/et_pb_section][et_pb_section fb_built=&#8221;1&#8243; _builder_version=&#8221;4.27.4&#8243; _module_preset=&#8221;default&#8221; custom_padding=&#8221;45px||171px||false|false&#8221; global_colors_info=&#8221;{}&#8221;][et_pb_row use_custom_gutter=&#8221;on&#8221; _builder_version=&#8221;4.27.4&#8243; _module_preset=&#8221;default&#8221; width_tablet=&#8221;70%&#8221; width_phone=&#8221;80%&#8221; width_last_edited=&#8221;on|phone&#8221; custom_margin=&#8221;17px|auto||auto|false|false&#8221; custom_padding=&#8221;29px|||||&#8221; global_colors_info=&#8221;{}&#8221;][et_pb_column type=&#8221;4_4&#8243; _builder_version=&#8221;4.27.4&#8243; _module_preset=&#8221;default&#8221; global_colors_info=&#8221;{}&#8221;][et_pb_divider color=&#8221;#4F8BB9&#8243; divider_weight=&#8221;2px&#8221; _builder_version=&#8221;4.27.4&#8243; _module_preset=&#8221;default&#8221; width=&#8221;30%&#8221; custom_margin=&#8221;25px||25px|||&#8221; animation_style=&#8221;slide&#8221; animation_direction=&#8221;left&#8221; animation_duration=&#8221;1650ms&#8221; animation_intensity_slide=&#8221;20%&#8221; locked=&#8221;off&#8221; global_colors_info=&#8221;{}&#8221;][\/et_pb_divider][et_pb_text _builder_version=&#8221;4.27.5&#8243; _module_preset=&#8221;default&#8221; header_2_font=&#8221;&#8211;et_global_heading_font|700|||||||&#8221; header_2_text_color=&#8221;#575756&#8243; header_2_font_size=&#8221;62px&#8221; header_2_line_height=&#8221;0.5em&#8221; header_3_font=&#8221;&#8211;et_global_heading_font|700|||||||&#8221; header_3_text_color=&#8221;#4F8BB9&#8243; header_3_font_size=&#8221;62px&#8221; header_2_font_size_tablet=&#8221;62px&#8221; header_2_font_size_phone=&#8221;40px&#8221; header_2_font_size_last_edited=&#8221;on|phone&#8221; header_3_font_size_tablet=&#8221;62px&#8221; header_3_font_size_phone=&#8221;40px&#8221; header_3_font_size_last_edited=&#8221;on|phone&#8221; locked=&#8221;off&#8221; global_colors_info=&#8221;{}&#8221;]<\/p>\n<h3>NOVEDADES<\/h3>\n<p>[\/et_pb_text][\/et_pb_column][\/et_pb_row][et_pb_row _builder_version=&#8221;4.27.5&#8243; _module_preset=&#8221;default&#8221; custom_margin=&#8221;55px||55px||true|false&#8221; global_colors_info=&#8221;{}&#8221;][et_pb_column type=&#8221;4_4&#8243; _builder_version=&#8221;4.27.5&#8243; _module_preset=&#8221;default&#8221; global_colors_info=&#8221;{}&#8221;][difl_postgrid posts_number=&#8221;12&#8243; column=&#8221;2&#8243; gutter=&#8221;70&#8243; equal_height=&#8221;on&#8221; item_background_bgcolor=&#8221;RGBA(255,255,255,0)&#8221; _builder_version=&#8221;4.27.5&#8243; _module_preset=&#8221;default&#8221; box_shadow_style_item_outer=&#8221;preset1&#8243; box_shadow_vertical_item_outer=&#8221;0px&#8221; box_shadow_blur_item_outer=&#8221;0px&#8221; global_colors_info=&#8221;{}&#8221; box_shadow_blur_item_outer__hover_enabled=&#8221;on|desktop&#8221; box_shadow_vertical_item_outer__hover_enabled=&#8221;on|hover&#8221; box_shadow_blur_item_outer__hover=&#8221;12px&#8221; box_shadow_vertical_item_outer__hover=&#8221;0px&#8221;][difl_postitem type=&#8221;image&#8221; overlay=&#8221;on&#8221; overlay_primary=&#8221;rgba(79,139,185,0.7)&#8221; overlay_secondary=&#8221;rgba(79,139,185,0.7)&#8221; overlay_icon=&#8221;on&#8221; overlay_font_icon=&#8221;&#x4c;||divi||400&#8243; overlay_icon_color=&#8221;#FFFFFF&#8221; _builder_version=&#8221;4.27.5&#8243; _module_preset=&#8221;default&#8221; global_colors_info=&#8221;{}&#8221;][\/difl_postitem][difl_postitem type=&#8221;title&#8221; title_tag=&#8221;h3&#8243; element_margin=&#8221;21px||||false|false&#8221; element_padding=&#8221;|20px||20px|false|true&#8221; element_padding_tablet=&#8221;|5px||5px|false|true&#8221; element_padding_phone=&#8221;|5px||5px|false|true&#8221; element_padding_last_edited=&#8221;on|desktop&#8221; _builder_version=&#8221;4.27.5&#8243; _module_preset=&#8221;default&#8221; post_font_style_font=&#8221;&#8211;et_global_body_font|500|||||||&#8221; post_font_style_text_align=&#8221;left&#8221; post_font_style_text_color=&#8221;#616160&#8243; post_font_style_font_size=&#8221;24px&#8221; post_font_style_letter_spacing=&#8221;0px&#8221; post_font_style_line_height=&#8221;1.3em&#8221; text_orientation=&#8221;center&#8221; post_font_style_font_size_tablet=&#8221;20px&#8221; post_font_style_font_size_phone=&#8221;14px&#8221; post_font_style_font_size_last_edited=&#8221;on|phone&#8221; global_colors_info=&#8221;{}&#8221;][\/difl_postitem][\/difl_postgrid][\/et_pb_column][\/et_pb_row][\/et_pb_section]<\/p>\n","protected":false},"excerpt":{"rendered":"<p>NOVEDADES<div class=\"et_pb_module difl_postgrid difl_postgrid_0\">\n\t\t\t\t\n\t\t\t\t\n\t\t\t\t\n\t\t\t\t\n\t\t\t\t\n\t\t\t\t\n\t\t\t\t<div class=\"et_pb_module_inner\">\n\t\t\t\t\t<div class=\"df_postgrid_container et_pb_ajax_pagination_container\" data-settings='{\"layout\":\"grid\"}'><div class=\"df-posts-wrap layout-grid\">                <article id=\"post-1919\" class=\"df-post-item v2 df-equal-height post-1919 post type-post status-publish format-standard has-post-thumbnail hentry category-uncategorized\">\r\n                    <div class=\"df-post-outer-wrap df-hover-trigger\" >\r\n                                                <div class=\"df-post-inner-wrap\">\r\n                            <div class=\"df-item-wrap df-post-image-wrap difl_postitem_0 \">\r\n                    <a class=\"df-hover-effect no-image-scale has_overlay\" href=\"https:\/\/oresteberta.com\/es\/hp-tuners-training-day-en-oreste-berta-s-a\/\"><img loading=\"lazy\" decoding=\"async\" src=\"https:\/\/oresteberta.com\/wp-content\/uploads\/2026\/03\/Servicio-Motorsport-Oreste-Berta-2-400x250.jpg\" alt=\"HP Tuners Training Day en Oreste Berta S.A.\" class=\"\" width=\"400\" height=\"250\" \/><span class=\"df-overlay\"><\/span><span class=\"df-icon-wrap\">\r\n                    <span class=\"df-icon-overlay df-fade-up\">&#x4c;<\/span>\r\n                <\/span><\/a>\r\n                <\/div><div class=\"df-item-wrap df-post-title-wrap difl_postitem_1 \">\r\n            \r\n            <h3 class=\"df-post-title\">\r\n                <a href=\"https:\/\/oresteberta.com\/es\/hp-tuners-training-day-en-oreste-berta-s-a\/\">\r\n                    HP Tuners Training Day en Oreste Berta S.A.\r\n                <\/a>\r\n            <\/h3>     \r\n        <\/div>                        <\/div>\r\n                    <\/div>\r\n                <\/article>\r\n                                <article id=\"post-1763\" class=\"df-post-item v2 df-equal-height post-1763 post type-post status-publish format-standard has-post-thumbnail hentry category-uncategorized tag-motec tag-noticias tag-oreste-berta\">\r\n                    <div class=\"df-post-outer-wrap df-hover-trigger\" >\r\n                                                <div class=\"df-post-inner-wrap\">\r\n                            <div class=\"df-item-wrap df-post-image-wrap difl_postitem_0 \">\r\n                    <a class=\"df-hover-effect no-image-scale has_overlay\" href=\"https:\/\/oresteberta.com\/es\/motec-by-berta-innovacion-electronica-para-el-automovilismo-de-elite\/\"><img loading=\"lazy\" decoding=\"async\" src=\"https:\/\/oresteberta.com\/wp-content\/uploads\/2026\/02\/hero-blog-2-400x250.jpg\" alt=\"MoTeC by BERTA: innovaci\u00f3n electr\u00f3nica para el automovilismo de elite\" class=\"\" width=\"400\" height=\"250\" \/><span class=\"df-overlay\"><\/span><span class=\"df-icon-wrap\">\r\n                    <span class=\"df-icon-overlay df-fade-up\">&#x4c;<\/span>\r\n                <\/span><\/a>\r\n                <\/div><div class=\"df-item-wrap df-post-title-wrap difl_postitem_1 \">\r\n            \r\n            <h3 class=\"df-post-title\">\r\n                <a href=\"https:\/\/oresteberta.com\/es\/motec-by-berta-innovacion-electronica-para-el-automovilismo-de-elite\/\">\r\n                    MoTeC by BERTA: innovaci\u00f3n electr\u00f3nica para el automovilismo de elite\r\n                <\/a>\r\n            <\/h3>     \r\n        <\/div>                        <\/div>\r\n                    <\/div>\r\n                <\/article>\r\n                                <article id=\"post-1710\" class=\"df-post-item v2 df-equal-height post-1710 post type-post status-publish format-standard has-post-thumbnail hentry category-noticias tag-motec tag-noticias tag-oreste-berta\">\r\n                    <div class=\"df-post-outer-wrap df-hover-trigger\" >\r\n                                                <div class=\"df-post-inner-wrap\">\r\n                            <div class=\"df-item-wrap df-post-image-wrap difl_postitem_0 \">\r\n                    <a class=\"df-hover-effect no-image-scale has_overlay\" href=\"https:\/\/oresteberta.com\/es\/motec-en-la-fortaleza-innovacion-global-en-gestion-electronica\/\"><img loading=\"lazy\" decoding=\"async\" src=\"https:\/\/oresteberta.com\/wp-content\/uploads\/2026\/02\/Motec-Hero-400x250.jpg\" alt=\"MoTeC\u00a0en La Fortaleza: innovaci\u00f3n global en gesti\u00f3n electr\u00f3nica\" class=\"\" width=\"400\" height=\"250\" \/><span class=\"df-overlay\"><\/span><span class=\"df-icon-wrap\">\r\n                    <span class=\"df-icon-overlay df-fade-up\">&#x4c;<\/span>\r\n                <\/span><\/a>\r\n                <\/div><div class=\"df-item-wrap df-post-title-wrap difl_postitem_1 \">\r\n            \r\n            <h3 class=\"df-post-title\">\r\n                <a href=\"https:\/\/oresteberta.com\/es\/motec-en-la-fortaleza-innovacion-global-en-gestion-electronica\/\">\r\n                    MoTeC\u00a0en La Fortaleza: innovaci\u00f3n global en gesti\u00f3n electr\u00f3nica\r\n                <\/a>\r\n            <\/h3>     \r\n        <\/div>                        <\/div>\r\n                    <\/div>\r\n                <\/article>\r\n                <\/div><\/div>\n\t\t\t\t<\/div>\n\t\t\t<\/div><\/p>\n","protected":false},"author":2,"featured_media":0,"parent":0,"menu_order":0,"comment_status":"closed","ping_status":"closed","template":"","meta":{"_acf_changed":false,"_et_pb_use_builder":"on","_et_pb_old_content":"<!-- wp:divi\/placeholder \/-->","_et_gb_content_width":"","footnotes":""},"difl_page_category":[],"class_list":["post-1712","page","type-page","status-publish","hentry"],"acf":[],"_links":{"self":[{"href":"https:\/\/oresteberta.com\/es\/wp-json\/wp\/v2\/pages\/1712","targetHints":{"allow":["GET"]}}],"collection":[{"href":"https:\/\/oresteberta.com\/es\/wp-json\/wp\/v2\/pages"}],"about":[{"href":"https:\/\/oresteberta.com\/es\/wp-json\/wp\/v2\/types\/page"}],"author":[{"embeddable":true,"href":"https:\/\/oresteberta.com\/es\/wp-json\/wp\/v2\/users\/2"}],"replies":[{"embeddable":true,"href":"https:\/\/oresteberta.com\/es\/wp-json\/wp\/v2\/comments?post=1712"}],"version-history":[{"count":9,"href":"https:\/\/oresteberta.com\/es\/wp-json\/wp\/v2\/pages\/1712\/revisions"}],"predecessor-version":[{"id":1848,"href":"https:\/\/oresteberta.com\/es\/wp-json\/wp\/v2\/pages\/1712\/revisions\/1848"}],"wp:attachment":[{"href":"https:\/\/oresteberta.com\/es\/wp-json\/wp\/v2\/media?parent=1712"}],"wp:term":[{"taxonomy":"difl_page_category","embeddable":true,"href":"https:\/\/oresteberta.com\/es\/wp-json\/wp\/v2\/difl_page_category?post=1712"}],"curies":[{"name":"wp","href":"https:\/\/api.w.org\/{rel}","templated":true}]}}