{"id":507,"date":"2026-01-02T08:23:10","date_gmt":"2026-01-02T11:23:10","guid":{"rendered":"https:\/\/oresteberta.com\/?post_type=product&#038;p=507"},"modified":"2026-01-02T08:23:20","modified_gmt":"2026-01-02T11:23:20","slug":"bomba-de-combustible-300-l-h","status":"publish","type":"product","link":"https:\/\/oresteberta.com\/es\/producto\/bomba-de-combustible-300-l-h\/","title":{"rendered":"Bomba de combustible 300 L\/H"},"content":{"rendered":"<p>Bomba <strong data-start=\"1026\" data-end=\"1058\">Bosch de 300 litros por hora<\/strong>, dise\u00f1ada para aplicaciones de mayor demanda como autos turboalimentados o aspirados de alto desempe\u00f1o. Entrega un caudal superior sin comprometer la presi\u00f3n, asegurando un suministro \u00f3ptimo de combustible en todo el rango de revoluciones. Construcci\u00f3n robusta y probada para condiciones extremas.<\/p>\n<p>&nbsp;<\/p>\n<p><a href=\"https:\/\/oresteberta.com\/wp-content\/uploads\/2024\/01\/BOMBA-DE-COMBUSTIBLE-BOSCH-300-LH-580464200-1.pdf\">DESCARGAR FICHA T\u00c9CNICA<\/a><\/p>\n","protected":false},"excerpt":{"rendered":"<p>Bomba Bosch de 300 litros por hora, dise\u00f1ada para aplicaciones de mayor demanda como autos turboalimentados o aspirados de alto desempe\u00f1o. Entrega un caudal superior sin comprometer la presi\u00f3n, asegurando un suministro \u00f3ptimo de combustible en todo el rango de revoluciones. Construcci\u00f3n robusta y probada para condiciones extremas. &nbsp; DESCARGAR FICHA T\u00c9CNICA<\/p>\n","protected":false},"featured_media":537,"template":"","meta":{"_acf_changed":false,"_et_pb_use_builder":"","_et_pb_old_content":"","_et_gb_content_width":""},"product_brand":[],"product_cat":[35,34],"product_tag":[36],"class_list":{"0":"post-507","1":"product","2":"type-product","3":"status-publish","4":"has-post-thumbnail","6":"product_cat-bombas-de-combustible","7":"product_cat-electronica","8":"product_tag-bosch","10":"first","11":"instock","12":"shipping-taxable","13":"product-type-simple"},"acf":[],"_links":{"self":[{"href":"https:\/\/oresteberta.com\/es\/wp-json\/wp\/v2\/product\/507","targetHints":{"allow":["GET"]}}],"collection":[{"href":"https:\/\/oresteberta.com\/es\/wp-json\/wp\/v2\/product"}],"about":[{"href":"https:\/\/oresteberta.com\/es\/wp-json\/wp\/v2\/types\/product"}],"wp:featuredmedia":[{"embeddable":true,"href":"https:\/\/oresteberta.com\/es\/wp-json\/wp\/v2\/media\/537"}],"wp:attachment":[{"href":"https:\/\/oresteberta.com\/es\/wp-json\/wp\/v2\/media?parent=507"}],"wp:term":[{"taxonomy":"product_brand","embeddable":true,"href":"https:\/\/oresteberta.com\/es\/wp-json\/wp\/v2\/product_brand?post=507"},{"taxonomy":"product_cat","embeddable":true,"href":"https:\/\/oresteberta.com\/es\/wp-json\/wp\/v2\/product_cat?post=507"},{"taxonomy":"product_tag","embeddable":true,"href":"https:\/\/oresteberta.com\/es\/wp-json\/wp\/v2\/product_tag?post=507"}],"curies":[{"name":"wp","href":"https:\/\/api.w.org\/{rel}","templated":true}]}}