{"id":514,"date":"2026-01-02T08:23:11","date_gmt":"2026-01-02T11:23:11","guid":{"rendered":"https:\/\/oresteberta.com\/?post_type=product&#038;p=514"},"modified":"2026-01-02T08:23:44","modified_gmt":"2026-01-02T11:23:44","slug":"plenum-de-admision-tn-c3","status":"publish","type":"product","link":"https:\/\/oresteberta.com\/es\/producto\/plenum-de-admision-tn-c3\/","title":{"rendered":"Plenum de admisi\u00f3n TN C3"},"content":{"rendered":"<p>El plenum est\u00e1 dise\u00f1ado con conductos y una c\u00e1mara de mayor volumen, as\u00ed como una forma optimizada para permitir un flujo de aire m\u00e1s r\u00e1pido y eficiente.<\/p>\n<p>&nbsp;<\/p>\n<p><a href=\"https:\/\/oresteberta.com\/wp-content\/uploads\/2024\/01\/PLENUM-DE-ADMISION-TN-C3-2.pdf\">DESCARGAR FICHA T\u00c9CNICA\u00a0<\/a><\/p>\n","protected":false},"excerpt":{"rendered":"<p>El plenum est\u00e1 dise\u00f1ado con conductos y una c\u00e1mara de mayor volumen, as\u00ed como una forma optimizada para permitir un flujo de aire m\u00e1s r\u00e1pido y eficiente. &nbsp; DESCARGAR FICHA T\u00c9CNICA\u00a0<\/p>\n","protected":false},"featured_media":559,"template":"","meta":{"_acf_changed":false,"_et_pb_use_builder":"","_et_pb_old_content":"","_et_gb_content_width":""},"product_brand":[],"product_cat":[41,42],"product_tag":[39,40],"class_list":{"0":"post-514","1":"product","2":"type-product","3":"status-publish","4":"has-post-thumbnail","6":"product_cat-admision","7":"product_cat-plenum-de-admision","8":"product_tag-tn","9":"product_tag-turismo-nacional","11":"first","12":"instock","13":"shipping-taxable","14":"product-type-simple"},"acf":[],"_links":{"self":[{"href":"https:\/\/oresteberta.com\/es\/wp-json\/wp\/v2\/product\/514","targetHints":{"allow":["GET"]}}],"collection":[{"href":"https:\/\/oresteberta.com\/es\/wp-json\/wp\/v2\/product"}],"about":[{"href":"https:\/\/oresteberta.com\/es\/wp-json\/wp\/v2\/types\/product"}],"wp:featuredmedia":[{"embeddable":true,"href":"https:\/\/oresteberta.com\/es\/wp-json\/wp\/v2\/media\/559"}],"wp:attachment":[{"href":"https:\/\/oresteberta.com\/es\/wp-json\/wp\/v2\/media?parent=514"}],"wp:term":[{"taxonomy":"product_brand","embeddable":true,"href":"https:\/\/oresteberta.com\/es\/wp-json\/wp\/v2\/product_brand?post=514"},{"taxonomy":"product_cat","embeddable":true,"href":"https:\/\/oresteberta.com\/es\/wp-json\/wp\/v2\/product_cat?post=514"},{"taxonomy":"product_tag","embeddable":true,"href":"https:\/\/oresteberta.com\/es\/wp-json\/wp\/v2\/product_tag?post=514"}],"curies":[{"name":"wp","href":"https:\/\/api.w.org\/{rel}","templated":true}]}}