{"id":524,"date":"2026-01-02T08:23:11","date_gmt":"2026-01-02T11:23:11","guid":{"rendered":"https:\/\/oresteberta.com\/?post_type=product&#038;p=524"},"modified":"2026-01-02T08:24:04","modified_gmt":"2026-01-02T11:24:04","slug":"motec-m800","status":"publish","type":"product","link":"https:\/\/oresteberta.com\/es\/producto\/motec-m800\/","title":{"rendered":"Motec M800"},"content":{"rendered":"<p>La MOTEC M800 es una ECU de competici\u00f3n vers\u00e1til y sofisticada, compatible con motores de hasta 12 cilindros y motores rotativos en varias configuraciones. Ofrece control avanzado de tecnolog\u00edas automotrices, como sincronizaci\u00f3n variable del \u00e1rbol de levas y accionamiento por cable del acelerador<\/p>\n<p>&nbsp;<\/p>\n<p><a href=\"https:\/\/oresteberta.com\/wp-content\/uploads\/2024\/01\/MOTEC-M800-2.pdf\">DESCARGAR FICHA T\u00c9CNICA<\/a><\/p>\n","protected":false},"excerpt":{"rendered":"<p>La MOTEC M800 es una ECU de competici\u00f3n vers\u00e1til y sofisticada, compatible con motores de hasta 12 cilindros y motores rotativos en varias configuraciones. Ofrece control avanzado de tecnolog\u00edas automotrices, como sincronizaci\u00f3n variable del \u00e1rbol de levas y accionamiento por cable del acelerador &nbsp; DESCARGAR FICHA T\u00c9CNICA<\/p>\n","protected":false},"featured_media":581,"template":"","meta":{"_acf_changed":false,"_et_pb_use_builder":"","_et_pb_old_content":"","_et_gb_content_width":""},"product_brand":[],"product_cat":[63,34],"product_tag":[64,62],"class_list":{"0":"post-524","1":"product","2":"type-product","3":"status-publish","4":"has-post-thumbnail","6":"product_cat-ecu-programables","7":"product_cat-electronica","8":"product_tag-ecu","9":"product_tag-motec","11":"first","12":"instock","13":"shipping-taxable","14":"product-type-simple"},"acf":[],"_links":{"self":[{"href":"https:\/\/oresteberta.com\/es\/wp-json\/wp\/v2\/product\/524","targetHints":{"allow":["GET"]}}],"collection":[{"href":"https:\/\/oresteberta.com\/es\/wp-json\/wp\/v2\/product"}],"about":[{"href":"https:\/\/oresteberta.com\/es\/wp-json\/wp\/v2\/types\/product"}],"wp:featuredmedia":[{"embeddable":true,"href":"https:\/\/oresteberta.com\/es\/wp-json\/wp\/v2\/media\/581"}],"wp:attachment":[{"href":"https:\/\/oresteberta.com\/es\/wp-json\/wp\/v2\/media?parent=524"}],"wp:term":[{"taxonomy":"product_brand","embeddable":true,"href":"https:\/\/oresteberta.com\/es\/wp-json\/wp\/v2\/product_brand?post=524"},{"taxonomy":"product_cat","embeddable":true,"href":"https:\/\/oresteberta.com\/es\/wp-json\/wp\/v2\/product_cat?post=524"},{"taxonomy":"product_tag","embeddable":true,"href":"https:\/\/oresteberta.com\/es\/wp-json\/wp\/v2\/product_tag?post=524"}],"curies":[{"name":"wp","href":"https:\/\/api.w.org\/{rel}","templated":true}]}}