{"id":553,"date":"2026-01-02T08:23:36","date_gmt":"2026-01-02T11:23:36","guid":{"rendered":"https:\/\/oresteberta.com\/?post_type=product&#038;p=553"},"modified":"2026-01-02T08:24:25","modified_gmt":"2026-01-02T11:24:25","slug":"filtro-de-aire-conico-largo","status":"publish","type":"product","link":"https:\/\/oresteberta.com\/es\/producto\/filtro-de-aire-conico-largo\/","title":{"rendered":"Filtro de aire c\u00f3nico largo"},"content":{"rendered":"<p>Permite un mayor flujo de aire hacia el motor, lo que resulta en una combusti\u00f3n m\u00e1s eficiente, una mejor aceleraci\u00f3n y un menor consumo de combustible.<\/p>\n<p>&nbsp;<\/p>\n<p><a href=\"https:\/\/oresteberta.com\/wp-content\/uploads\/2024\/01\/FILTRO-DE-AIRE-CONICO-LARGO-3.pdf\">DESCARGAR FICHA T\u00c9CNCIA<\/a><\/p>\n","protected":false},"excerpt":{"rendered":"<p>Permite un mayor flujo de aire hacia el motor, lo que resulta en una combusti\u00f3n m\u00e1s eficiente, una mejor aceleraci\u00f3n y un menor consumo de combustible. &nbsp; DESCARGAR FICHA T\u00c9CNCIA<\/p>\n","protected":false},"featured_media":618,"template":"","meta":{"_acf_changed":false,"_et_pb_use_builder":"","_et_pb_old_content":"","_et_gb_content_width":""},"product_brand":[],"product_cat":[41,75],"product_tag":[26,55],"class_list":{"0":"post-553","1":"product","2":"type-product","3":"status-publish","4":"has-post-thumbnail","6":"product_cat-admision","7":"product_cat-filtros-de-aire","8":"product_tag-pista","9":"product_tag-track-day","11":"first","12":"instock","13":"shipping-taxable","14":"product-type-simple"},"acf":[],"_links":{"self":[{"href":"https:\/\/oresteberta.com\/es\/wp-json\/wp\/v2\/product\/553","targetHints":{"allow":["GET"]}}],"collection":[{"href":"https:\/\/oresteberta.com\/es\/wp-json\/wp\/v2\/product"}],"about":[{"href":"https:\/\/oresteberta.com\/es\/wp-json\/wp\/v2\/types\/product"}],"wp:featuredmedia":[{"embeddable":true,"href":"https:\/\/oresteberta.com\/es\/wp-json\/wp\/v2\/media\/618"}],"wp:attachment":[{"href":"https:\/\/oresteberta.com\/es\/wp-json\/wp\/v2\/media?parent=553"}],"wp:term":[{"taxonomy":"product_brand","embeddable":true,"href":"https:\/\/oresteberta.com\/es\/wp-json\/wp\/v2\/product_brand?post=553"},{"taxonomy":"product_cat","embeddable":true,"href":"https:\/\/oresteberta.com\/es\/wp-json\/wp\/v2\/product_cat?post=553"},{"taxonomy":"product_tag","embeddable":true,"href":"https:\/\/oresteberta.com\/es\/wp-json\/wp\/v2\/product_tag?post=553"}],"curies":[{"name":"wp","href":"https:\/\/api.w.org\/{rel}","templated":true}]}}