{"id":599,"date":"2026-01-02T08:24:21","date_gmt":"2026-01-02T11:24:21","guid":{"rendered":"https:\/\/oresteberta.com\/?post_type=product&#038;p=599"},"modified":"2026-01-02T08:24:41","modified_gmt":"2026-01-02T11:24:41","slug":"sensor-tps","status":"publish","type":"product","link":"https:\/\/oresteberta.com\/es\/producto\/sensor-tps\/","title":{"rendered":"Sensor TPS"},"content":{"rendered":"<p>Los sensores TPS son esenciales en los sistemas de control del motor de veh\u00edculos, ya que monitorean la posici\u00f3n del acelerador y transmiten esta informaci\u00f3n a la ECU para ajustar la cantidad de combustible inyectado en el motor y controlar la potencia<\/p>\n<p>&nbsp;<\/p>\n<p><a href=\"https:\/\/oresteberta.com\/wp-content\/uploads\/2024\/01\/MAGENTI-MARELLI-SENSOR-TPS-1.pdf\">DESCARGAR FICHA T\u00c9CNICA<\/a><\/p>\n","protected":false},"excerpt":{"rendered":"<p>Los sensores TPS son esenciales en los sistemas de control del motor de veh\u00edculos, ya que monitorean la posici\u00f3n del acelerador y transmiten esta informaci\u00f3n a la ECU para ajustar la cantidad de combustible inyectado en el motor y controlar la potencia &nbsp; DESCARGAR FICHA T\u00c9CNICA<\/p>\n","protected":false},"featured_media":634,"template":"","meta":{"_acf_changed":false,"_et_pb_use_builder":"","_et_pb_old_content":"","_et_gb_content_width":""},"product_brand":[],"product_cat":[34,72],"product_tag":[],"class_list":{"0":"post-599","1":"product","2":"type-product","3":"status-publish","4":"has-post-thumbnail","6":"product_cat-electronica","7":"product_cat-sensores","9":"first","10":"instock","11":"shipping-taxable","12":"product-type-simple"},"acf":[],"_links":{"self":[{"href":"https:\/\/oresteberta.com\/es\/wp-json\/wp\/v2\/product\/599","targetHints":{"allow":["GET"]}}],"collection":[{"href":"https:\/\/oresteberta.com\/es\/wp-json\/wp\/v2\/product"}],"about":[{"href":"https:\/\/oresteberta.com\/es\/wp-json\/wp\/v2\/types\/product"}],"wp:featuredmedia":[{"embeddable":true,"href":"https:\/\/oresteberta.com\/es\/wp-json\/wp\/v2\/media\/634"}],"wp:attachment":[{"href":"https:\/\/oresteberta.com\/es\/wp-json\/wp\/v2\/media?parent=599"}],"wp:term":[{"taxonomy":"product_brand","embeddable":true,"href":"https:\/\/oresteberta.com\/es\/wp-json\/wp\/v2\/product_brand?post=599"},{"taxonomy":"product_cat","embeddable":true,"href":"https:\/\/oresteberta.com\/es\/wp-json\/wp\/v2\/product_cat?post=599"},{"taxonomy":"product_tag","embeddable":true,"href":"https:\/\/oresteberta.com\/es\/wp-json\/wp\/v2\/product_tag?post=599"}],"curies":[{"name":"wp","href":"https:\/\/api.w.org\/{rel}","templated":true}]}}