{"id":601,"date":"2026-01-02T08:24:22","date_gmt":"2026-01-02T11:24:22","guid":{"rendered":"https:\/\/oresteberta.com\/?post_type=product&#038;p=601"},"modified":"2026-01-02T08:24:53","modified_gmt":"2026-01-02T11:24:53","slug":"crique-hidraulico-3tn-pesado","status":"publish","type":"product","link":"https:\/\/oresteberta.com\/es\/producto\/crique-hidraulico-3tn-pesado\/","title":{"rendered":"Crique hidr\u00e1ulico 3tn pesado"},"content":{"rendered":"<p>Capacidad m\u00e1xima: 3 Toneladas<br \/>\nPeso: 30.7 Kg<br \/>\nAltura m\u00ednima: 130 mm.<br \/>\nAltura m\u00e1xima: 465 mm.<br \/>\nMedidas: 680 x 345 mm.<br \/>\nLargo de palanca: 1145 mm. (2 tramos)<br \/>\nSistema de doble pist\u00f3n, r\u00e1pido izaje<br \/>\nPosee v\u00e1lvula de seguridad por sobrecarga<\/p>\n","protected":false},"excerpt":{"rendered":"<p>Capacidad m\u00e1xima: 3 Toneladas Peso: 30.7 Kg Altura m\u00ednima: 130 mm. Altura m\u00e1xima: 465 mm. Medidas: 680 x 345 mm. Largo de palanca: 1145 mm. (2 tramos) Sistema de doble pist\u00f3n, r\u00e1pido izaje Posee v\u00e1lvula de seguridad por sobrecarga<\/p>\n","protected":false},"featured_media":649,"template":"","meta":{"_acf_changed":false,"_et_pb_use_builder":"","_et_pb_old_content":"","_et_gb_content_width":""},"product_brand":[],"product_cat":[86],"product_tag":[87,88,89],"class_list":{"0":"post-601","1":"product","2":"type-product","3":"status-publish","4":"has-post-thumbnail","6":"product_cat-herramientas","7":"product_tag-automotor","8":"product_tag-hamilton","9":"product_tag-herramientas","11":"first","12":"instock","13":"shipping-taxable","14":"product-type-simple"},"acf":[],"_links":{"self":[{"href":"https:\/\/oresteberta.com\/es\/wp-json\/wp\/v2\/product\/601","targetHints":{"allow":["GET"]}}],"collection":[{"href":"https:\/\/oresteberta.com\/es\/wp-json\/wp\/v2\/product"}],"about":[{"href":"https:\/\/oresteberta.com\/es\/wp-json\/wp\/v2\/types\/product"}],"wp:featuredmedia":[{"embeddable":true,"href":"https:\/\/oresteberta.com\/es\/wp-json\/wp\/v2\/media\/649"}],"wp:attachment":[{"href":"https:\/\/oresteberta.com\/es\/wp-json\/wp\/v2\/media?parent=601"}],"wp:term":[{"taxonomy":"product_brand","embeddable":true,"href":"https:\/\/oresteberta.com\/es\/wp-json\/wp\/v2\/product_brand?post=601"},{"taxonomy":"product_cat","embeddable":true,"href":"https:\/\/oresteberta.com\/es\/wp-json\/wp\/v2\/product_cat?post=601"},{"taxonomy":"product_tag","embeddable":true,"href":"https:\/\/oresteberta.com\/es\/wp-json\/wp\/v2\/product_tag?post=601"}],"curies":[{"name":"wp","href":"https:\/\/api.w.org\/{rel}","templated":true}]}}