{"id":607,"date":"2026-01-02T08:24:22","date_gmt":"2026-01-02T11:24:22","guid":{"rendered":"https:\/\/oresteberta.com\/?post_type=product&#038;p=607"},"modified":"2026-01-02T08:25:28","modified_gmt":"2026-01-02T11:25:28","slug":"compresor-de-aire-12v-hamilton","status":"publish","type":"product","link":"https:\/\/oresteberta.com\/es\/producto\/compresor-de-aire-12v-hamilton\/","title":{"rendered":"Compresor de aire 12v Hamilton"},"content":{"rendered":"<p>Cable de alimentaci\u00f3n a la bater\u00eda del auto de 3,1 m.<\/p>\n<p>Doble pist\u00f3n<\/p>\n<p>Apto para pelotas, autom\u00f3viles, bicicletas e inflables.<\/p>\n<p>Man\u00f3metro incluido<br \/>\nAmperaje m\u00e1ximo 18 A<br \/>\nFlujo de aire 35 l\/min<\/p>\n<p>Incluye:<\/p>\n<p>2 Pinzas para bater\u00eda<br \/>\n1 Bolso de transporte<br \/>\n4 Adaptadores de pico<br \/>\n1 manguera de 3,4 m<\/p>\n","protected":false},"excerpt":{"rendered":"<p>Cable de alimentaci\u00f3n a la bater\u00eda del auto de 3,1 m. Doble pist\u00f3n Apto para pelotas, autom\u00f3viles, bicicletas e inflables. Man\u00f3metro incluido Amperaje m\u00e1ximo 18 A Flujo de aire 35 l\/min Incluye: 2 Pinzas para bater\u00eda 1 Bolso de transporte 4 Adaptadores de pico 1 manguera de 3,4 m<\/p>\n","protected":false},"featured_media":680,"template":"","meta":{"_acf_changed":false,"_et_pb_use_builder":"","_et_pb_old_content":"","_et_gb_content_width":""},"product_brand":[],"product_cat":[86],"product_tag":[87,88,89],"class_list":{"0":"post-607","1":"product","2":"type-product","3":"status-publish","4":"has-post-thumbnail","6":"product_cat-herramientas","7":"product_tag-automotor","8":"product_tag-hamilton","9":"product_tag-herramientas","11":"first","12":"instock","13":"shipping-taxable","14":"product-type-simple"},"acf":[],"_links":{"self":[{"href":"https:\/\/oresteberta.com\/es\/wp-json\/wp\/v2\/product\/607","targetHints":{"allow":["GET"]}}],"collection":[{"href":"https:\/\/oresteberta.com\/es\/wp-json\/wp\/v2\/product"}],"about":[{"href":"https:\/\/oresteberta.com\/es\/wp-json\/wp\/v2\/types\/product"}],"wp:featuredmedia":[{"embeddable":true,"href":"https:\/\/oresteberta.com\/es\/wp-json\/wp\/v2\/media\/680"}],"wp:attachment":[{"href":"https:\/\/oresteberta.com\/es\/wp-json\/wp\/v2\/media?parent=607"}],"wp:term":[{"taxonomy":"product_brand","embeddable":true,"href":"https:\/\/oresteberta.com\/es\/wp-json\/wp\/v2\/product_brand?post=607"},{"taxonomy":"product_cat","embeddable":true,"href":"https:\/\/oresteberta.com\/es\/wp-json\/wp\/v2\/product_cat?post=607"},{"taxonomy":"product_tag","embeddable":true,"href":"https:\/\/oresteberta.com\/es\/wp-json\/wp\/v2\/product_tag?post=607"}],"curies":[{"name":"wp","href":"https:\/\/api.w.org\/{rel}","templated":true}]}}