{"id":615,"date":"2026-01-02T08:24:22","date_gmt":"2026-01-02T11:24:22","guid":{"rendered":"https:\/\/oresteberta.com\/?post_type=product&#038;p=615"},"modified":"2026-01-02T08:25:53","modified_gmt":"2026-01-02T11:25:53","slug":"bulon-de-biela-arp-l19-3-8","status":"publish","type":"product","link":"https:\/\/oresteberta.com\/es\/producto\/bulon-de-biela-arp-l19-3-8\/","title":{"rendered":"Bul\u00f3n de biela ARP L19 3\/8&#8243;"},"content":{"rendered":"<p data-start=\"220\" data-end=\"563\">El bul\u00f3n de biela ARP L19 3\/8&#8243; est\u00e1 desarrollado para aplicaciones de competencia extrema, donde se requieren niveles de resistencia superiores al ARP 2000. Fabricado con la aleaci\u00f3n L19, ofrece una resistencia a la tracci\u00f3n de hasta 260.000 psi, ideal para motores turboalimentados, de compresi\u00f3n elevada o con uso en drag racing.<\/p>\n<p data-start=\"565\" data-end=\"810\">El material L19 requiere condiciones de trabajo secas y controladas, ya que es sensible a la oxidaci\u00f3n. Gracias a su dise\u00f1o preciso y su comportamiento ante esfuerzos c\u00edclicos severos, es la opci\u00f3n elegida en armados profesionales de alto nivel.<\/p>\n","protected":false},"excerpt":{"rendered":"<p>El bul\u00f3n de biela ARP L19 3\/8&#8243; est\u00e1 desarrollado para aplicaciones de competencia extrema, donde se requieren niveles de resistencia superiores al ARP 2000. Fabricado con la aleaci\u00f3n L19, ofrece una resistencia a la tracci\u00f3n de hasta 260.000 psi, ideal para motores turboalimentados, de compresi\u00f3n elevada o con uso en drag racing. El material L19 [&hellip;]<\/p>\n","protected":false},"featured_media":705,"template":"","meta":{"_acf_changed":false,"_et_pb_use_builder":"","_et_pb_old_content":"","_et_gb_content_width":""},"product_brand":[],"product_cat":[98,97],"product_tag":[99,100,102,103],"class_list":{"0":"post-615","1":"product","2":"type-product","3":"status-publish","4":"has-post-thumbnail","6":"product_cat-bulones-de-biela","7":"product_cat-motor","8":"product_tag-alta-resistencia","9":"product_tag-arp","10":"product_tag-biela","11":"product_tag-motor","13":"first","14":"instock","15":"shipping-taxable","16":"product-type-simple"},"acf":[],"_links":{"self":[{"href":"https:\/\/oresteberta.com\/es\/wp-json\/wp\/v2\/product\/615","targetHints":{"allow":["GET"]}}],"collection":[{"href":"https:\/\/oresteberta.com\/es\/wp-json\/wp\/v2\/product"}],"about":[{"href":"https:\/\/oresteberta.com\/es\/wp-json\/wp\/v2\/types\/product"}],"wp:featuredmedia":[{"embeddable":true,"href":"https:\/\/oresteberta.com\/es\/wp-json\/wp\/v2\/media\/705"}],"wp:attachment":[{"href":"https:\/\/oresteberta.com\/es\/wp-json\/wp\/v2\/media?parent=615"}],"wp:term":[{"taxonomy":"product_brand","embeddable":true,"href":"https:\/\/oresteberta.com\/es\/wp-json\/wp\/v2\/product_brand?post=615"},{"taxonomy":"product_cat","embeddable":true,"href":"https:\/\/oresteberta.com\/es\/wp-json\/wp\/v2\/product_cat?post=615"},{"taxonomy":"product_tag","embeddable":true,"href":"https:\/\/oresteberta.com\/es\/wp-json\/wp\/v2\/product_tag?post=615"}],"curies":[{"name":"wp","href":"https:\/\/api.w.org\/{rel}","templated":true}]}}