{"id":616,"date":"2026-01-02T08:24:22","date_gmt":"2026-01-02T11:24:22","guid":{"rendered":"https:\/\/oresteberta.com\/?post_type=product&#038;p=616"},"modified":"2026-01-02T08:25:53","modified_gmt":"2026-01-02T11:25:53","slug":"bulon-de-biela-arp-l19-7-16","status":"publish","type":"product","link":"https:\/\/oresteberta.com\/es\/producto\/bulon-de-biela-arp-l19-7-16\/","title":{"rendered":"Bul\u00f3n de biela ARP L19 7\/16&#8243;"},"content":{"rendered":"<p data-start=\"1176\" data-end=\"1517\">Dise\u00f1ado para motores de competici\u00f3n de gran potencia, el bul\u00f3n ARP L19 7\/16&#8243; ofrece una resistencia superior a la del ARP 2000, con una tracci\u00f3n m\u00e1xima que supera los 260.000 psi. Es ideal para configuraciones que trabajan con elevadas fuerzas de inercia y cargas radiales extremas, aspirados o sobrealimentados.<\/p>\n<p data-start=\"1519\" data-end=\"1802\">Fabricado con estrictos controles de calidad, su precisi\u00f3n en el roscado y acabado superficial aseguran una distribuci\u00f3n de carga homog\u00e9nea y confiabilidad mec\u00e1nica. Su uso requiere atenci\u00f3n a la humedad, dado que el L19 es susceptible a la corrosi\u00f3n si no se almacena adecuadamente.<\/p>\n","protected":false},"excerpt":{"rendered":"<p>Dise\u00f1ado para motores de competici\u00f3n de gran potencia, el bul\u00f3n ARP L19 7\/16&#8243; ofrece una resistencia superior a la del ARP 2000, con una tracci\u00f3n m\u00e1xima que supera los 260.000 psi. Es ideal para configuraciones que trabajan con elevadas fuerzas de inercia y cargas radiales extremas, aspirados o sobrealimentados. Fabricado con estrictos controles de calidad, [&hellip;]<\/p>\n","protected":false},"featured_media":705,"template":"","meta":{"_acf_changed":false,"_et_pb_use_builder":"","_et_pb_old_content":"","_et_gb_content_width":""},"product_brand":[],"product_cat":[98,97],"product_tag":[99,100,102,103],"class_list":{"0":"post-616","1":"product","2":"type-product","3":"status-publish","4":"has-post-thumbnail","6":"product_cat-bulones-de-biela","7":"product_cat-motor","8":"product_tag-alta-resistencia","9":"product_tag-arp","10":"product_tag-biela","11":"product_tag-motor","13":"first","14":"instock","15":"shipping-taxable","16":"product-type-simple"},"acf":[],"_links":{"self":[{"href":"https:\/\/oresteberta.com\/es\/wp-json\/wp\/v2\/product\/616","targetHints":{"allow":["GET"]}}],"collection":[{"href":"https:\/\/oresteberta.com\/es\/wp-json\/wp\/v2\/product"}],"about":[{"href":"https:\/\/oresteberta.com\/es\/wp-json\/wp\/v2\/types\/product"}],"wp:featuredmedia":[{"embeddable":true,"href":"https:\/\/oresteberta.com\/es\/wp-json\/wp\/v2\/media\/705"}],"wp:attachment":[{"href":"https:\/\/oresteberta.com\/es\/wp-json\/wp\/v2\/media?parent=616"}],"wp:term":[{"taxonomy":"product_brand","embeddable":true,"href":"https:\/\/oresteberta.com\/es\/wp-json\/wp\/v2\/product_brand?post=616"},{"taxonomy":"product_cat","embeddable":true,"href":"https:\/\/oresteberta.com\/es\/wp-json\/wp\/v2\/product_cat?post=616"},{"taxonomy":"product_tag","embeddable":true,"href":"https:\/\/oresteberta.com\/es\/wp-json\/wp\/v2\/product_tag?post=616"}],"curies":[{"name":"wp","href":"https:\/\/api.w.org\/{rel}","templated":true}]}}