{"id":638,"date":"2026-01-02T08:24:45","date_gmt":"2026-01-02T11:24:45","guid":{"rendered":"https:\/\/oresteberta.com\/?post_type=product&#038;p=638"},"modified":"2026-01-02T08:25:56","modified_gmt":"2026-01-02T11:25:56","slug":"aros-npr-gnh-87-5-mm","status":"publish","type":"product","link":"https:\/\/oresteberta.com\/es\/producto\/aros-npr-gnh-87-5-mm\/","title":{"rendered":"Aros NPR GNH 87.5 mm"},"content":{"rendered":"<p>Con un di\u00e1metro de <strong data-start=\"1572\" data-end=\"1583\">87.5 mm<\/strong>, este set de aros NPR GNH es ideal para motores preparados para competici\u00f3n o mejora de performance. Su estructura reforzada garantiza mayor eficiencia de sellado, estabilidad t\u00e9rmica y resistencia a la fatiga mec\u00e1nica.<\/p>\n","protected":false},"excerpt":{"rendered":"<p>Con un di\u00e1metro de 87.5 mm, este set de aros NPR GNH es ideal para motores preparados para competici\u00f3n o mejora de performance. Su estructura reforzada garantiza mayor eficiencia de sellado, estabilidad t\u00e9rmica y resistencia a la fatiga mec\u00e1nica.<\/p>\n","protected":false},"featured_media":707,"template":"","meta":{"_acf_changed":false,"_et_pb_use_builder":"","_et_pb_old_content":"","_et_gb_content_width":""},"product_brand":[],"product_cat":[104,97],"product_tag":[105,26,79],"class_list":{"0":"post-638","1":"product","2":"type-product","3":"status-publish","4":"has-post-thumbnail","6":"product_cat-aros","7":"product_cat-motor","8":"product_tag-npr","9":"product_tag-pista","10":"product_tag-rally","12":"first","13":"instock","14":"shipping-taxable","15":"product-type-simple"},"acf":[],"_links":{"self":[{"href":"https:\/\/oresteberta.com\/es\/wp-json\/wp\/v2\/product\/638","targetHints":{"allow":["GET"]}}],"collection":[{"href":"https:\/\/oresteberta.com\/es\/wp-json\/wp\/v2\/product"}],"about":[{"href":"https:\/\/oresteberta.com\/es\/wp-json\/wp\/v2\/types\/product"}],"wp:featuredmedia":[{"embeddable":true,"href":"https:\/\/oresteberta.com\/es\/wp-json\/wp\/v2\/media\/707"}],"wp:attachment":[{"href":"https:\/\/oresteberta.com\/es\/wp-json\/wp\/v2\/media?parent=638"}],"wp:term":[{"taxonomy":"product_brand","embeddable":true,"href":"https:\/\/oresteberta.com\/es\/wp-json\/wp\/v2\/product_brand?post=638"},{"taxonomy":"product_cat","embeddable":true,"href":"https:\/\/oresteberta.com\/es\/wp-json\/wp\/v2\/product_cat?post=638"},{"taxonomy":"product_tag","embeddable":true,"href":"https:\/\/oresteberta.com\/es\/wp-json\/wp\/v2\/product_tag?post=638"}],"curies":[{"name":"wp","href":"https:\/\/api.w.org\/{rel}","templated":true}]}}