{"id":640,"date":"2026-01-02T08:24:45","date_gmt":"2026-01-02T11:24:45","guid":{"rendered":"https:\/\/oresteberta.com\/?post_type=product&#038;p=640"},"modified":"2026-01-02T08:25:57","modified_gmt":"2026-01-02T11:25:57","slug":"aceite-red-line-10w30-100-sintetico","status":"publish","type":"product","link":"https:\/\/oresteberta.com\/es\/producto\/aceite-red-line-10w30-100-sintetico\/","title":{"rendered":"Aceite Red Line 10W30 100% Sint\u00e9tico"},"content":{"rendered":"<p>Aceite sint\u00e9tico multigrado de alta performance, ideal para veh\u00edculos de competici\u00f3n y uso intensivo. Formulado con base de \u00e9ster poliol y alto contenido de zinc\/f\u00f3sforo (ZDDP), mejora la lubricaci\u00f3n y reduce la detonaci\u00f3n.<\/p>\n","protected":false},"excerpt":{"rendered":"<p>Aceite sint\u00e9tico multigrado de alta performance, ideal para veh\u00edculos de competici\u00f3n y uso intensivo. Formulado con base de \u00e9ster poliol y alto contenido de zinc\/f\u00f3sforo (ZDDP), mejora la lubricaci\u00f3n y reduce la detonaci\u00f3n.<\/p>\n","protected":false},"featured_media":708,"template":"","meta":{"_acf_changed":false,"_et_pb_use_builder":"","_et_pb_old_content":"","_et_gb_content_width":""},"product_brand":[],"product_cat":[106,50],"product_tag":[107,108,109],"class_list":{"0":"post-640","1":"product","2":"type-product","3":"status-publish","4":"has-post-thumbnail","6":"product_cat-aceite","7":"product_cat-lubricacion","8":"product_tag-aceite","9":"product_tag-lubricacion","10":"product_tag-red-line","12":"first","13":"instock","14":"shipping-taxable","15":"product-type-simple"},"acf":[],"_links":{"self":[{"href":"https:\/\/oresteberta.com\/es\/wp-json\/wp\/v2\/product\/640","targetHints":{"allow":["GET"]}}],"collection":[{"href":"https:\/\/oresteberta.com\/es\/wp-json\/wp\/v2\/product"}],"about":[{"href":"https:\/\/oresteberta.com\/es\/wp-json\/wp\/v2\/types\/product"}],"wp:featuredmedia":[{"embeddable":true,"href":"https:\/\/oresteberta.com\/es\/wp-json\/wp\/v2\/media\/708"}],"wp:attachment":[{"href":"https:\/\/oresteberta.com\/es\/wp-json\/wp\/v2\/media?parent=640"}],"wp:term":[{"taxonomy":"product_brand","embeddable":true,"href":"https:\/\/oresteberta.com\/es\/wp-json\/wp\/v2\/product_brand?post=640"},{"taxonomy":"product_cat","embeddable":true,"href":"https:\/\/oresteberta.com\/es\/wp-json\/wp\/v2\/product_cat?post=640"},{"taxonomy":"product_tag","embeddable":true,"href":"https:\/\/oresteberta.com\/es\/wp-json\/wp\/v2\/product_tag?post=640"}],"curies":[{"name":"wp","href":"https:\/\/api.w.org\/{rel}","templated":true}]}}