{"id":642,"date":"2026-01-02T08:24:45","date_gmt":"2026-01-02T11:24:45","guid":{"rendered":"https:\/\/oresteberta.com\/?post_type=product&#038;p=642"},"modified":"2026-01-02T08:26:00","modified_gmt":"2026-01-02T11:26:00","slug":"aceite-red-line-10w40-100-sintetico-40wt","status":"publish","type":"product","link":"https:\/\/oresteberta.com\/es\/producto\/aceite-red-line-10w40-100-sintetico-40wt\/","title":{"rendered":"Aceite Red Line 10W40 100% Sint\u00e9tico (40WT)"},"content":{"rendered":"<p>Aceite 40WT equivalente a 15W40, desarrollado para motores de competici\u00f3n como NASCAR y Stock Cars. Proporciona excelente protecci\u00f3n en condiciones extremas de temperatura y alto r\u00e9gimen, con m\u00ednima evaporaci\u00f3n y gran estabilidad t\u00e9rmica<\/p>\n","protected":false},"excerpt":{"rendered":"<p>Aceite 40WT equivalente a 15W40, desarrollado para motores de competici\u00f3n como NASCAR y Stock Cars. Proporciona excelente protecci\u00f3n en condiciones extremas de temperatura y alto r\u00e9gimen, con m\u00ednima evaporaci\u00f3n y gran estabilidad t\u00e9rmica<\/p>\n","protected":false},"featured_media":710,"template":"","meta":{"_acf_changed":false,"_et_pb_use_builder":"","_et_pb_old_content":"","_et_gb_content_width":""},"product_brand":[],"product_cat":[106,50],"product_tag":[107,108,109],"class_list":{"0":"post-642","1":"product","2":"type-product","3":"status-publish","4":"has-post-thumbnail","6":"product_cat-aceite","7":"product_cat-lubricacion","8":"product_tag-aceite","9":"product_tag-lubricacion","10":"product_tag-red-line","12":"first","13":"instock","14":"shipping-taxable","15":"product-type-simple"},"acf":[],"_links":{"self":[{"href":"https:\/\/oresteberta.com\/es\/wp-json\/wp\/v2\/product\/642","targetHints":{"allow":["GET"]}}],"collection":[{"href":"https:\/\/oresteberta.com\/es\/wp-json\/wp\/v2\/product"}],"about":[{"href":"https:\/\/oresteberta.com\/es\/wp-json\/wp\/v2\/types\/product"}],"wp:featuredmedia":[{"embeddable":true,"href":"https:\/\/oresteberta.com\/es\/wp-json\/wp\/v2\/media\/710"}],"wp:attachment":[{"href":"https:\/\/oresteberta.com\/es\/wp-json\/wp\/v2\/media?parent=642"}],"wp:term":[{"taxonomy":"product_brand","embeddable":true,"href":"https:\/\/oresteberta.com\/es\/wp-json\/wp\/v2\/product_brand?post=642"},{"taxonomy":"product_cat","embeddable":true,"href":"https:\/\/oresteberta.com\/es\/wp-json\/wp\/v2\/product_cat?post=642"},{"taxonomy":"product_tag","embeddable":true,"href":"https:\/\/oresteberta.com\/es\/wp-json\/wp\/v2\/product_tag?post=642"}],"curies":[{"name":"wp","href":"https:\/\/api.w.org\/{rel}","templated":true}]}}