{"id":644,"date":"2026-01-02T08:24:45","date_gmt":"2026-01-02T11:24:45","guid":{"rendered":"https:\/\/oresteberta.com\/?post_type=product&#038;p=644"},"modified":"2026-01-02T08:26:05","modified_gmt":"2026-01-02T11:26:05","slug":"aceite-suspension-red-line-30wt","status":"publish","type":"product","link":"https:\/\/oresteberta.com\/es\/producto\/aceite-suspension-red-line-30wt\/","title":{"rendered":"Aceite Suspensi\u00f3n Red Line 30WT"},"content":{"rendered":"<p>Aceite hidr\u00e1ulico para suspensiones de alta gama (tipo Penske, Ohlins, etc.), con baja formaci\u00f3n de espuma, alta estabilidad t\u00e9rmica y m\u00e1xima lubricidad. Recomendado para amortiguadores de competici\u00f3n en condiciones severas.<\/p>\n","protected":false},"excerpt":{"rendered":"<p>Aceite hidr\u00e1ulico para suspensiones de alta gama (tipo Penske, Ohlins, etc.), con baja formaci\u00f3n de espuma, alta estabilidad t\u00e9rmica y m\u00e1xima lubricidad. Recomendado para amortiguadores de competici\u00f3n en condiciones severas.<\/p>\n","protected":false},"featured_media":724,"template":"","meta":{"_acf_changed":false,"_et_pb_use_builder":"","_et_pb_old_content":"","_et_gb_content_width":""},"product_brand":[],"product_cat":[106,50],"product_tag":[108,109,111],"class_list":{"0":"post-644","1":"product","2":"type-product","3":"status-publish","4":"has-post-thumbnail","6":"product_cat-aceite","7":"product_cat-lubricacion","8":"product_tag-lubricacion","9":"product_tag-red-line","10":"product_tag-suspencion","12":"first","13":"instock","14":"shipping-taxable","15":"product-type-simple"},"acf":[],"_links":{"self":[{"href":"https:\/\/oresteberta.com\/es\/wp-json\/wp\/v2\/product\/644","targetHints":{"allow":["GET"]}}],"collection":[{"href":"https:\/\/oresteberta.com\/es\/wp-json\/wp\/v2\/product"}],"about":[{"href":"https:\/\/oresteberta.com\/es\/wp-json\/wp\/v2\/types\/product"}],"wp:featuredmedia":[{"embeddable":true,"href":"https:\/\/oresteberta.com\/es\/wp-json\/wp\/v2\/media\/724"}],"wp:attachment":[{"href":"https:\/\/oresteberta.com\/es\/wp-json\/wp\/v2\/media?parent=644"}],"wp:term":[{"taxonomy":"product_brand","embeddable":true,"href":"https:\/\/oresteberta.com\/es\/wp-json\/wp\/v2\/product_brand?post=644"},{"taxonomy":"product_cat","embeddable":true,"href":"https:\/\/oresteberta.com\/es\/wp-json\/wp\/v2\/product_cat?post=644"},{"taxonomy":"product_tag","embeddable":true,"href":"https:\/\/oresteberta.com\/es\/wp-json\/wp\/v2\/product_tag?post=644"}],"curies":[{"name":"wp","href":"https:\/\/api.w.org\/{rel}","templated":true}]}}