{"id":648,"date":"2026-01-02T08:24:45","date_gmt":"2026-01-02T11:24:45","guid":{"rendered":"https:\/\/oresteberta.com\/?post_type=product&#038;p=648"},"modified":"2026-01-02T08:26:10","modified_gmt":"2026-01-02T11:26:10","slug":"injepro-s8000","status":"publish","type":"product","link":"https:\/\/oresteberta.com\/es\/producto\/injepro-s8000\/","title":{"rendered":"InjePro S8000"},"content":{"rendered":"<p>La <strong data-start=\"1759\" data-end=\"1780\">ECU InjePro S8000<\/strong> es el modelo m\u00e1s completo de la l\u00ednea, compatible con motores de hasta 12 cilindros. Incluye m\u00faltiples mapas de inyecci\u00f3n y encendido, funciones de acelerador electr\u00f3nico, sistema de fail-safe, ajustes por sensor, conectividad avanzada y programaci\u00f3n a trav\u00e9s del software InjePro S8000. Ideal para competencias de media y alta complejidad, donde se requiere precisi\u00f3n extrema.<\/p>\n","protected":false},"excerpt":{"rendered":"<p>La ECU InjePro S8000 es el modelo m\u00e1s completo de la l\u00ednea, compatible con motores de hasta 12 cilindros. Incluye m\u00faltiples mapas de inyecci\u00f3n y encendido, funciones de acelerador electr\u00f3nico, sistema de fail-safe, ajustes por sensor, conectividad avanzada y programaci\u00f3n a trav\u00e9s del software InjePro S8000. Ideal para competencias de media y alta complejidad, donde [&hellip;]<\/p>\n","protected":false},"featured_media":728,"template":"","meta":{"_acf_changed":false,"_et_pb_use_builder":"","_et_pb_old_content":"","_et_gb_content_width":""},"product_brand":[],"product_cat":[63,34],"product_tag":[64,112],"class_list":{"0":"post-648","1":"product","2":"type-product","3":"status-publish","4":"has-post-thumbnail","6":"product_cat-ecu-programables","7":"product_cat-electronica","8":"product_tag-ecu","9":"product_tag-injepro","11":"first","12":"instock","13":"shipping-taxable","14":"product-type-simple"},"acf":[],"_links":{"self":[{"href":"https:\/\/oresteberta.com\/es\/wp-json\/wp\/v2\/product\/648","targetHints":{"allow":["GET"]}}],"collection":[{"href":"https:\/\/oresteberta.com\/es\/wp-json\/wp\/v2\/product"}],"about":[{"href":"https:\/\/oresteberta.com\/es\/wp-json\/wp\/v2\/types\/product"}],"wp:featuredmedia":[{"embeddable":true,"href":"https:\/\/oresteberta.com\/es\/wp-json\/wp\/v2\/media\/728"}],"wp:attachment":[{"href":"https:\/\/oresteberta.com\/es\/wp-json\/wp\/v2\/media?parent=648"}],"wp:term":[{"taxonomy":"product_brand","embeddable":true,"href":"https:\/\/oresteberta.com\/es\/wp-json\/wp\/v2\/product_brand?post=648"},{"taxonomy":"product_cat","embeddable":true,"href":"https:\/\/oresteberta.com\/es\/wp-json\/wp\/v2\/product_cat?post=648"},{"taxonomy":"product_tag","embeddable":true,"href":"https:\/\/oresteberta.com\/es\/wp-json\/wp\/v2\/product_tag?post=648"}],"curies":[{"name":"wp","href":"https:\/\/api.w.org\/{rel}","templated":true}]}}